{"id":62672,"date":"2025-09-05T10:35:49","date_gmt":"2025-09-05T09:35:49","guid":{"rendered":"https:\/\/ultrasfactory.com\/product\/mundo-cibernetico-c-hf2387s\/"},"modified":"2025-10-28T15:14:39","modified_gmt":"2025-10-28T14:14:39","slug":"mundo-cibernetico-c-hf2387s","status":"publish","type":"product","link":"https:\/\/ultrasfactory.com\/pt-pt\/product\/mundo-cibernetico-c-hf2387s\/","title":{"rendered":"Mundo cibern\u00e9tico C HF2387S"},"content":{"rendered":"<p><iframe loading=\"lazy\" title=\"Reprodutor de v\u00eddeo do YouTube\" src=\"https:\/\/www.youtube.com\/embed\/xPRYMSR4abk?si=hXlWnAUPVAjugTMS\" width=\"560\" height=\"315\" frameborder=\"0\" allowfullscreen=\"allowfullscreen\"><\/iframe><\/p>\n","protected":false},"excerpt":{"rendered":"<p data-start=\"1473\" data-end=\"1502\"><strong data-start=\"1473\" data-end=\"1500\">Mundo cibern\u00e9tico C (HF2387S)<\/strong><\/p>\n<ul data-start=\"1503\" data-end=\"1750\">\n<li data-start=\"1503\" data-end=\"1516\">\n<p data-start=\"1505\" data-end=\"1516\">Dispara: 20<\/p>\n<\/li>\n<li data-start=\"1517\" data-end=\"1535\">\n<p data-start=\"1519\" data-end=\"1535\">Calibre: 30 mm<\/p>\n<\/li>\n<li data-start=\"1536\" data-end=\"1615\">\n<p data-start=\"1538\" data-end=\"1615\">Efeitos: Cauda crepitante \u2192 salgueiro crepitante \u2192 vermelho, azul, verde, d\u00e1lia lim\u00e3o<\/p>\n<\/li>\n<li data-start=\"1616\" data-end=\"1635\">\n<p data-start=\"1618\" data-end=\"1635\">Dura\u00e7\u00e3o: ~20 s<\/p>\n<\/li>\n<li data-start=\"1636\" data-end=\"1654\">\n<p data-start=\"1638\" data-end=\"1654\">Som: &gt; 90 dB<\/p>\n<\/li>\n<li data-start=\"1655\" data-end=\"1695\">\n<p data-start=\"1657\" data-end=\"1695\">Classe: CE F2 (1.4G), disposi\u00e7\u00e3o dos efeitos I<\/p>\n<\/li>\n<li data-start=\"1696\" data-end=\"1750\">\n<p data-start=\"1698\" data-end=\"1750\">Ideal para finais r\u00e1pidos e coloridos ou espect\u00e1culos segmentados<\/p>\n<\/li>\n<li data-start=\"1696\" data-end=\"1750\">Liberta o <strong data-start=\"1805\" data-end=\"1822\">Cyber World C<\/strong> para um microespect\u00e1culo deslumbrante que acende estalos cor de cobre no c\u00e9u &#8211; depois floresce em salgueiros cintilantes antes de irromper em d\u00e1lias em tons de vermelho, azul, verde e lim\u00e3o. Em apenas 20 segundos, esta beleza de 20 disparos proporciona uma cor rica e um som explosivo (<x id=\"gid_1\"><\/x>90 dB), com um efeito de n\u00edvel profissional num formato compacto. Perfeito para momentos de pico, pequenos espect\u00e1culos ou como um final vibrante.  <\/li>\n<\/ul>\n","protected":false},"featured_media":62673,"comment_status":"closed","ping_status":"closed","template":"","meta":{"_acf_changed":false},"product_brand":[],"product_cat":[477,495],"product_tag":[],"class_list":{"0":"post-62672","1":"product","2":"type-product","3":"status-publish","4":"has-post-thumbnail","6":"product_cat-baterias","7":"product_cat-promocao","8":"pa_brandx-riakeo","10":"first","11":"instock","12":"sale","13":"taxable","14":"shipping-taxable","15":"purchasable","16":"product-type-simple"},"acf":[],"_links":{"self":[{"href":"https:\/\/ultrasfactory.com\/pt-pt\/wp-json\/wp\/v2\/product\/62672","targetHints":{"allow":["GET"]}}],"collection":[{"href":"https:\/\/ultrasfactory.com\/pt-pt\/wp-json\/wp\/v2\/product"}],"about":[{"href":"https:\/\/ultrasfactory.com\/pt-pt\/wp-json\/wp\/v2\/types\/product"}],"replies":[{"embeddable":true,"href":"https:\/\/ultrasfactory.com\/pt-pt\/wp-json\/wp\/v2\/comments?post=62672"}],"wp:featuredmedia":[{"embeddable":true,"href":"https:\/\/ultrasfactory.com\/pt-pt\/wp-json\/wp\/v2\/media\/62673"}],"wp:attachment":[{"href":"https:\/\/ultrasfactory.com\/pt-pt\/wp-json\/wp\/v2\/media?parent=62672"}],"wp:term":[{"taxonomy":"product_brand","embeddable":true,"href":"https:\/\/ultrasfactory.com\/pt-pt\/wp-json\/wp\/v2\/product_brand?post=62672"},{"taxonomy":"product_cat","embeddable":true,"href":"https:\/\/ultrasfactory.com\/pt-pt\/wp-json\/wp\/v2\/product_cat?post=62672"},{"taxonomy":"product_tag","embeddable":true,"href":"https:\/\/ultrasfactory.com\/pt-pt\/wp-json\/wp\/v2\/product_tag?post=62672"}],"curies":[{"name":"wp","href":"https:\/\/api.w.org\/{rel}","templated":true}]}}