{"id":62675,"date":"2025-09-05T10:38:20","date_gmt":"2025-09-05T09:38:20","guid":{"rendered":"https:\/\/ultrasfactory.com\/product\/mundo-cibernetico-d-hf2391s\/"},"modified":"2025-10-28T15:14:40","modified_gmt":"2025-10-28T14:14:40","slug":"mundo-cibernetico-d-hf2391s","status":"publish","type":"product","link":"https:\/\/ultrasfactory.com\/pt-pt\/product\/mundo-cibernetico-d-hf2391s\/","title":{"rendered":"Mundo cibern\u00e9tico D HF2391S"},"content":{"rendered":"<p><iframe loading=\"lazy\" title=\"Reprodutor de v\u00eddeo do YouTube\" src=\"https:\/\/www.youtube.com\/embed\/rnJUqeMUEGU?si=PQU6oGYeXpvLpWIt\" width=\"560\" height=\"315\" frameborder=\"0\" allowfullscreen=\"allowfullscreen\"><\/iframe><\/p>\n","protected":false},"excerpt":{"rendered":"<ul>\n<li data-start=\"1086\" data-end=\"1099\">\n<p data-start=\"1088\" data-end=\"1099\">Dispara: 20<\/p>\n<\/li>\n<li data-start=\"1100\" data-end=\"1184\">\n<p data-start=\"1102\" data-end=\"1184\">Sequ\u00eancia de efeitos: Caudas girat\u00f3rias douradas \u2192 piscas vermelhas \u2192 nuvens douradas crepitantes<\/p>\n<\/li>\n<li data-start=\"1185\" data-end=\"1219\">\n<p data-start=\"1187\" data-end=\"1219\">Classifica\u00e7\u00e3o: CE F2<\/p>\n<\/li>\n<li data-start=\"1220\" data-end=\"1287\">\n<p data-start=\"1222\" data-end=\"1287\">Compacto mas com impacto, ideal para momentos de espet\u00e1culo curtos mas memor\u00e1veis<\/p>\n<\/li>\n<li data-start=\"1220\" data-end=\"1287\">Acende o <strong data-start=\"1338\" data-end=\"1355\">Cyber World D<\/strong> e v\u00ea as caudas girat\u00f3rias douradas rodopiarem no c\u00e9u noturno antes de irromperem em piscas vermelhos v\u00edvidos &#8211; e depois explodirem em nuvens crepitantes douradas luminosas. Esta pot\u00eancia de 20 disparos \u00e9 feita \u00e0 medida para finais de alta energia ou destaques em qualquer espet\u00e1culo de fogo de artif\u00edcio. <\/li>\n<\/ul>\n","protected":false},"featured_media":62674,"comment_status":"closed","ping_status":"closed","template":"","meta":{"_acf_changed":false},"product_brand":[],"product_cat":[477,495],"product_tag":[],"class_list":{"0":"post-62675","1":"product","2":"type-product","3":"status-publish","4":"has-post-thumbnail","6":"product_cat-baterias","7":"product_cat-promocao","8":"pa_brandx-riakeo","10":"first","11":"instock","12":"sale","13":"taxable","14":"shipping-taxable","15":"purchasable","16":"product-type-simple"},"acf":[],"_links":{"self":[{"href":"https:\/\/ultrasfactory.com\/pt-pt\/wp-json\/wp\/v2\/product\/62675","targetHints":{"allow":["GET"]}}],"collection":[{"href":"https:\/\/ultrasfactory.com\/pt-pt\/wp-json\/wp\/v2\/product"}],"about":[{"href":"https:\/\/ultrasfactory.com\/pt-pt\/wp-json\/wp\/v2\/types\/product"}],"replies":[{"embeddable":true,"href":"https:\/\/ultrasfactory.com\/pt-pt\/wp-json\/wp\/v2\/comments?post=62675"}],"wp:featuredmedia":[{"embeddable":true,"href":"https:\/\/ultrasfactory.com\/pt-pt\/wp-json\/wp\/v2\/media\/62674"}],"wp:attachment":[{"href":"https:\/\/ultrasfactory.com\/pt-pt\/wp-json\/wp\/v2\/media?parent=62675"}],"wp:term":[{"taxonomy":"product_brand","embeddable":true,"href":"https:\/\/ultrasfactory.com\/pt-pt\/wp-json\/wp\/v2\/product_brand?post=62675"},{"taxonomy":"product_cat","embeddable":true,"href":"https:\/\/ultrasfactory.com\/pt-pt\/wp-json\/wp\/v2\/product_cat?post=62675"},{"taxonomy":"product_tag","embeddable":true,"href":"https:\/\/ultrasfactory.com\/pt-pt\/wp-json\/wp\/v2\/product_tag?post=62675"}],"curies":[{"name":"wp","href":"https:\/\/api.w.org\/{rel}","templated":true}]}}