{"id":62676,"date":"2025-09-05T10:42:01","date_gmt":"2025-09-05T09:42:01","guid":{"rendered":"https:\/\/ultrasfactory.com\/product\/inferno-burst-hqc108s\/"},"modified":"2025-10-28T15:14:40","modified_gmt":"2025-10-28T14:14:40","slug":"inferno-burst-hqc108s","status":"publish","type":"product","link":"https:\/\/ultrasfactory.com\/pt-pt\/product\/inferno-burst-hqc108s\/","title":{"rendered":"Inferno Burst HQC108S"},"content":{"rendered":"<p><iframe loading=\"lazy\" title=\"Reprodutor de v\u00eddeo do YouTube\" src=\"https:\/\/www.youtube.com\/embed\/kbQCu--P8oM?si=-0y5oa2yinyy740h\" width=\"560\" height=\"315\" frameborder=\"0\" allowfullscreen=\"allowfullscreen\"><\/iframe><\/p>\n","protected":false},"excerpt":{"rendered":"<ul>\n<li data-start=\"2019\" data-end=\"2033\">\n<p data-start=\"2021\" data-end=\"2033\">Dispara: 108<\/p>\n<\/li>\n<li data-start=\"2034\" data-end=\"2061\">\n<p data-start=\"2036\" data-end=\"2061\">Calibre: Misto 25\/30 mm<\/p>\n<\/li>\n<li data-start=\"2062\" data-end=\"2080\">\n<p data-start=\"2064\" data-end=\"2080\">NEC: ~1986,9 g<\/p>\n<\/li>\n<li data-start=\"2081\" data-end=\"2115\">\n<p data-start=\"2083\" data-end=\"2115\">Classifica\u00e7\u00e3o: CE F2, UN 1.3G<\/p>\n<\/li>\n<li data-start=\"2116\" data-end=\"2284\">\n<p data-start=\"2118\" data-end=\"2126\">Efeitos:<\/p>\n<ul data-start=\"2129\" data-end=\"2284\">\n<li data-start=\"2129\" data-end=\"2166\">\n<p data-start=\"2131\" data-end=\"2166\">Estrobosc\u00f3pios mistos, minas, rabos de coco<\/p>\n<\/li>\n<li data-start=\"2169\" data-end=\"2205\">\n<p data-start=\"2171\" data-end=\"2205\">Explos\u00f5es de ouro tit\u00e2nio e hort\u00eansia<\/p>\n<\/li>\n<li data-start=\"2208\" data-end=\"2246\">\n<p data-start=\"2210\" data-end=\"2246\">Cometas de cor e efeitos de cris\u00e2ntemo<\/p>\n<\/li>\n<li data-start=\"2249\" data-end=\"2284\">\n<p data-start=\"2251\" data-end=\"2284\">Padr\u00f5es de flores e salgueiros<\/p>\n<\/li>\n<\/ul>\n<\/li>\n<li data-start=\"2285\" data-end=\"2353\">\n<p data-start=\"2287\" data-end=\"2353\">Ideal para finais de grande impacto e ritmo acelerado ou efeitos de espect\u00e1culos compostos<\/p>\n<\/li>\n<li data-start=\"2285\" data-end=\"2353\">Liberta o <strong data-start=\"2400\" data-end=\"2417\">Inferno Burst &#8211; um<\/strong>inferno de 108 disparos que incendeia os c\u00e9us com chamas estrobosc\u00f3picas, doss\u00e9is dourados, flores de hort\u00eansia, rastos de cometas e ondas de flores cintilantes. Constru\u00edda para os mais ousados, esta pot\u00eancia ganha for\u00e7a com efeitos em camadas e em cascata, proporcionando um espet\u00e1culo clim\u00e1tico que te prende at\u00e9 \u00e0 \u00faltima explos\u00e3o. <\/li>\n<\/ul>\n","protected":false},"featured_media":60944,"comment_status":"closed","ping_status":"closed","template":"","meta":{"_acf_changed":false},"product_brand":[],"product_cat":[477,495],"product_tag":[],"class_list":{"0":"post-62676","1":"product","2":"type-product","3":"status-publish","4":"has-post-thumbnail","6":"product_cat-baterias","7":"product_cat-promocao","8":"pa_brandx-pyro-shine","10":"first","11":"instock","12":"sale","13":"taxable","14":"shipping-taxable","15":"purchasable","16":"product-type-simple"},"acf":[],"_links":{"self":[{"href":"https:\/\/ultrasfactory.com\/pt-pt\/wp-json\/wp\/v2\/product\/62676","targetHints":{"allow":["GET"]}}],"collection":[{"href":"https:\/\/ultrasfactory.com\/pt-pt\/wp-json\/wp\/v2\/product"}],"about":[{"href":"https:\/\/ultrasfactory.com\/pt-pt\/wp-json\/wp\/v2\/types\/product"}],"replies":[{"embeddable":true,"href":"https:\/\/ultrasfactory.com\/pt-pt\/wp-json\/wp\/v2\/comments?post=62676"}],"wp:featuredmedia":[{"embeddable":true,"href":"https:\/\/ultrasfactory.com\/pt-pt\/wp-json\/wp\/v2\/media\/60944"}],"wp:attachment":[{"href":"https:\/\/ultrasfactory.com\/pt-pt\/wp-json\/wp\/v2\/media?parent=62676"}],"wp:term":[{"taxonomy":"product_brand","embeddable":true,"href":"https:\/\/ultrasfactory.com\/pt-pt\/wp-json\/wp\/v2\/product_brand?post=62676"},{"taxonomy":"product_cat","embeddable":true,"href":"https:\/\/ultrasfactory.com\/pt-pt\/wp-json\/wp\/v2\/product_cat?post=62676"},{"taxonomy":"product_tag","embeddable":true,"href":"https:\/\/ultrasfactory.com\/pt-pt\/wp-json\/wp\/v2\/product_tag?post=62676"}],"curies":[{"name":"wp","href":"https:\/\/api.w.org\/{rel}","templated":true}]}}