{"id":62678,"date":"2025-08-22T10:13:35","date_gmt":"2025-08-22T09:13:35","guid":{"rendered":"https:\/\/ultrasfactory.com\/product\/tiger-riakeo-20-tiros-30mm-hf2246\/"},"modified":"2025-10-28T15:14:51","modified_gmt":"2025-10-28T14:14:51","slug":"tiger-riakeo-20-tiros-30mm-hf2246","status":"publish","type":"product","link":"https:\/\/ultrasfactory.com\/pt-pt\/product\/tiger-riakeo-20-tiros-30mm-hf2246\/","title":{"rendered":"Tiger Riakeo 20 tiros 30mm HF2246"},"content":{"rendered":"<h3 data-start=\"523\" data-end=\"579\">Riakeo HF-2246 &#8220;Tiger&#8221; &#8211; Bolo de 20 tiros de 30 mm<\/h3>\n<p data-start=\"580\" data-end=\"818\">O <strong data-start=\"584\" data-end=\"593\">Tiger<\/strong> da Riakeo \u00e9 um bolo din\u00e2mico em forma de leque concebido para exibi\u00e7\u00f5es curtas mas espectaculares. Com <strong data-start=\"683\" data-end=\"710\">20 potentes disparos de 30 mm<\/strong> e cerca de <strong data-start=\"722\" data-end=\"735\">440 g de NEC<\/strong>, este fogo de artif\u00edcio cria um espet\u00e1culo audacioso e de grande amplitude que dura cerca de <strong data-start=\"801\" data-end=\"815\">18 segundos<\/strong>. <\/p>\n<p data-start=\"820\" data-end=\"1072\">Espera <strong data-start=\"827\" data-end=\"899\">coroas douradas intensas, explos\u00f5es coloridas de d\u00e1lias e efeitos crepitantes<\/strong>, dispostos em leque para uma cobertura visual m\u00e1xima. O seu ritmo r\u00e1pido e efeitos fortes tornam-no ideal como <strong data-start=\"1008\" data-end=\"1030\">pe\u00e7a de grand finale<\/strong> ou como destaque em qualquer espet\u00e1culo de fogo de artif\u00edcio. <\/p>\n","protected":false},"excerpt":{"rendered":"<ul>\n<li data-start=\"1097\" data-end=\"1110\">\n<p data-start=\"1099\" data-end=\"1110\">Dispara: 20<\/p>\n<\/li>\n<li data-start=\"1111\" data-end=\"1129\">\n<p data-start=\"1113\" data-end=\"1129\">Calibre: 30 mm<\/p>\n<\/li>\n<li data-start=\"1130\" data-end=\"1145\">\n<p data-start=\"1132\" data-end=\"1145\">NEC: ~440 g<\/p>\n<\/li>\n<li data-start=\"1146\" data-end=\"1165\">\n<p data-start=\"1148\" data-end=\"1165\">Dura\u00e7\u00e3o: ~18 s<\/p>\n<\/li>\n<li data-start=\"1166\" data-end=\"1191\">\n<p data-start=\"1168\" data-end=\"1191\">Padr\u00e3o: Leque (angular)<\/p>\n<\/li>\n<li data-start=\"1192\" data-end=\"1222\">\n<p data-start=\"1194\" data-end=\"1222\">Categoria: CE F2 | 1.3G ADR<\/p>\n<\/li>\n<\/ul>\n","protected":false},"featured_media":62680,"comment_status":"closed","ping_status":"closed","template":"","meta":{"_acf_changed":false},"product_brand":[],"product_cat":[477,495],"product_tag":[],"class_list":{"0":"post-62678","1":"product","2":"type-product","3":"status-publish","4":"has-post-thumbnail","6":"product_cat-baterias","7":"product_cat-promocao","9":"first","10":"instock","11":"sale","12":"taxable","13":"shipping-taxable","14":"purchasable","15":"product-type-simple"},"acf":[],"_links":{"self":[{"href":"https:\/\/ultrasfactory.com\/pt-pt\/wp-json\/wp\/v2\/product\/62678","targetHints":{"allow":["GET"]}}],"collection":[{"href":"https:\/\/ultrasfactory.com\/pt-pt\/wp-json\/wp\/v2\/product"}],"about":[{"href":"https:\/\/ultrasfactory.com\/pt-pt\/wp-json\/wp\/v2\/types\/product"}],"replies":[{"embeddable":true,"href":"https:\/\/ultrasfactory.com\/pt-pt\/wp-json\/wp\/v2\/comments?post=62678"}],"wp:featuredmedia":[{"embeddable":true,"href":"https:\/\/ultrasfactory.com\/pt-pt\/wp-json\/wp\/v2\/media\/62680"}],"wp:attachment":[{"href":"https:\/\/ultrasfactory.com\/pt-pt\/wp-json\/wp\/v2\/media?parent=62678"}],"wp:term":[{"taxonomy":"product_brand","embeddable":true,"href":"https:\/\/ultrasfactory.com\/pt-pt\/wp-json\/wp\/v2\/product_brand?post=62678"},{"taxonomy":"product_cat","embeddable":true,"href":"https:\/\/ultrasfactory.com\/pt-pt\/wp-json\/wp\/v2\/product_cat?post=62678"},{"taxonomy":"product_tag","embeddable":true,"href":"https:\/\/ultrasfactory.com\/pt-pt\/wp-json\/wp\/v2\/product_tag?post=62678"}],"curies":[{"name":"wp","href":"https:\/\/api.w.org\/{rel}","templated":true}]}}