{"id":62682,"date":"2025-08-22T10:51:33","date_gmt":"2025-08-22T09:51:33","guid":{"rendered":"https:\/\/ultrasfactory.com\/product\/riakeo-poseidon-hf-48-2347s\/"},"modified":"2025-10-28T15:14:51","modified_gmt":"2025-10-28T14:14:51","slug":"riakeo-poseidon-hf-48-2347s","status":"publish","type":"product","link":"https:\/\/ultrasfactory.com\/pt-pt\/product\/riakeo-poseidon-hf-48-2347s\/","title":{"rendered":"Riakeo Poseidon HF-48-2347S"},"content":{"rendered":"<h3 data-start=\"893\" data-end=\"960\"><strong data-start=\"897\" data-end=\"960\">Riakeo HF-48-2347S &#8220;Poseidon&#8221; &#8211; Bolo composto de 30 mm com 48 disparos<\/strong><\/h3>\n<p data-start=\"962\" data-end=\"1041\"><span class=\"relative -mx-px my-[-0.2rem] rounded px-px py-[0.2rem] transition-colors duration-100 ease-in-out\">Liberta o poder do mar com o <strong data-start=\"34\" data-end=\"46\">Poseidon<\/strong>, um robusto bolo composto de 48 disparos da Riakeo. A sua mistura de tubos rectos e em leque proporciona um espet\u00e1culo visual em camadas com ~978 g de NEC numa performance dram\u00e1tica de ~50 segundos. Espera caudas de coco douradas com transi\u00e7\u00e3o para salgueiro dourado com explos\u00f5es de lim\u00e3o, azul-celeste e d\u00e1lia roxa, seguidas de caudas estrobosc\u00f3picas super vermelhas para salgueiro dourado com efeitos de ameixa vermelha. Certificado como <g id=\"gid_1\">CE F2 \/ ADR 1.4G<\/g>, oferece impacto e seguran\u00e7a. Ideal para finais de quintal, eventos ou como destaque aut\u00f3nomo.    <\/span><\/p>\n","protected":false},"excerpt":{"rendered":"<ul>\n<li data-start=\"171\" data-end=\"188\">\n<p data-start=\"173\" data-end=\"188\"><strong data-start=\"173\" data-end=\"182\">Dispara<\/strong>: 48<\/p>\n<\/li>\n<li data-start=\"189\" data-end=\"230\">\n<p data-start=\"191\" data-end=\"230\"><span class=\"relative -mx-px my-[-0.2rem] rounded px-px py-[0.2rem] transition-colors duration-100 ease-in-out\"><strong data-start=\"0\" data-end=\"11\" data-is-only-node=\"\">Calibre<\/strong>: 30 mm<\/span><\/p>\n<\/li>\n<li data-start=\"231\" data-end=\"310\">\n<p data-start=\"233\" data-end=\"310\"><span class=\"relative -mx-px my-[-0.2rem] rounded px-px py-[0.2rem] transition-colors duration-100 ease-in-out\"><strong data-start=\"0\" data-end=\"7\" data-is-only-node=\"\">NEC<\/strong>: aprox. 978 g <\/span><\/p>\n<\/li>\n<li data-start=\"311\" data-end=\"390\">\n<p data-start=\"313\" data-end=\"390\"><span class=\"relative -mx-px my-[-0.2rem] rounded px-px py-[0.2rem] transition-colors duration-100 ease-in-out\"><strong data-start=\"0\" data-end=\"12\" data-is-only-node=\"\">Dura\u00e7\u00e3o<\/strong>: ~50 segundos<\/span><\/p>\n<\/li>\n<li data-start=\"391\" data-end=\"470\">\n<p data-start=\"393\" data-end=\"470\"><span class=\"relative -mx-px my-[-0.2rem] rounded px-px py-[0.2rem] transition-colors duration-100 ease-in-out\"><strong data-start=\"0\" data-end=\"19\" data-is-only-node=\"\">Padr\u00e3o de efeitos<\/strong>: Bateria composta com formas rectas e em leque<\/span><\/p>\n<\/li>\n<li data-start=\"471\" data-end=\"550\">\n<p data-start=\"473\" data-end=\"550\"><span class=\"relative -mx-px my-[-0.2rem] rounded px-px py-[0.2rem] transition-colors duration-100 ease-in-out\"><strong data-start=\"0\" data-end=\"12\" data-is-only-node=\"\">Categoria<\/strong>: CE F2 \/ ADR 1.4G<\/span><\/p>\n<\/li>\n<\/ul>\n","protected":false},"featured_media":62683,"comment_status":"closed","ping_status":"closed","template":"","meta":{"_acf_changed":false},"product_brand":[],"product_cat":[477,495],"product_tag":[],"class_list":{"0":"post-62682","1":"product","2":"type-product","3":"status-publish","4":"has-post-thumbnail","6":"product_cat-baterias","7":"product_cat-promocao","9":"first","10":"instock","11":"sale","12":"taxable","13":"shipping-taxable","14":"purchasable","15":"product-type-simple"},"acf":[],"_links":{"self":[{"href":"https:\/\/ultrasfactory.com\/pt-pt\/wp-json\/wp\/v2\/product\/62682","targetHints":{"allow":["GET"]}}],"collection":[{"href":"https:\/\/ultrasfactory.com\/pt-pt\/wp-json\/wp\/v2\/product"}],"about":[{"href":"https:\/\/ultrasfactory.com\/pt-pt\/wp-json\/wp\/v2\/types\/product"}],"replies":[{"embeddable":true,"href":"https:\/\/ultrasfactory.com\/pt-pt\/wp-json\/wp\/v2\/comments?post=62682"}],"wp:featuredmedia":[{"embeddable":true,"href":"https:\/\/ultrasfactory.com\/pt-pt\/wp-json\/wp\/v2\/media\/62683"}],"wp:attachment":[{"href":"https:\/\/ultrasfactory.com\/pt-pt\/wp-json\/wp\/v2\/media?parent=62682"}],"wp:term":[{"taxonomy":"product_brand","embeddable":true,"href":"https:\/\/ultrasfactory.com\/pt-pt\/wp-json\/wp\/v2\/product_brand?post=62682"},{"taxonomy":"product_cat","embeddable":true,"href":"https:\/\/ultrasfactory.com\/pt-pt\/wp-json\/wp\/v2\/product_cat?post=62682"},{"taxonomy":"product_tag","embeddable":true,"href":"https:\/\/ultrasfactory.com\/pt-pt\/wp-json\/wp\/v2\/product_tag?post=62682"}],"curies":[{"name":"wp","href":"https:\/\/api.w.org\/{rel}","templated":true}]}}