{"id":62787,"date":"2025-07-24T12:51:02","date_gmt":"2025-07-24T11:51:02","guid":{"rendered":"https:\/\/ultrasfactory.com\/product\/krawallig-hf-102-2214\/"},"modified":"2025-10-28T15:22:01","modified_gmt":"2025-10-28T14:22:01","slug":"krawallig-hf-102-2214","status":"publish","type":"product","link":"https:\/\/ultrasfactory.com\/pt-pt\/product\/krawallig-hf-102-2214\/","title":{"rendered":"Krawallig HF-102-2214"},"content":{"rendered":"<p><iframe loading=\"lazy\" title=\"Reprodutor de v\u00eddeo do YouTube\" src=\"https:\/\/www.youtube.com\/embed\/rFfbH3f3rDw?si=BsULmY1K8zARUrSU\" width=\"560\" height=\"315\" frameborder=\"0\" allowfullscreen=\"allowfullscreen\"><\/iframe><\/p>\n<p data-start=\"402\" data-end=\"763\"><strong data-start=\"402\" data-end=\"417\">Descri\u00e7\u00e3o<\/strong>:<br data-start=\"418\" data-end=\"421\">O <strong data-start=\"425\" data-end=\"452\">HF-102-2214 &#8220;Krawallig&#8221;<\/strong> \u00e9 um poderoso bolo pirot\u00e9cnico composto de 102 disparos, que proporciona uma exibi\u00e7\u00e3o a\u00e9rea intensa e variada com efeitos de qualidade profissional. Apresenta uma mistura din\u00e2mica de sequ\u00eancias de disparos rectas e angulares, proporcionando estrutura e caos no seu ritmo &#8211; da\u00ed o nome <em data-start=\"717\" data-end=\"728\">Krawallig<\/em> (uma brincadeira com &#8220;chaos&#8221; e &#8220;rampage&#8221;). <\/p>\n<p data-start=\"765\" data-end=\"1033\">Espera explos\u00f5es multicoloridas vibrantes, ramos de flores crepitantes, brocados dourados e efeitos estrobosc\u00f3picos de alto impacto, o que o torna uma pe\u00e7a final perfeita para espect\u00e1culos privados ou utiliza\u00e7\u00e3o semi-profissional. Concebido para utilizadores que procuram um espet\u00e1culo de alta energia e m\u00faltiplos efeitos numa \u00fanica igni\u00e7\u00e3o. <\/p>\n<p data-start=\"1035\" data-end=\"1052\"><strong data-start=\"1035\" data-end=\"1051\">Carater\u00edsticas principais<\/strong>:<\/p>\n<ul data-start=\"1053\" data-end=\"1246\">\n<li data-start=\"1053\" data-end=\"1084\">\n<p data-start=\"1055\" data-end=\"1084\">Bolo composto de igni\u00e7\u00e3o simples<\/p>\n<\/li>\n<li data-start=\"1085\" data-end=\"1119\">\n<p data-start=\"1087\" data-end=\"1119\">Mistura de tiros a direito e em \u00e2ngulo<\/p>\n<\/li>\n<li data-start=\"1120\" data-end=\"1163\">\n<p data-start=\"1122\" data-end=\"1163\">Paleta de cores rica e transi\u00e7\u00f5es de efeitos<\/p>\n<\/li>\n<li data-start=\"1164\" data-end=\"1198\">\n<p data-start=\"1166\" data-end=\"1198\">Relat\u00f3rios ruidosos e que chamam a aten\u00e7\u00e3o<\/p>\n<\/li>\n<li data-start=\"1199\" data-end=\"1246\">\n<p data-start=\"1201\" data-end=\"1246\">Ideal para exposi\u00e7\u00f5es e eventos maiores no quintal<\/p>\n<\/li>\n<\/ul>\n<p data-start=\"1248\" data-end=\"1265\"><strong data-start=\"1248\" data-end=\"1264\">Notas de seguran\u00e7a<\/strong>:<\/p>\n<ul data-start=\"1266\" data-end=\"1390\">\n<li data-start=\"1266\" data-end=\"1284\">\n<p data-start=\"1268\" data-end=\"1284\">Apenas para utiliza\u00e7\u00e3o no exterior<\/p>\n<\/li>\n<li data-start=\"1285\" data-end=\"1321\">\n<p data-start=\"1287\" data-end=\"1321\">Dist\u00e2ncia m\u00ednima de seguran\u00e7a: 25 metros<\/p>\n<\/li>\n<li data-start=\"1322\" data-end=\"1390\">\n<p data-start=\"1324\" data-end=\"1390\">Deve ser colocado numa superf\u00edcie plana e est\u00e1vel e fixado antes de ser disparado<\/p>\n<\/li>\n<\/ul>\n","protected":false},"excerpt":{"rendered":"<h3 data-start=\"117\" data-end=\"180\">HF-102-2214 &#8220;Krawallig&#8221; &#8211; Bolo composto de 102 tiros de 25\/30 mm<\/h3>\n<p data-start=\"182\" data-end=\"400\"><strong data-start=\"182\" data-end=\"198\">C\u00f3digo do produto<\/strong>: HF-102-2214<br data-start=\"211\" data-end=\"214\"><strong data-start=\"214\" data-end=\"222\">Nome<\/strong>: Krawallig<br data-start=\"233\" data-end=\"236\"><strong data-start=\"236\" data-end=\"252\">Fabricante<\/strong>: Riakeo<br data-start=\"260\" data-end=\"263\"><strong data-start=\"263\" data-end=\"272\">Tiros<\/strong>: 102<br data-start=\"277\" data-end=\"280\"><strong data-start=\"280\" data-end=\"291\">Calibre<\/strong>: 25 mm \/ 30 mm<br data-start=\"306\" data-end=\"309\"><strong data-start=\"309\" data-end=\"340\">Conte\u00fado Explosivo L\u00edquido (NEC)<\/strong>: 1683 g<br data-start=\"348\" data-end=\"351\" data-is-only-node=\"\"><strong data-start=\"351\" data-end=\"363\">Categoria<\/strong>: F2<br data-start=\"367\" data-end=\"370\"><strong data-start=\"370\" data-end=\"382\">Dura\u00e7\u00e3o<\/strong>: ~50-65 segundos<\/p>\n","protected":false},"featured_media":62789,"comment_status":"closed","ping_status":"closed","template":"","meta":{"_acf_changed":false},"product_brand":[],"product_cat":[477,495],"product_tag":[651],"class_list":{"0":"post-62787","1":"product","2":"type-product","3":"status-publish","4":"has-post-thumbnail","6":"product_cat-baterias","7":"product_cat-promocao","8":"product_tag-riakeo","9":"pa_brandx-riakeo","11":"first","12":"instock","13":"sale","14":"taxable","15":"shipping-taxable","16":"purchasable","17":"product-type-simple"},"acf":[],"_links":{"self":[{"href":"https:\/\/ultrasfactory.com\/pt-pt\/wp-json\/wp\/v2\/product\/62787","targetHints":{"allow":["GET"]}}],"collection":[{"href":"https:\/\/ultrasfactory.com\/pt-pt\/wp-json\/wp\/v2\/product"}],"about":[{"href":"https:\/\/ultrasfactory.com\/pt-pt\/wp-json\/wp\/v2\/types\/product"}],"replies":[{"embeddable":true,"href":"https:\/\/ultrasfactory.com\/pt-pt\/wp-json\/wp\/v2\/comments?post=62787"}],"wp:featuredmedia":[{"embeddable":true,"href":"https:\/\/ultrasfactory.com\/pt-pt\/wp-json\/wp\/v2\/media\/62789"}],"wp:attachment":[{"href":"https:\/\/ultrasfactory.com\/pt-pt\/wp-json\/wp\/v2\/media?parent=62787"}],"wp:term":[{"taxonomy":"product_brand","embeddable":true,"href":"https:\/\/ultrasfactory.com\/pt-pt\/wp-json\/wp\/v2\/product_brand?post=62787"},{"taxonomy":"product_cat","embeddable":true,"href":"https:\/\/ultrasfactory.com\/pt-pt\/wp-json\/wp\/v2\/product_cat?post=62787"},{"taxonomy":"product_tag","embeddable":true,"href":"https:\/\/ultrasfactory.com\/pt-pt\/wp-json\/wp\/v2\/product_tag?post=62787"}],"curies":[{"name":"wp","href":"https:\/\/api.w.org\/{rel}","templated":true}]}}