{"id":63034,"date":"2025-08-22T10:30:36","date_gmt":"2025-08-22T09:30:36","guid":{"rendered":"https:\/\/ultrasfactory.com\/product\/rotacek-dp1r-girador-de-solo\/"},"modified":"2025-10-31T12:41:41","modified_gmt":"2025-10-31T11:41:41","slug":"rotacek-dp1r-girador-de-solo","status":"publish","type":"product","link":"https:\/\/ultrasfactory.com\/pt-pt\/product\/rotacek-dp1r-girador-de-solo\/","title":{"rendered":"Rot\u00e1\u010dek DP1R &#8211; Girador de solo"},"content":{"rendered":"<h3 data-start=\"1476\" data-end=\"1525\">Kl\u00e1sek Rot\u00e1\u010dek DP1R &#8211; Giradores de solo (6 unid.)<\/h3>\n<p data-start=\"1527\" data-end=\"1566\"><span class=\"relative -mx-px my-[-0.2rem] rounded px-px py-[0.2rem] transition-colors duration-100 ease-in-out\">O <strong data-start=\"4\" data-end=\"20\">Rot\u00e1\u010dek DP1R<\/strong>, produzido pela <strong data-start=\"34\" data-end=\"44\">Kl\u00e1sek<\/strong>, \u00e9 um conjunto de spinners de ch\u00e3o categorizado como F1 &#8211; seguro para utilizadores mais jovens com 15 anos ou mais. Cada unidade gira durante cerca de <strong data-start=\"167\" data-end=\"180\">7 segundos<\/strong> ap\u00f3s a igni\u00e7\u00e3o, emitindo um deslumbrante efeito &#8220;sol&#8221; de fa\u00edsca dourada em superf\u00edcies duras e planas.<\/span><\/p>\n<p data-start=\"1568\" data-end=\"1597\"><strong data-start=\"1568\" data-end=\"1597\">Especifica\u00e7\u00f5es t\u00e9cnicas:<\/strong><\/p>\n<ul data-start=\"1598\" data-end=\"1972\">\n<li data-start=\"1598\" data-end=\"1626\">\n<p data-start=\"1600\" data-end=\"1626\">Fabricante: <strong data-start=\"1614\" data-end=\"1624\">Kl\u00e1sek<\/strong><\/p>\n<\/li>\n<li data-start=\"1627\" data-end=\"1670\">\n<p data-start=\"1629\" data-end=\"1670\"><span class=\"relative -mx-px my-[-0.2rem] rounded px-px py-[0.2rem] transition-colors duration-100 ease-in-out\">C\u00f3digo do produto: <strong data-start=\"14\" data-end=\"22\" data-is-last-node=\"\">DP1R<\/strong><\/span><\/p>\n<\/li>\n<li data-start=\"1671\" data-end=\"1714\">\n<p data-start=\"1673\" data-end=\"1714\"><span class=\"relative -mx-px my-[-0.2rem] rounded px-px py-[0.2rem] transition-colors duration-100 ease-in-out\">Quantidade: 6 unidades por pacote<\/span><\/p>\n<\/li>\n<li data-start=\"1715\" data-end=\"1758\">\n<p data-start=\"1717\" data-end=\"1758\"><span class=\"relative -mx-px my-[-0.2rem] rounded px-px py-[0.2rem] transition-colors duration-100 ease-in-out\">Dura\u00e7\u00e3o: cerca de <strong data-start=\"18\" data-end=\"31\">7 segundos<\/strong> cada<\/span><\/p>\n<\/li>\n<li data-start=\"1759\" data-end=\"1802\">\n<p data-start=\"1761\" data-end=\"1802\"><span class=\"relative -mx-px my-[-0.2rem] rounded px-px py-[0.2rem] transition-colors duration-100 ease-in-out\">Efeito: &#8220;sol&#8221; de fa\u00edsca dourada em movimento girat\u00f3rio<\/span><\/p>\n<\/li>\n<li data-start=\"1803\" data-end=\"1846\">\n<p data-start=\"1805\" data-end=\"1846\"><span class=\"relative -mx-px my-[-0.2rem] rounded px-px py-[0.2rem] transition-colors duration-100 ease-in-out\">Categoria de seguran\u00e7a: <strong data-start=\"17\" data-end=\"23\">F1<\/strong> (baixo ru\u00eddo, foco visual)<\/span><\/p>\n<\/li>\n<li data-start=\"1847\" data-end=\"1890\">\n<p data-start=\"1849\" data-end=\"1890\"><span class=\"relative -mx-px my-[-0.2rem] rounded px-px py-[0.2rem] transition-colors duration-100 ease-in-out\">Idade m\u00ednima: <strong data-start=\"13\" data-end=\"25\" data-is-last-node=\"\">15 anos<\/strong><\/span><\/p>\n<\/li>\n<li data-start=\"1891\" data-end=\"1972\">\n<p data-start=\"1893\" data-end=\"1972\"><span class=\"relative -mx-px my-[-0.2rem] rounded px-px py-[0.2rem] transition-colors duration-100 ease-in-out\">Usa-o melhor: ao ar livre, em superf\u00edcies planas e duras (n\u00e3o na relva ou em terrenos irregulares)<\/span> <span class=\"\" data-state=\"closed\"><span class=\"ms-1 inline-flex max-w-full items-center relative top-[-0.094rem] animate-[show_150ms_ease-in]\" data-testid=\"webpage-citation-pill\"><a class=\"flex h-4.5 overflow-hidden rounded-xl px-2 text-[9px] font-medium text-token-text-secondary! bg-[#F4F4F4]! dark:bg-[#303030]! transition-colors duration-150 ease-in-out\" href=\"https:\/\/fireworkshoplondon.co.uk\/products\/rotacek?utm_source=chatgpt.com\" target=\"_blank\" rel=\"noopener\"><span class=\"relative start-0 bottom-0 flex h-full w-full items-center\"><span class=\"flex h-4 w-full items-center justify-between absolute\"><span class=\"max-w-full grow truncate overflow-hidden text-center\">restauto.com.br<\/span><span class=\"-me-1 flex h-full items-center rounded-full px-1 text-[#8F8F8F]\">+3<\/span><\/span><span class=\"flex h-4 w-full items-center justify-between\"><span class=\"max-w-full grow truncate overflow-hidden text-center\">fireworkshoplondon.co.uk<\/span><span class=\"-me-1 flex h-full items-center rounded-full px-1 text-[#8F8F8F]\">+3<\/span><\/span><span class=\"flex h-4 w-full items-center justify-between absolute\"><span class=\"max-w-full grow truncate overflow-hidden text-center\">letspartyfireworks.co.uk<\/span><span class=\"-me-1 flex h-full items-center rounded-full px-1 text-[#8F8F8F]\">+3<\/span><\/span><\/span><\/a><\/span><\/span><\/p>\n<\/li>\n<\/ul>\n<p data-start=\"1974\" data-end=\"1989\"><strong data-start=\"1974\" data-end=\"1989\">Destaca:<\/strong><\/p>\n<ul data-start=\"1990\" data-end=\"2200\">\n<li data-start=\"1990\" data-end=\"2064\">\n<p data-start=\"1992\" data-end=\"2064\">Visualmente atraente mas silencioso, adequado para ambientes familiares<\/p>\n<\/li>\n<li data-start=\"2065\" data-end=\"2124\">\n<p data-start=\"2067\" data-end=\"2124\">Simples e seguro de utilizar &#8211; basta acender e ver o espet\u00e1culo<\/p>\n<\/li>\n<li data-start=\"2125\" data-end=\"2200\">\n<p data-start=\"2127\" data-end=\"2200\">Perfeito para celebra\u00e7\u00f5es em casa, reuni\u00f5es ao ar livre ou eventos infantis<\/p>\n<\/li>\n<\/ul>\n","protected":false},"excerpt":{"rendered":"<p><strong data-start=\"309\" data-end=\"371\">Kl\u00e1sek Rot\u00e1\u010dek DP1R &#8211; Girador de solo (6 unid.) | Categoria F1<\/strong><br data-start=\"371\" data-end=\"374\"><span class=\"relative -mx-px my-[-0.2rem] rounded px-px py-[0.2rem] transition-colors duration-100 ease-in-out\">Este pacote inclui 6 giradores de ch\u00e3o que rodam durante aproximadamente <strong data-start=\"67\" data-end=\"80\">7 segundos<\/strong>, produzindo um efeito de &#8220;sol&#8221; de fa\u00edsca dourada numa superf\u00edcie plana e dura. Categoria F1<\/span><\/p>\n","protected":false},"featured_media":63036,"comment_status":"closed","ping_status":"closed","template":"","meta":{"_acf_changed":false},"product_brand":[],"product_cat":[492],"product_tag":[],"class_list":{"0":"post-63034","1":"product","2":"type-product","3":"status-publish","4":"has-post-thumbnail","6":"product_cat-outro","8":"first","9":"instock","10":"taxable","11":"shipping-taxable","12":"purchasable","13":"product-type-simple"},"acf":[],"_links":{"self":[{"href":"https:\/\/ultrasfactory.com\/pt-pt\/wp-json\/wp\/v2\/product\/63034","targetHints":{"allow":["GET"]}}],"collection":[{"href":"https:\/\/ultrasfactory.com\/pt-pt\/wp-json\/wp\/v2\/product"}],"about":[{"href":"https:\/\/ultrasfactory.com\/pt-pt\/wp-json\/wp\/v2\/types\/product"}],"replies":[{"embeddable":true,"href":"https:\/\/ultrasfactory.com\/pt-pt\/wp-json\/wp\/v2\/comments?post=63034"}],"wp:featuredmedia":[{"embeddable":true,"href":"https:\/\/ultrasfactory.com\/pt-pt\/wp-json\/wp\/v2\/media\/63036"}],"wp:attachment":[{"href":"https:\/\/ultrasfactory.com\/pt-pt\/wp-json\/wp\/v2\/media?parent=63034"}],"wp:term":[{"taxonomy":"product_brand","embeddable":true,"href":"https:\/\/ultrasfactory.com\/pt-pt\/wp-json\/wp\/v2\/product_brand?post=63034"},{"taxonomy":"product_cat","embeddable":true,"href":"https:\/\/ultrasfactory.com\/pt-pt\/wp-json\/wp\/v2\/product_cat?post=63034"},{"taxonomy":"product_tag","embeddable":true,"href":"https:\/\/ultrasfactory.com\/pt-pt\/wp-json\/wp\/v2\/product_tag?post=63034"}],"curies":[{"name":"wp","href":"https:\/\/api.w.org\/{rel}","templated":true}]}}