{"id":63037,"date":"2025-08-22T10:00:06","date_gmt":"2025-08-22T09:00:06","guid":{"rendered":"https:\/\/ultrasfactory.com\/product\/outburst-riakeo-23shot-30mm-hf24123s\/"},"modified":"2025-10-28T15:28:23","modified_gmt":"2025-10-28T14:28:23","slug":"outburst-riakeo-23shot-30mm-hf24123s","status":"publish","type":"product","link":"https:\/\/ultrasfactory.com\/pt-pt\/product\/outburst-riakeo-23shot-30mm-hf24123s\/","title":{"rendered":"Outburst Riakeo 23shot 30mm HF24123S"},"content":{"rendered":"<h3 data-start=\"51\" data-end=\"126\">Riakeo HF24123S &#8220;Outburst&#8221; &#8211; 23 Tiros | Calibre 30 mm | Bolo Composto<\/h3>\n<p data-start=\"128\" data-end=\"389\"><strong data-start=\"128\" data-end=\"140\">Outburst<\/strong> \u00e9 um espetacular bolo de fogo de artif\u00edcio da Riakeo, com <strong data-start=\"195\" data-end=\"228\">23 tiros de calibre 30 mm<\/strong> e cerca de <strong data-start=\"247\" data-end=\"287\">438 g de conte\u00fado explosivo l\u00edquido (NEC)<\/strong>. O espet\u00e1culo dura cerca de <strong data-start=\"310\" data-end=\"324\">30 segundos<\/strong>, repleto de efeitos din\u00e2micos de diversas cores e estruturas. <\/p>\n","protected":false},"excerpt":{"rendered":"<ul>\n<li data-start=\"130\" data-end=\"147\">\n<p data-start=\"132\" data-end=\"147\"><strong data-start=\"132\" data-end=\"141\">Chuta<\/strong>: 23<\/p>\n<\/li>\n<li data-start=\"148\" data-end=\"189\">\n<p data-start=\"150\" data-end=\"189\"><span class=\"relative -mx-px my-[-0.2rem] rounded px-px py-[0.2rem] transition-colors duration-100 ease-in-out\"><strong data-start=\"0\" data-end=\"11\" data-is-only-node=\"\">Calibre<\/strong>: 30 mm<\/span><\/p>\n<\/li>\n<li data-start=\"190\" data-end=\"231\">\n<p data-start=\"192\" data-end=\"231\"><span class=\"relative -mx-px my-[-0.2rem] rounded px-px py-[0.2rem] transition-colors duration-100 ease-in-out\"><strong data-start=\"0\" data-end=\"7\" data-is-only-node=\"\">NEC<\/strong>: ~438 g<\/span><\/p>\n<\/li>\n<li data-start=\"232\" data-end=\"273\">\n<p data-start=\"234\" data-end=\"273\"><span class=\"relative -mx-px my-[-0.2rem] rounded px-px py-[0.2rem] transition-colors duration-100 ease-in-out\"><strong data-start=\"0\" data-end=\"12\" data-is-only-node=\"\">Dura\u00e7\u00e3o<\/strong>: ~30 segundos<\/span><\/p>\n<\/li>\n<li data-start=\"274\" data-end=\"315\">\n<p data-start=\"276\" data-end=\"315\"><span class=\"relative -mx-px my-[-0.2rem] rounded px-px py-[0.2rem] transition-colors duration-100 ease-in-out\"><strong data-start=\"0\" data-end=\"18\" data-is-only-node=\"\">Padr\u00e3o de efeito<\/strong>: Reto + Leque<\/span><\/p>\n<\/li>\n<li data-start=\"316\" data-end=\"357\">\n<p data-start=\"318\" data-end=\"357\"><span class=\"relative -mx-px my-[-0.2rem] rounded px-px py-[0.2rem] transition-colors duration-100 ease-in-out\"><strong data-start=\"0\" data-end=\"12\" data-is-only-node=\"\">Categoria<\/strong>: CE F2 | 1.4G<\/span><\/p>\n<\/li>\n<li data-start=\"358\" data-end=\"437\">\n<p data-start=\"360\" data-end=\"437\"><span class=\"relative -mx-px my-[-0.2rem] rounded px-px py-[0.2rem] transition-colors duration-100 ease-in-out\"><strong data-start=\"0\" data-end=\"11\" data-is-only-node=\"\">Visual<\/strong>: Caudas vermelhas, verdes e douradas que se transformam em aranhas douradas com estrobosc\u00f3pio; seguidas de ameixas vermelhas e d\u00e1lias azuis, terminando com aranhas douradas e cris\u00e2ntemos prateados.<\/span><br data-start=\"397\" data-end=\"400\"><span class=\"relative -mx-px my-[-0.2rem] rounded px-px py-[0.2rem] transition-colors duration-100 ease-in-out\">Compacto mas corajosamente expressivo, perfeito para espect\u00e1culos a\u00e9reos din\u00e2micos.<\/span><\/p>\n<\/li>\n<\/ul>\n","protected":false},"featured_media":63038,"comment_status":"closed","ping_status":"closed","template":"","meta":{"_acf_changed":false},"product_brand":[],"product_cat":[477,495],"product_tag":[],"class_list":{"0":"post-63037","1":"product","2":"type-product","3":"status-publish","4":"has-post-thumbnail","6":"product_cat-baterias","7":"product_cat-promocao","8":"pa_brandx-riakeo","10":"first","11":"outofstock","12":"sale","13":"taxable","14":"shipping-taxable","15":"purchasable","16":"product-type-simple"},"acf":[],"_links":{"self":[{"href":"https:\/\/ultrasfactory.com\/pt-pt\/wp-json\/wp\/v2\/product\/63037","targetHints":{"allow":["GET"]}}],"collection":[{"href":"https:\/\/ultrasfactory.com\/pt-pt\/wp-json\/wp\/v2\/product"}],"about":[{"href":"https:\/\/ultrasfactory.com\/pt-pt\/wp-json\/wp\/v2\/types\/product"}],"replies":[{"embeddable":true,"href":"https:\/\/ultrasfactory.com\/pt-pt\/wp-json\/wp\/v2\/comments?post=63037"}],"wp:featuredmedia":[{"embeddable":true,"href":"https:\/\/ultrasfactory.com\/pt-pt\/wp-json\/wp\/v2\/media\/63038"}],"wp:attachment":[{"href":"https:\/\/ultrasfactory.com\/pt-pt\/wp-json\/wp\/v2\/media?parent=63037"}],"wp:term":[{"taxonomy":"product_brand","embeddable":true,"href":"https:\/\/ultrasfactory.com\/pt-pt\/wp-json\/wp\/v2\/product_brand?post=63037"},{"taxonomy":"product_cat","embeddable":true,"href":"https:\/\/ultrasfactory.com\/pt-pt\/wp-json\/wp\/v2\/product_cat?post=63037"},{"taxonomy":"product_tag","embeddable":true,"href":"https:\/\/ultrasfactory.com\/pt-pt\/wp-json\/wp\/v2\/product_tag?post=63037"}],"curies":[{"name":"wp","href":"https:\/\/api.w.org\/{rel}","templated":true}]}}