{"id":63042,"date":"2025-08-22T10:39:56","date_gmt":"2025-08-22T09:39:56","guid":{"rendered":"https:\/\/ultrasfactory.com\/product\/c20020xpr-profi-show-multi-shape-200-200-fotos\/"},"modified":"2025-11-15T19:25:09","modified_gmt":"2025-11-15T18:25:09","slug":"c20020xpr-profi-show-multi-shape-200-200-fotos","status":"publish","type":"product","link":"https:\/\/ultrasfactory.com\/pt-pt\/product\/c20020xpr-profi-show-multi-shape-200-200-fotos\/","title":{"rendered":"C20020XPR &#8220;Profi Show Multi Shape 200&#8221; &#8211; 200 fotos"},"content":{"rendered":"<h4 data-start=\"362\" data-end=\"441\"><strong data-start=\"367\" data-end=\"441\">Kl\u00e1sek C20020XPR &#8220;Profi Show Multi Shape 200&#8221; &#8211; Fogos de artif\u00edcio para bolos com 200 disparos<\/strong><\/h4>\n<p data-start=\"443\" data-end=\"519\"><span class=\"relative -mx-px my-[-0.2rem] rounded px-px py-[0.2rem] transition-colors duration-100 ease-in-out\">Eleva o teu evento com o espetacular bolo de fogo de artif\u00edcio <strong data-start=\"40\" data-end=\"70\">Profi Show Multi Shape 200<\/strong> da Kl\u00e1sek. Este potente dispositivo de 200 disparos combina <g id=\"gid_1\">padr\u00f5es de disparo rectos e angulares<\/g> utilizando tubos de 20 mm para criar uma extravag\u00e2ncia visual din\u00e2mica e em camadas. Com uma dura\u00e7\u00e3o aproximada de <g id=\"gid_2\">120 segundos<\/g> e com <g id=\"gid_3\">20 efeitos de cor distintos<\/g>, este bolo oferece um espet\u00e1culo rico e cont\u00ednuo. \u00c9 certificado pela CE como <strong data-start=\"394\" data-end=\"411\">F3 (ADR 1.3G)<\/strong>, concebido para actua\u00e7\u00f5es seguras mas dram\u00e1ticas   <\/span><\/p>\n<p data-start=\"521\" data-end=\"538\"><strong data-start=\"521\" data-end=\"538\">Carater\u00edsticas principais:<\/strong><\/p>\n<ul data-start=\"539\" data-end=\"918\">\n<li data-start=\"539\" data-end=\"580\">\n<p data-start=\"541\" data-end=\"580\"><span class=\"relative -mx-px my-[-0.2rem] rounded px-px py-[0.2rem] transition-colors duration-100 ease-in-out\"><strong data-start=\"0\" data-end=\"13\" data-is-only-node=\"\">200 disparos<\/strong> para um impacto de longa dura\u00e7\u00e3o<\/span><\/p>\n<\/li>\n<li data-start=\"581\" data-end=\"622\">\n<p data-start=\"583\" data-end=\"622\"><span class=\"relative -mx-px my-[-0.2rem] rounded px-px py-[0.2rem] transition-colors duration-100 ease-in-out\"><strong data-start=\"0\" data-end=\"17\" data-is-only-node=\"\">Calibre 20 mm<\/strong>, misturando tubos rectos e angulares<\/span><\/p>\n<\/li>\n<li data-start=\"623\" data-end=\"664\">\n<p data-start=\"625\" data-end=\"664\"><span class=\"relative -mx-px my-[-0.2rem] rounded px-px py-[0.2rem] transition-colors duration-100 ease-in-out\"><strong data-start=\"0\" data-end=\"12\" data-is-only-node=\"\">Dura\u00e7\u00e3o<\/strong>: ~120 segundos (2 minutos)<\/span><\/p>\n<\/li>\n<li data-start=\"665\" data-end=\"748\">\n<p data-start=\"667\" data-end=\"748\"><span class=\"relative -mx-px my-[-0.2rem] rounded px-px py-[0.2rem] transition-colors duration-100 ease-in-out\"><strong data-start=\"0\" data-end=\"18\" data-is-only-node=\"\">Variedade de efeitos<\/strong>: 20 efeitos coloridos &#8211; desde brocados a estrobosc\u00f3pios e explos\u00f5es multicoloridas<\/span><\/p>\n<\/li>\n<li data-start=\"749\" data-end=\"792\">\n<p data-start=\"751\" data-end=\"792\"><span class=\"relative -mx-px my-[-0.2rem] rounded px-px py-[0.2rem] transition-colors duration-100 ease-in-out\"><strong data-start=\"0\" data-end=\"9\" data-is-only-node=\"\">Classe<\/strong>: CE F3, ADR 1.3G<\/span><\/p>\n<\/li>\n<li data-start=\"793\" data-end=\"836\">\n<p data-start=\"795\" data-end=\"836\"><span class=\"relative -mx-px my-[-0.2rem] rounded px-px py-[0.2rem] transition-colors duration-100 ease-in-out\"><strong data-start=\"0\" data-end=\"15\" data-is-only-node=\"\">F\u00e1cil de utilizar<\/strong>: configura\u00e7\u00e3o de igni\u00e7\u00e3o \u00fanica, ideal para amadores e utilizadores semi-profissionais<\/span><\/p>\n<\/li>\n<li data-start=\"837\" data-end=\"918\">\n<p data-start=\"839\" data-end=\"918\"><span class=\"relative -mx-px my-[-0.2rem] rounded px-px py-[0.2rem] transition-colors duration-100 ease-in-out\"><strong data-start=\"0\" data-end=\"17\" data-is-only-node=\"\">Utiliza\u00e7\u00e3o vers\u00e1til<\/strong>: \u00d3timo para casamentos, passagem de ano, festivais, sess\u00f5es fotogr\u00e1ficas ou como pe\u00e7as finais<\/span><\/p>\n<\/li>\n<\/ul>\n","protected":false},"excerpt":{"rendered":"<p><strong data-start=\"118\" data-end=\"200\">Kl\u00e1sek C20020XPR &#8220;Profi Show Multi Shape 200&#8221; &#8211; 200 Disparos | 20 mm | ~120s | F3<\/strong><br data-start=\"200\" data-end=\"203\"><span class=\"relative -mx-px my-[-0.2rem] rounded px-px py-[0.2rem] transition-colors duration-100 ease-in-out\">Bolo de fogo de artif\u00edcio de grande impacto com <strong data-start=\"36\" data-end=\"75\">200 disparos mistos a direito e em \u00e2ngulo<\/strong> com <strong data-start=\"81\" data-end=\"96\">tubos de 20 mm<\/strong>, proporcionando um <strong data-start=\"145\" data-end=\"168\"> espet\u00e1culo<\/strong> visualmente rico e perfeitamente cronometrado <strong data-start=\"145\" data-end=\"168\"> de ~120 segundos<\/strong> com <strong data-start=\"174\" data-end=\"204\" data-is-last-node=\"\">20 efeitos de cor diferentes<\/strong><\/span>. <span class=\"relative -mx-px my-[-0.2rem] rounded px-px py-[0.2rem] transition-colors duration-100 ease-in-out\">Ideal para casamentos, grandes eventos ou finais de quintal.<\/span><\/p>\n","protected":false},"featured_media":63043,"comment_status":"closed","ping_status":"closed","template":"","meta":{"_acf_changed":false},"product_brand":[],"product_cat":[477,495],"product_tag":[],"class_list":{"0":"post-63042","1":"product","2":"type-product","3":"status-publish","4":"has-post-thumbnail","6":"product_cat-baterias","7":"product_cat-promocao","9":"first","10":"outofstock","11":"sale","12":"taxable","13":"shipping-taxable","14":"purchasable","15":"product-type-simple"},"acf":[],"_links":{"self":[{"href":"https:\/\/ultrasfactory.com\/pt-pt\/wp-json\/wp\/v2\/product\/63042","targetHints":{"allow":["GET"]}}],"collection":[{"href":"https:\/\/ultrasfactory.com\/pt-pt\/wp-json\/wp\/v2\/product"}],"about":[{"href":"https:\/\/ultrasfactory.com\/pt-pt\/wp-json\/wp\/v2\/types\/product"}],"replies":[{"embeddable":true,"href":"https:\/\/ultrasfactory.com\/pt-pt\/wp-json\/wp\/v2\/comments?post=63042"}],"wp:featuredmedia":[{"embeddable":true,"href":"https:\/\/ultrasfactory.com\/pt-pt\/wp-json\/wp\/v2\/media\/63043"}],"wp:attachment":[{"href":"https:\/\/ultrasfactory.com\/pt-pt\/wp-json\/wp\/v2\/media?parent=63042"}],"wp:term":[{"taxonomy":"product_brand","embeddable":true,"href":"https:\/\/ultrasfactory.com\/pt-pt\/wp-json\/wp\/v2\/product_brand?post=63042"},{"taxonomy":"product_cat","embeddable":true,"href":"https:\/\/ultrasfactory.com\/pt-pt\/wp-json\/wp\/v2\/product_cat?post=63042"},{"taxonomy":"product_tag","embeddable":true,"href":"https:\/\/ultrasfactory.com\/pt-pt\/wp-json\/wp\/v2\/product_tag?post=63042"}],"curies":[{"name":"wp","href":"https:\/\/api.w.org\/{rel}","templated":true}]}}