{"id":63104,"date":"2025-08-07T11:42:44","date_gmt":"2025-08-07T10:42:44","guid":{"rendered":"https:\/\/ultrasfactory.com\/product\/tshirt-ultras-liberi\/"},"modified":"2025-10-28T15:28:59","modified_gmt":"2025-10-28T14:28:59","slug":"tshirt-ultras-liberi","status":"publish","type":"product","link":"https:\/\/ultrasfactory.com\/pt-pt\/product\/tshirt-ultras-liberi\/","title":{"rendered":"Tshirt &#8220;Ultras Liberi&#8221;"},"content":{"rendered":"<p data-start=\"145\" data-end=\"179\"><strong data-start=\"145\" data-end=\"179\">Camisola SECTOR &#8220;Ultras Liberi&#8221;<\/strong><\/p>\n<p data-start=\"181\" data-end=\"541\">Acende o teu estilo e a tua mensagem com a T-shirt SECTOR &#8220;<strong>No Pyro No Party<\/strong>&#8221; &#8211; um tributo \u00e0 paix\u00e3o e ao fogo da cena ultras. A frente apresenta um gr\u00e1fico impressionante de um adepto com \u00f3culos de sol a segurar um foguete aceso, rodeado por fumo vermelho e os slogans <g id=\"gid_1\">&#8220;<g id=\"gid_2\">No Pyro No Party<\/g>&#8220;<\/g> e <g id=\"gid_3\">&#8220;<g id=\"gid_4\">Ultras Libera<\/g>&#8220;.<\/g> Na parte de tr\u00e1s, um elegante log\u00f3tipo de assinatura Setor completa o visual.  <\/p>\n<p data-start=\"543\" data-end=\"686\">Esta T-shirt azul-marinho combina uma afirma\u00e7\u00e3o ousada com o conforto do dia a dia &#8211; um must-have para aqueles que acreditam que o futebol sem paix\u00e3o n\u00e3o \u00e9 nada.<\/p>\n","protected":false},"excerpt":{"rendered":"<ul>\n<li><strong>Material<\/strong>: 100% algod\u00e3o<\/li>\n<li><strong>Adapta-te<\/strong>: Normal<\/li>\n<li><strong>Cor<\/strong>: azul-marinho<\/li>\n<li><strong>Imprime<\/strong>: Frente e verso (serigrafia)<\/li>\n<li><strong>Tamanhos<\/strong>: S-XXL<\/li>\n<\/ul>\n","protected":false},"featured_media":63107,"comment_status":"closed","ping_status":"closed","template":"","meta":{"_acf_changed":false},"product_brand":[],"product_cat":[483,479],"product_tag":[],"class_list":{"0":"post-63104","1":"product","2":"type-product","3":"status-publish","4":"has-post-thumbnail","6":"product_cat-camisetas","7":"product_cat-roupas","9":"first","10":"instock","11":"taxable","12":"shipping-taxable","13":"purchasable","14":"product-type-variable"},"acf":[],"_links":{"self":[{"href":"https:\/\/ultrasfactory.com\/pt-pt\/wp-json\/wp\/v2\/product\/63104","targetHints":{"allow":["GET"]}}],"collection":[{"href":"https:\/\/ultrasfactory.com\/pt-pt\/wp-json\/wp\/v2\/product"}],"about":[{"href":"https:\/\/ultrasfactory.com\/pt-pt\/wp-json\/wp\/v2\/types\/product"}],"replies":[{"embeddable":true,"href":"https:\/\/ultrasfactory.com\/pt-pt\/wp-json\/wp\/v2\/comments?post=63104"}],"wp:featuredmedia":[{"embeddable":true,"href":"https:\/\/ultrasfactory.com\/pt-pt\/wp-json\/wp\/v2\/media\/63107"}],"wp:attachment":[{"href":"https:\/\/ultrasfactory.com\/pt-pt\/wp-json\/wp\/v2\/media?parent=63104"}],"wp:term":[{"taxonomy":"product_brand","embeddable":true,"href":"https:\/\/ultrasfactory.com\/pt-pt\/wp-json\/wp\/v2\/product_brand?post=63104"},{"taxonomy":"product_cat","embeddable":true,"href":"https:\/\/ultrasfactory.com\/pt-pt\/wp-json\/wp\/v2\/product_cat?post=63104"},{"taxonomy":"product_tag","embeddable":true,"href":"https:\/\/ultrasfactory.com\/pt-pt\/wp-json\/wp\/v2\/product_tag?post=63104"}],"curies":[{"name":"wp","href":"https:\/\/api.w.org\/{rel}","templated":true}]}}