{"id":63119,"date":"2025-08-07T11:51:29","date_gmt":"2025-08-07T10:51:29","guid":{"rendered":"https:\/\/ultrasfactory.com\/product\/tshirt-acab\/"},"modified":"2025-10-28T15:29:00","modified_gmt":"2025-10-28T14:29:00","slug":"tshirt-acab","status":"publish","type":"product","link":"https:\/\/ultrasfactory.com\/pt-pt\/product\/tshirt-acab\/","title":{"rendered":"Tshirt &#8220;ACAB&#8221;"},"content":{"rendered":"<p data-start=\"71\" data-end=\"96\"><strong data-start=\"71\" data-end=\"96\">Camisola setorial &#8220;ACAB&#8221;<\/strong><\/p>\n<p data-start=\"98\" data-end=\"454\">A T-shirt SECTOR &#8220;ACAB&#8221; transmite uma mensagem intransigente, profundamente enraizada na cultura de rua e ultras. A parte da frente apresenta o ic\u00f3nico acr\u00f3nimo <g id=\"gid_0\">ACAB<\/g>, integrado num gr\u00e1fico de uma unidade da pol\u00edcia de choque &#8211; um s\u00edmbolo de desafio e confronto. A parte de tr\u00e1s \u00e9 marcada por um log\u00f3tipo <strong>SECTOR<\/strong> em estilo stencil, real\u00e7ado com um motivo de caveira &#8211; um sinal de rebeli\u00e3o e uni\u00e3o.  <\/p>\n","protected":false},"excerpt":{"rendered":"<p>Camisola setorial &#8220;ACAB&#8221; A T-shirt SECTOR &#8220;ACAB&#8221; transmite uma mensagem intransigente, profundamente enraizada na cultura de rua e ultras. A parte da frente apresenta o ic\u00f3nico acr\u00f3nimo ACAB, integrado num gr\u00e1fico de uma unidade da pol\u00edcia de choque &#8211; um s\u00edmbolo de desafio e confronto. A parte de tr\u00e1s \u00e9 marcada por um log\u00f3tipo SECTOR [&hellip;]<\/p>\n","protected":false},"featured_media":63124,"comment_status":"closed","ping_status":"closed","template":"","meta":{"_acf_changed":false},"product_brand":[],"product_cat":[483,479],"product_tag":[],"class_list":{"0":"post-63119","1":"product","2":"type-product","3":"status-publish","4":"has-post-thumbnail","6":"product_cat-camisetas","7":"product_cat-roupas","9":"first","10":"instock","11":"taxable","12":"shipping-taxable","13":"purchasable","14":"product-type-variable"},"acf":[],"_links":{"self":[{"href":"https:\/\/ultrasfactory.com\/pt-pt\/wp-json\/wp\/v2\/product\/63119","targetHints":{"allow":["GET"]}}],"collection":[{"href":"https:\/\/ultrasfactory.com\/pt-pt\/wp-json\/wp\/v2\/product"}],"about":[{"href":"https:\/\/ultrasfactory.com\/pt-pt\/wp-json\/wp\/v2\/types\/product"}],"replies":[{"embeddable":true,"href":"https:\/\/ultrasfactory.com\/pt-pt\/wp-json\/wp\/v2\/comments?post=63119"}],"wp:featuredmedia":[{"embeddable":true,"href":"https:\/\/ultrasfactory.com\/pt-pt\/wp-json\/wp\/v2\/media\/63124"}],"wp:attachment":[{"href":"https:\/\/ultrasfactory.com\/pt-pt\/wp-json\/wp\/v2\/media?parent=63119"}],"wp:term":[{"taxonomy":"product_brand","embeddable":true,"href":"https:\/\/ultrasfactory.com\/pt-pt\/wp-json\/wp\/v2\/product_brand?post=63119"},{"taxonomy":"product_cat","embeddable":true,"href":"https:\/\/ultrasfactory.com\/pt-pt\/wp-json\/wp\/v2\/product_cat?post=63119"},{"taxonomy":"product_tag","embeddable":true,"href":"https:\/\/ultrasfactory.com\/pt-pt\/wp-json\/wp\/v2\/product_tag?post=63119"}],"curies":[{"name":"wp","href":"https:\/\/api.w.org\/{rel}","templated":true}]}}