{"id":63145,"date":"2025-08-22T10:56:53","date_gmt":"2025-08-22T09:56:53","guid":{"rendered":"https:\/\/ultrasfactory.com\/product\/riakeo-hf-142-2211s-hypernova-hipernova\/"},"modified":"2025-10-28T15:29:01","modified_gmt":"2025-10-28T14:29:01","slug":"riakeo-hf-142-2211s-hypernova-hipernova","status":"publish","type":"product","link":"https:\/\/ultrasfactory.com\/pt-pt\/product\/riakeo-hf-142-2211s-hypernova-hipernova\/","title":{"rendered":"Riakeo HF-142-2211S &#8220;Hypernova&#8221; (Hipernova)"},"content":{"rendered":"<h4 data-start=\"533\" data-end=\"599\"><strong data-start=\"539\" data-end=\"599\">Riakeo HF-142-2211S &#8220;Hypernova&#8221; &#8211; Bolo composto de 142 tiros<\/strong><\/h4>\n<p data-start=\"601\" data-end=\"681\"><span class=\"relative -mx-px my-[-0.2rem] rounded px-px py-[0.2rem] transition-colors duration-100 ease-in-out\">Experimenta uma extravag\u00e2ncia pirot\u00e9cnica de 75 segundos de cortar a respira\u00e7\u00e3o com o <strong data-start=\"70\" data-end=\"83\">Hypernova<\/strong> da Riakeo. Com <strong data-start=\"109\" data-end=\"122\">142 disparos<\/strong> em <strong data-start=\"130\" data-end=\"157\">tubos de 20, 25 e 30 mm<\/strong>, e contendo quase <strong data-start=\"181\" data-end=\"195\">1,8 kg de NEC<\/strong>, este bolo de alta pot\u00eancia desenrola-se em <strong data-start=\"236\" data-end=\"280\" data-is-last-node=\"\">linhas em forma de I e em padr\u00f5es de leque<\/strong> <\/span><\/p>\n<p data-start=\"683\" data-end=\"722\"><span class=\"relative -mx-px my-[-0.2rem] rounded px-px py-[0.2rem] transition-colors duration-100 ease-in-out\">A sequ\u00eancia de efeitos inclui:<\/span><\/p>\n<ul data-start=\"723\" data-end=\"936\">\n<li data-start=\"723\" data-end=\"766\">\n<p data-start=\"725\" data-end=\"766\"><span class=\"relative -mx-px my-[-0.2rem] rounded px-px py-[0.2rem] transition-colors duration-100 ease-in-out\">Minas estrobosc\u00f3picas brancas com caudas de cometa multicoloridas (vermelho, verde, azul, lim\u00e3o, roxo)<\/span><\/p>\n<\/li>\n<li data-start=\"767\" data-end=\"810\">\n<p data-start=\"769\" data-end=\"810\"><span class=\"relative -mx-px my-[-0.2rem] rounded px-px py-[0.2rem] transition-colors duration-100 ease-in-out\">Salgueiro de tit\u00e2nio dourado com d\u00e1lias coloridas (vermelho, verde, roxo)<\/span><\/p>\n<\/li>\n<li data-start=\"811\" data-end=\"854\">\n<p data-start=\"813\" data-end=\"854\"><span class=\"relative -mx-px my-[-0.2rem] rounded px-px py-[0.2rem] transition-colors duration-100 ease-in-out\">Lim\u00e3o, p\u00eassego, d\u00e1lias azuis com estrobosc\u00f3pio branco e explos\u00f5es de ameixa vermelha<\/span><\/p>\n<\/li>\n<li data-start=\"855\" data-end=\"936\">\n<p data-start=\"857\" data-end=\"936\"><span class=\"relative -mx-px my-[-0.2rem] rounded px-px py-[0.2rem] transition-colors duration-100 ease-in-out\">D\u00e1lia de lim\u00e3o com ameixa vermelha, flores de margarida multicoloridas e salgueiros dourados que evoluem para coroas douradas com cris\u00e2ntemos prateados e toques estrobosc\u00f3picos<\/span><\/p>\n<\/li>\n<\/ul>\n<p data-start=\"938\" data-end=\"977\"><span class=\"relative -mx-px my-[-0.2rem] rounded px-px py-[0.2rem] transition-colors duration-100 ease-in-out\">Com a classifica\u00e7\u00e3o CE F2 \/ ADR 1.4G e uma estrutura din\u00e2mica, <strong data-start=\"62\" data-end=\"75\">o Hypernova<\/strong> proporciona imagens e som de alta intensidade &#8211; perfeito como pe\u00e7a de espet\u00e1culo aut\u00f3nomo ou final clim\u00e1tico para casamentos, festas e eventos especiais.<\/span><\/p>\n","protected":false},"excerpt":{"rendered":"<p data-start=\"185\" data-end=\"222\"><strong data-start=\"185\" data-end=\"220\">Riakeo HF-142-2211S &#8220;Hypernova&#8221; (Hipernova)<\/strong><\/p>\n<ul data-start=\"223\" data-end=\"508\">\n<li data-start=\"223\" data-end=\"264\">\n<p data-start=\"225\" data-end=\"264\"><span class=\"relative -mx-px my-[-0.2rem] rounded px-px py-[0.2rem] transition-colors duration-100 ease-in-out\"><strong data-start=\"0\" data-end=\"9\" data-is-only-node=\"\">Dispara<\/strong>: 142 (calibres mistos: 20 mm \/ 25 mm \/ 30 mm)<\/span><\/p>\n<\/li>\n<li data-start=\"265\" data-end=\"306\">\n<p data-start=\"267\" data-end=\"306\"><span class=\"relative -mx-px my-[-0.2rem] rounded px-px py-[0.2rem] transition-colors duration-100 ease-in-out\"><strong data-start=\"0\" data-end=\"7\" data-is-only-node=\"\">NEC<\/strong>: aprox. 1783 g <\/span><\/p>\n<\/li>\n<li data-start=\"307\" data-end=\"348\">\n<p data-start=\"309\" data-end=\"348\"><span class=\"relative -mx-px my-[-0.2rem] rounded px-px py-[0.2rem] transition-colors duration-100 ease-in-out\"><strong data-start=\"0\" data-end=\"12\" data-is-only-node=\"\">Dura\u00e7\u00e3o<\/strong>: cerca de 75 segundos <\/span><\/p>\n<\/li>\n<li data-start=\"349\" data-end=\"390\">\n<p data-start=\"351\" data-end=\"390\"><span class=\"relative -mx-px my-[-0.2rem] rounded px-px py-[0.2rem] transition-colors duration-100 ease-in-out\"><strong data-start=\"0\" data-end=\"19\" data-is-only-node=\"\">Padr\u00e3o de efeitos<\/strong>: Bateria composta com forma de I e disposi\u00e7\u00e3o em leque<\/span><\/p>\n<\/li>\n<li data-start=\"391\" data-end=\"508\">\n<p data-start=\"393\" data-end=\"508\"><span class=\"relative -mx-px my-[-0.2rem] rounded px-px py-[0.2rem] transition-colors duration-100 ease-in-out\"><strong data-start=\"0\" data-end=\"12\" data-is-only-node=\"\">Categoria<\/strong>: CE F2 \/ ADR 1.4G<\/span><br data-start=\"430\" data-end=\"433\"><span class=\"relative -mx-px my-[-0.2rem] rounded px-px py-[0.2rem] transition-colors duration-100 ease-in-out\">Bateria de fogo de artif\u00edcio de alta capacidade que oferece um desempenho a\u00e9reo prolongado em v\u00e1rios \u00e2ngulos &#8211; ideal para grandes finais ou cerim\u00f3nias de eventos de m\u00e9dia dimens\u00e3o<\/span><\/p>\n<\/li>\n<\/ul>\n","protected":false},"featured_media":63148,"comment_status":"closed","ping_status":"closed","template":"","meta":{"_acf_changed":false},"product_brand":[],"product_cat":[477,495],"product_tag":[],"class_list":{"0":"post-63145","1":"product","2":"type-product","3":"status-publish","4":"has-post-thumbnail","6":"product_cat-baterias","7":"product_cat-promocao","8":"pa_brandx-riakeo","10":"first","11":"instock","12":"sale","13":"taxable","14":"shipping-taxable","15":"purchasable","16":"product-type-simple"},"acf":[],"_links":{"self":[{"href":"https:\/\/ultrasfactory.com\/pt-pt\/wp-json\/wp\/v2\/product\/63145","targetHints":{"allow":["GET"]}}],"collection":[{"href":"https:\/\/ultrasfactory.com\/pt-pt\/wp-json\/wp\/v2\/product"}],"about":[{"href":"https:\/\/ultrasfactory.com\/pt-pt\/wp-json\/wp\/v2\/types\/product"}],"replies":[{"embeddable":true,"href":"https:\/\/ultrasfactory.com\/pt-pt\/wp-json\/wp\/v2\/comments?post=63145"}],"wp:featuredmedia":[{"embeddable":true,"href":"https:\/\/ultrasfactory.com\/pt-pt\/wp-json\/wp\/v2\/media\/63148"}],"wp:attachment":[{"href":"https:\/\/ultrasfactory.com\/pt-pt\/wp-json\/wp\/v2\/media?parent=63145"}],"wp:term":[{"taxonomy":"product_brand","embeddable":true,"href":"https:\/\/ultrasfactory.com\/pt-pt\/wp-json\/wp\/v2\/product_brand?post=63145"},{"taxonomy":"product_cat","embeddable":true,"href":"https:\/\/ultrasfactory.com\/pt-pt\/wp-json\/wp\/v2\/product_cat?post=63145"},{"taxonomy":"product_tag","embeddable":true,"href":"https:\/\/ultrasfactory.com\/pt-pt\/wp-json\/wp\/v2\/product_tag?post=63145"}],"curies":[{"name":"wp","href":"https:\/\/api.w.org\/{rel}","templated":true}]}}