{"id":63149,"date":"2025-08-22T11:52:10","date_gmt":"2025-08-22T10:52:10","guid":{"rendered":"https:\/\/ultrasfactory.com\/product\/riakeo-hf-138-2475-peking-opera-6-bolo-composto-de-138-disparos\/"},"modified":"2025-10-28T15:29:01","modified_gmt":"2025-10-28T14:29:01","slug":"riakeo-hf-138-2475-peking-opera-6-bolo-composto-de-138-disparos","status":"publish","type":"product","link":"https:\/\/ultrasfactory.com\/pt-pt\/product\/riakeo-hf-138-2475-peking-opera-6-bolo-composto-de-138-disparos\/","title":{"rendered":"Riakeo HF-138-2475 &#8220;Peking Opera 6&#8221; &#8211; Bolo composto de 138 disparos"},"content":{"rendered":"<h3 data-start=\"545\" data-end=\"613\"><strong data-start=\"549\" data-end=\"613\">Riakeo HF-138-2475 &#8220;Peking Opera 6&#8221; &#8211; bolo composto de 138 disparos<\/strong><\/h3>\n<p data-start=\"615\" data-end=\"1000\">Prepara-te para um espet\u00e1culo pirot\u00e9cnico de cortar a respira\u00e7\u00e3o com o <strong data-start=\"677\" data-end=\"697\">&#8220;Peking Opera 6&#8221;<\/strong> da Riakeo. Este bolo composto \u00e9 composto por <g id=\"gid_1\">138 tubos de calibre 25 e 30 mm<\/g>, dispostos de forma mista &#8211; em linha reta (em forma de I) e em leque, criando um espet\u00e1culo com uma amplitude not\u00e1vel e um visual din\u00e2mico. A dura\u00e7\u00e3o do espet\u00e1culo \u00e9 de cerca de <strong data-start=\"922\" data-end=\"936\">45 segundos<\/strong>, fazendo com que os efeitos subam at\u00e9 <strong data-start=\"968\" data-end=\"984\">20-25 metros<\/strong> no c\u00e9u.  <\/p>\n<p data-start=\"1002\" data-end=\"1230\">Com um enorme <strong data-start=\"1017\" data-end=\"1031\">NEC de 2244 g<\/strong>, este fogo de artif\u00edcio est\u00e1 repleto de pot\u00eancia. A sua classifica\u00e7\u00e3o <strong data-start=\"1073\" data-end=\"1093\">CE F3 \/ ADR 1.3G<\/strong> torna-o adequado para utilizadores experientes e para grandes exposi\u00e7\u00f5es exteriores onde s\u00e3o necess\u00e1rios efeitos intensos e espectaculares. <\/p>\n<p data-start=\"1232\" data-end=\"1452\"><strong data-start=\"1232\" data-end=\"1250\">Peking Opera 6<\/strong> \u00e9 a escolha perfeita como <strong data-start=\"1278\" data-end=\"1326\">ponto alto de um evento principal, final ou pe\u00e7a central<\/strong> de uma grande celebra\u00e7\u00e3o &#8211; oferecendo uma rica paleta de cores, um ritmo r\u00e1pido e um impacto visual dram\u00e1tico do in\u00edcio ao fim.<\/p>\n","protected":false},"excerpt":{"rendered":"<p data-start=\"149\" data-end=\"190\"><strong data-start=\"149\" data-end=\"188\">Riakeo HF-138-2475 &#8220;\u00d3pera de Pequim 6&#8221;<\/strong><\/p>\n<ul data-start=\"191\" data-end=\"502\">\n<li data-start=\"191\" data-end=\"209\">\n<p data-start=\"193\" data-end=\"209\">Dispara: <strong data-start=\"200\" data-end=\"207\">138<\/strong><\/p>\n<\/li>\n<li data-start=\"210\" data-end=\"240\">\n<p data-start=\"212\" data-end=\"240\">Calibre: <strong data-start=\"221\" data-end=\"238\">25 mm \/ 30 mm<\/strong><\/p>\n<\/li>\n<li data-start=\"241\" data-end=\"270\">\n<p data-start=\"243\" data-end=\"270\">Dura\u00e7\u00e3o: <strong data-start=\"253\" data-end=\"268\">~45 segundos<\/strong><\/p>\n<\/li>\n<li data-start=\"271\" data-end=\"315\">\n<p data-start=\"273\" data-end=\"315\">Padr\u00e3o de disparo: reto (em forma de I) + leque<\/p>\n<\/li>\n<li data-start=\"316\" data-end=\"346\">\n<p data-start=\"318\" data-end=\"346\">Altura do efeito: <strong data-start=\"333\" data-end=\"344\">20-25 m<\/strong><\/p>\n<\/li>\n<li data-start=\"347\" data-end=\"366\">\n<p data-start=\"349\" data-end=\"366\">NEC: <strong data-start=\"354\" data-end=\"364\">2244 g<\/strong><\/p>\n<\/li>\n<li data-start=\"367\" data-end=\"390\">\n<p data-start=\"369\" data-end=\"390\">Categoria CE: <strong data-start=\"382\" data-end=\"388\">F3<\/strong><\/p>\n<\/li>\n<li data-start=\"391\" data-end=\"423\">\n<p data-start=\"393\" data-end=\"423\">Classifica\u00e7\u00e3o ADR: <strong data-start=\"413\" data-end=\"421\">1.3G<\/strong><\/p>\n<\/li>\n<\/ul>\n","protected":false},"featured_media":63151,"comment_status":"closed","ping_status":"closed","template":"","meta":{"_acf_changed":false},"product_brand":[],"product_cat":[477,495],"product_tag":[],"class_list":{"0":"post-63149","1":"product","2":"type-product","3":"status-publish","4":"has-post-thumbnail","6":"product_cat-baterias","7":"product_cat-promocao","8":"pa_brandx-riakeo","10":"first","11":"instock","12":"sale","13":"taxable","14":"shipping-taxable","15":"purchasable","16":"product-type-simple"},"acf":[],"_links":{"self":[{"href":"https:\/\/ultrasfactory.com\/pt-pt\/wp-json\/wp\/v2\/product\/63149","targetHints":{"allow":["GET"]}}],"collection":[{"href":"https:\/\/ultrasfactory.com\/pt-pt\/wp-json\/wp\/v2\/product"}],"about":[{"href":"https:\/\/ultrasfactory.com\/pt-pt\/wp-json\/wp\/v2\/types\/product"}],"replies":[{"embeddable":true,"href":"https:\/\/ultrasfactory.com\/pt-pt\/wp-json\/wp\/v2\/comments?post=63149"}],"wp:featuredmedia":[{"embeddable":true,"href":"https:\/\/ultrasfactory.com\/pt-pt\/wp-json\/wp\/v2\/media\/63151"}],"wp:attachment":[{"href":"https:\/\/ultrasfactory.com\/pt-pt\/wp-json\/wp\/v2\/media?parent=63149"}],"wp:term":[{"taxonomy":"product_brand","embeddable":true,"href":"https:\/\/ultrasfactory.com\/pt-pt\/wp-json\/wp\/v2\/product_brand?post=63149"},{"taxonomy":"product_cat","embeddable":true,"href":"https:\/\/ultrasfactory.com\/pt-pt\/wp-json\/wp\/v2\/product_cat?post=63149"},{"taxonomy":"product_tag","embeddable":true,"href":"https:\/\/ultrasfactory.com\/pt-pt\/wp-json\/wp\/v2\/product_tag?post=63149"}],"curies":[{"name":"wp","href":"https:\/\/api.w.org\/{rel}","templated":true}]}}