{"id":63178,"date":"2025-08-07T11:10:58","date_gmt":"2025-08-07T10:10:58","guid":{"rendered":"https:\/\/ultrasfactory.com\/product\/tshirt-freedom-for-ultras-liberdade-para-os-ultras\/"},"modified":"2025-10-31T12:40:01","modified_gmt":"2025-10-31T11:40:01","slug":"tshirt-freedom-for-ultras-liberdade-para-os-ultras","status":"publish","type":"product","link":"https:\/\/ultrasfactory.com\/pt-pt\/product\/tshirt-freedom-for-ultras-liberdade-para-os-ultras\/","title":{"rendered":"Tshirt &#8220;Freedom For Ultras&#8221; (Liberdade para os Ultras)"},"content":{"rendered":"<p data-start=\"125\" data-end=\"164\"><strong data-start=\"125\" data-end=\"164\">T-shirt SECTOR &#8220;Liberdade para os Ultras&#8221;<\/strong><\/p>\n<p data-start=\"166\" data-end=\"509\">Defende a unidade e a resist\u00eancia com a T-shirt SECTOR &#8220;Freedom for Ultras&#8221;. Esta t-shirt preta faz uma afirma\u00e7\u00e3o ousada com uma impress\u00e3o frontal impressionante &#8211; um ultra algemado escoltado por dois agentes da pol\u00edcia, acompanhado pelo poderoso slogan <g id=\"gid_0\">&#8220;<g id=\"gid_1\">Freedom for Ultras<\/g>&#8220;.<\/g> A parte de tr\u00e1s apresenta um log\u00f3tipo <strong>SECTOR<\/strong> proeminente, que real\u00e7a a identidade e o desafio.  <\/p>\n","protected":false},"excerpt":{"rendered":"<p>T-shirt SECTOR &#8220;Liberdade para os Ultras&#8221; Defende a unidade e a resist\u00eancia com a T-shirt SECTOR &#8220;Freedom for Ultras&#8221;. Esta t-shirt preta faz uma afirma\u00e7\u00e3o ousada com uma impress\u00e3o frontal impressionante &#8211; um ultra algemado escoltado por dois agentes da pol\u00edcia, acompanhado pelo poderoso slogan &#8220;Freedom for Ultras&#8220;. A parte de tr\u00e1s apresenta um log\u00f3tipo [&hellip;]<\/p>\n","protected":false},"featured_media":63181,"comment_status":"closed","ping_status":"closed","template":"","meta":{"_acf_changed":false},"product_brand":[],"product_cat":[483,479],"product_tag":[],"class_list":{"0":"post-63178","1":"product","2":"type-product","3":"status-publish","4":"has-post-thumbnail","6":"product_cat-camisetas","7":"product_cat-roupas","9":"first","10":"instock","11":"taxable","12":"shipping-taxable","13":"purchasable","14":"product-type-variable"},"acf":[],"_links":{"self":[{"href":"https:\/\/ultrasfactory.com\/pt-pt\/wp-json\/wp\/v2\/product\/63178","targetHints":{"allow":["GET"]}}],"collection":[{"href":"https:\/\/ultrasfactory.com\/pt-pt\/wp-json\/wp\/v2\/product"}],"about":[{"href":"https:\/\/ultrasfactory.com\/pt-pt\/wp-json\/wp\/v2\/types\/product"}],"replies":[{"embeddable":true,"href":"https:\/\/ultrasfactory.com\/pt-pt\/wp-json\/wp\/v2\/comments?post=63178"}],"wp:featuredmedia":[{"embeddable":true,"href":"https:\/\/ultrasfactory.com\/pt-pt\/wp-json\/wp\/v2\/media\/63181"}],"wp:attachment":[{"href":"https:\/\/ultrasfactory.com\/pt-pt\/wp-json\/wp\/v2\/media?parent=63178"}],"wp:term":[{"taxonomy":"product_brand","embeddable":true,"href":"https:\/\/ultrasfactory.com\/pt-pt\/wp-json\/wp\/v2\/product_brand?post=63178"},{"taxonomy":"product_cat","embeddable":true,"href":"https:\/\/ultrasfactory.com\/pt-pt\/wp-json\/wp\/v2\/product_cat?post=63178"},{"taxonomy":"product_tag","embeddable":true,"href":"https:\/\/ultrasfactory.com\/pt-pt\/wp-json\/wp\/v2\/product_tag?post=63178"}],"curies":[{"name":"wp","href":"https:\/\/api.w.org\/{rel}","templated":true}]}}