{"id":63190,"date":"2025-08-22T11:57:49","date_gmt":"2025-08-22T10:57:49","guid":{"rendered":"https:\/\/ultrasfactory.com\/product\/c10020bps14\/"},"modified":"2025-10-28T15:29:04","modified_gmt":"2025-10-28T14:29:04","slug":"c10020bps14","status":"publish","type":"product","link":"https:\/\/ultrasfactory.com\/pt-pt\/product\/c10020bps14\/","title":{"rendered":"C10020BPS14"},"content":{"rendered":"<h3 data-start=\"884\" data-end=\"964\"><strong data-start=\"888\" data-end=\"964\">Kl\u00e1sek C10020BPS14 &#8220;Devils Crym&#8221; &#8211; Bolo de fogo de artif\u00edcio com 100 disparos<\/strong><\/h3>\n<p data-start=\"966\" data-end=\"1308\">Eleva a tua celebra\u00e7\u00e3o com o Devils Crym da Kl\u00e1sek &#8211; um impressionante <strong data-start=\"1052\" data-end=\"1069\">bolo de 100 disparos<\/strong> constru\u00eddo para proporcionar quase <strong data-start=\"1094\" data-end=\"1108\">80 segundos<\/strong> de emo\u00e7\u00e3o a\u00e9rea cont\u00ednua. Este fogo de artif\u00edcio de v\u00e1rios disparos apresenta um padr\u00e3o de disparo limpo e <strong data-start=\"1185\" data-end=\"1207\">reto (em forma de I)<\/strong> e tubos <strong data-start=\"1227\" data-end=\"1244\">de calibre 20 mm<\/strong>, culminando numa cascata suave e constante de explos\u00f5es v\u00edvidas. <\/p>\n<p data-start=\"1310\" data-end=\"1579\">Tal como o nome sugere, o efeito &#8220;Devils Crym&#8221; cria antecipa\u00e7\u00e3o, proporcionando disparos r\u00edtmicos que enchem o c\u00e9u sem uma velocidade excessiva. Com uma <strong data-start=\"1457\" data-end=\"1473\">classifica\u00e7\u00e3o CE F2<\/strong>, este bolo atinge um bom equil\u00edbrio entre o desempenho visual impactante e a seguran\u00e7a para utiliza\u00e7\u00e3o ao n\u00edvel do consumidor. <\/p>\n<p data-start=\"1581\" data-end=\"1776\">Embalado em conjuntos de quatro, \u00e9 perfeito para exibi\u00e7\u00f5es no quintal, reuni\u00f5es festivas ou arranjos mistos em espect\u00e1culos pirot\u00e9cnicos maiores &#8211; oferecendo um toque profissional a uma escala acess\u00edvel ao consumidor.<\/p>\n","protected":false},"excerpt":{"rendered":"<ul>\n<li data-start=\"171\" data-end=\"212\">\n<p data-start=\"173\" data-end=\"212\"><span class=\"relative -mx-px my-[-0.2rem] rounded px-px py-[0.2rem] transition-colors duration-100 ease-in-out\"><strong data-start=\"0\" data-end=\"16\" data-is-only-node=\"\">C\u00f3digo do produto<\/strong>: C10020BPS14<\/span><\/p>\n<\/li>\n<li data-start=\"213\" data-end=\"254\">\n<p data-start=\"215\" data-end=\"254\"><span class=\"relative -mx-px my-[-0.2rem] rounded px-px py-[0.2rem] transition-colors duration-100 ease-in-out\"><strong data-start=\"0\" data-end=\"8\" data-is-only-node=\"\">Nome<\/strong>: Grito do Diabo  <\/span><\/p>\n<\/li>\n<li data-start=\"255\" data-end=\"283\">\n<p data-start=\"257\" data-end=\"283\"><strong data-start=\"257\" data-end=\"273\">Fabricante<\/strong>: Kl\u00e1sek<\/p>\n<\/li>\n<li data-start=\"284\" data-end=\"325\">\n<p data-start=\"286\" data-end=\"325\"><span class=\"relative -mx-px my-[-0.2rem] rounded px-px py-[0.2rem] transition-colors duration-100 ease-in-out\"><strong data-start=\"0\" data-end=\"8\" data-is-only-node=\"\">Tipo<\/strong>: Bolo de fogo de artif\u00edcio (bateria multi-shot)<\/span><\/p>\n<\/li>\n<li data-start=\"326\" data-end=\"367\">\n<p data-start=\"328\" data-end=\"367\"><span class=\"relative -mx-px my-[-0.2rem] rounded px-px py-[0.2rem] transition-colors duration-100 ease-in-out\"><strong data-start=\"0\" data-end=\"19\" data-is-only-node=\"\">N\u00famero de disparos<\/strong>: 100<\/span><\/p>\n<\/li>\n<li data-start=\"368\" data-end=\"409\">\n<p data-start=\"370\" data-end=\"409\"><span class=\"relative -mx-px my-[-0.2rem] rounded px-px py-[0.2rem] transition-colors duration-100 ease-in-out\"><strong data-start=\"0\" data-end=\"11\" data-is-only-node=\"\">Calibre<\/strong>: 20 mm<\/span><\/p>\n<\/li>\n<li data-start=\"410\" data-end=\"489\">\n<p data-start=\"412\" data-end=\"489\"><span class=\"relative -mx-px my-[-0.2rem] rounded px-px py-[0.2rem] transition-colors duration-100 ease-in-out\"><strong data-start=\"0\" data-end=\"12\" data-is-only-node=\"\">Dura\u00e7\u00e3o<\/strong>: cerca de <strong data-start=\"22\" data-end=\"36\" data-is-last-node=\"\">80 segundos<\/strong><\/span><\/p>\n<\/li>\n<li data-start=\"490\" data-end=\"571\">\n<p data-start=\"492\" data-end=\"571\"><span class=\"relative -mx-px my-[-0.2rem] rounded px-px py-[0.2rem] transition-colors duration-100 ease-in-out\"><strong data-start=\"0\" data-end=\"18\" data-is-only-node=\"\">Padr\u00e3o de disparo<\/strong>: Tubos rectos (em forma de I)<\/span><\/p>\n<\/li>\n<li data-start=\"616\" data-end=\"699\">\n<p data-start=\"618\" data-end=\"699\"><span class=\"relative -mx-px my-[-0.2rem] rounded px-px py-[0.2rem] transition-colors duration-100 ease-in-out\"><strong data-start=\"0\" data-end=\"15\" data-is-only-node=\"\">Categoria CE<\/strong>: F2 (para uso do consumidor)<\/span><\/p>\n<\/li>\n<\/ul>\n","protected":false},"featured_media":63193,"comment_status":"open","ping_status":"closed","template":"","meta":{"_acf_changed":false},"product_brand":[],"product_cat":[477,495],"product_tag":[560,625,601],"class_list":{"0":"post-63190","1":"product","2":"type-product","3":"status-publish","4":"has-post-thumbnail","6":"product_cat-baterias","7":"product_cat-promocao","8":"product_tag-bateria","9":"product_tag-classe","10":"product_tag-fogos-de-artificio-2","12":"first","13":"outofstock","14":"sale","15":"taxable","16":"shipping-taxable","17":"purchasable","18":"product-type-simple"},"acf":[],"_links":{"self":[{"href":"https:\/\/ultrasfactory.com\/pt-pt\/wp-json\/wp\/v2\/product\/63190","targetHints":{"allow":["GET"]}}],"collection":[{"href":"https:\/\/ultrasfactory.com\/pt-pt\/wp-json\/wp\/v2\/product"}],"about":[{"href":"https:\/\/ultrasfactory.com\/pt-pt\/wp-json\/wp\/v2\/types\/product"}],"replies":[{"embeddable":true,"href":"https:\/\/ultrasfactory.com\/pt-pt\/wp-json\/wp\/v2\/comments?post=63190"}],"wp:featuredmedia":[{"embeddable":true,"href":"https:\/\/ultrasfactory.com\/pt-pt\/wp-json\/wp\/v2\/media\/63193"}],"wp:attachment":[{"href":"https:\/\/ultrasfactory.com\/pt-pt\/wp-json\/wp\/v2\/media?parent=63190"}],"wp:term":[{"taxonomy":"product_brand","embeddable":true,"href":"https:\/\/ultrasfactory.com\/pt-pt\/wp-json\/wp\/v2\/product_brand?post=63190"},{"taxonomy":"product_cat","embeddable":true,"href":"https:\/\/ultrasfactory.com\/pt-pt\/wp-json\/wp\/v2\/product_cat?post=63190"},{"taxonomy":"product_tag","embeddable":true,"href":"https:\/\/ultrasfactory.com\/pt-pt\/wp-json\/wp\/v2\/product_tag?post=63190"}],"curies":[{"name":"wp","href":"https:\/\/api.w.org\/{rel}","templated":true}]}}