{"id":63194,"date":"2025-09-03T14:23:30","date_gmt":"2025-09-03T13:23:30","guid":{"rendered":"https:\/\/ultrasfactory.com\/product\/bum-gatling-a-cores-380-tiros-cb100\/"},"modified":"2025-10-28T15:29:05","modified_gmt":"2025-10-28T14:29:05","slug":"bum-gatling-a-cores-380-tiros-cb100","status":"publish","type":"product","link":"https:\/\/ultrasfactory.com\/pt-pt\/product\/bum-gatling-a-cores-380-tiros-cb100\/","title":{"rendered":"Bum Gatling a cores 380 tiros CB100"},"content":{"rendered":"<p><iframe loading=\"lazy\" title=\"Reprodutor de v\u00eddeo do YouTube\" src=\"https:\/\/www.youtube.com\/embed\/0dTnFtK7pbw?si=9dKcT58cxTeak-ED\" width=\"560\" height=\"315\" frameborder=\"0\" allowfullscreen=\"allowfullscreen\"><\/iframe><\/p>\n","protected":false},"excerpt":{"rendered":"<ul>\n<li data-start=\"101\" data-end=\"180\">\n<p data-start=\"103\" data-end=\"180\"><strong><span class=\"relative -mx-px my-[-0.2rem] rounded px-px py-[0.2rem] transition-colors duration-100 ease-in-out\">Efeito: Uma bateria de vela romana vibrante que proporciona 380 disparos r\u00e1pidos, com estrelas vermelhas e verdes e explos\u00f5es ao estilo de cris\u00e2ntemos<\/span><\/strong><\/p>\n<\/li>\n<li data-start=\"181\" data-end=\"260\">\n<p data-start=\"183\" data-end=\"260\"><strong><span class=\"relative -mx-px my-[-0.2rem] rounded px-px py-[0.2rem] transition-colors duration-100 ease-in-out\">Calibre: 10 mm<\/span><\/strong><\/p>\n<\/li>\n<li data-start=\"261\" data-end=\"340\">\n<p data-start=\"263\" data-end=\"340\"><strong><span class=\"relative -mx-px my-[-0.2rem] rounded px-px py-[0.2rem] transition-colors duration-100 ease-in-out\">Dispara: 380 explos\u00f5es sequenciais de cor pirot\u00e9cnica.<\/span> <\/strong><\/p>\n<\/li>\n<li data-start=\"341\" data-end=\"420\">\n<p data-start=\"343\" data-end=\"420\"><strong><span class=\"relative -mx-px my-[-0.2rem] rounded px-px py-[0.2rem] transition-colors duration-100 ease-in-out\">Conte\u00fado explosivo l\u00edquido (NEC): 98,8 g<\/span><\/strong><\/p>\n<\/li>\n<li data-start=\"421\" data-end=\"502\">\n<p data-start=\"423\" data-end=\"502\"><strong><span class=\"relative -mx-px my-[-0.2rem] rounded px-px py-[0.2rem] transition-colors duration-100 ease-in-out\">Certifica\u00e7\u00e3o: Certificado CE, categoria F2 (utiliza\u00e7\u00e3o recreativa normal)<\/span> <\/strong><\/p>\n<\/li>\n<li data-start=\"503\" data-end=\"586\">\n<p data-start=\"505\" data-end=\"586\"><strong><span class=\"relative -mx-px my-[-0.2rem] rounded px-px py-[0.2rem] transition-colors duration-100 ease-in-out\">Dimens\u00f5es: Aprox. 70 cm de altura \u00d7 9 cm de largura \u00d7 9 cm   <\/span><\/strong><\/p>\n<\/li>\n<li data-start=\"587\" data-end=\"699\">\n<p data-start=\"589\" data-end=\"699\"><strong>Seguran\u00e7a: Para utiliza\u00e7\u00e3o apenas por adultos, seguindo todas as instru\u00e7\u00f5es de seguran\u00e7a aplic\u00e1veis (impl\u00edcitas na categoria F2).<\/strong><\/p>\n<\/li>\n<\/ul>\n","protected":false},"featured_media":63196,"comment_status":"closed","ping_status":"closed","template":"","meta":{"_acf_changed":false},"product_brand":[],"product_cat":[491],"product_tag":[],"class_list":{"0":"post-63194","1":"product","2":"type-product","3":"status-publish","4":"has-post-thumbnail","6":"product_cat-velas-romanas","7":"pa_brandx-zom-bum","9":"first","10":"outofstock","11":"taxable","12":"shipping-taxable","13":"purchasable","14":"product-type-simple"},"acf":[],"_links":{"self":[{"href":"https:\/\/ultrasfactory.com\/pt-pt\/wp-json\/wp\/v2\/product\/63194","targetHints":{"allow":["GET"]}}],"collection":[{"href":"https:\/\/ultrasfactory.com\/pt-pt\/wp-json\/wp\/v2\/product"}],"about":[{"href":"https:\/\/ultrasfactory.com\/pt-pt\/wp-json\/wp\/v2\/types\/product"}],"replies":[{"embeddable":true,"href":"https:\/\/ultrasfactory.com\/pt-pt\/wp-json\/wp\/v2\/comments?post=63194"}],"wp:featuredmedia":[{"embeddable":true,"href":"https:\/\/ultrasfactory.com\/pt-pt\/wp-json\/wp\/v2\/media\/63196"}],"wp:attachment":[{"href":"https:\/\/ultrasfactory.com\/pt-pt\/wp-json\/wp\/v2\/media?parent=63194"}],"wp:term":[{"taxonomy":"product_brand","embeddable":true,"href":"https:\/\/ultrasfactory.com\/pt-pt\/wp-json\/wp\/v2\/product_brand?post=63194"},{"taxonomy":"product_cat","embeddable":true,"href":"https:\/\/ultrasfactory.com\/pt-pt\/wp-json\/wp\/v2\/product_cat?post=63194"},{"taxonomy":"product_tag","embeddable":true,"href":"https:\/\/ultrasfactory.com\/pt-pt\/wp-json\/wp\/v2\/product_tag?post=63194"}],"curies":[{"name":"wp","href":"https:\/\/api.w.org\/{rel}","templated":true}]}}