{"id":63199,"date":"2025-09-03T13:38:03","date_gmt":"2025-09-03T12:38:03","guid":{"rendered":"https:\/\/ultrasfactory.com\/product\/agente-zombie-cracker-zb581\/"},"modified":"2025-10-28T15:29:06","modified_gmt":"2025-10-28T14:29:06","slug":"agente-zombie-cracker-zb581","status":"publish","type":"product","link":"https:\/\/ultrasfactory.com\/pt-pt\/product\/agente-zombie-cracker-zb581\/","title":{"rendered":"Agente Zombie Cracker ZB581"},"content":{"rendered":"<p><iframe loading=\"lazy\" title=\"Reprodutor de v\u00eddeo do YouTube\" src=\"https:\/\/www.youtube.com\/embed\/V4fvFtZOvJw?si=VMAjuIvhSVBLRB8n\" width=\"560\" height=\"315\" frameborder=\"0\" allowfullscreen=\"allowfullscreen\"><\/iframe><\/p>\n","protected":false},"excerpt":{"rendered":"<ul>\n<li data-start=\"456\" data-end=\"575\">\n<p data-start=\"458\" data-end=\"575\">Efeito visual: uma poderosa fonte que dispara at\u00e9 2 metros de altura, com fa\u00edscas din\u00e2micas e efeitos crepitantes.<\/p>\n<\/li>\n<li data-start=\"576\" data-end=\"640\">\n<p data-start=\"578\" data-end=\"640\">Dura\u00e7\u00e3o: cerca de 90-100 segundos de espet\u00e1culo cont\u00ednuo. <\/p>\n<\/li>\n<li data-start=\"641\" data-end=\"755\">\n<p data-start=\"643\" data-end=\"673\">Peso e teor de p\u00f3:<\/p>\n<ul data-start=\"676\" data-end=\"755\">\n<li data-start=\"676\" data-end=\"710\">\n<p data-start=\"678\" data-end=\"710\">Peso total: cerca de 500 g<\/p>\n<\/li>\n<li data-start=\"713\" data-end=\"755\">\n<p data-start=\"715\" data-end=\"755\">NEC (Conte\u00fado Explosivo L\u00edquido): 144 g<\/p>\n<\/li>\n<\/ul>\n<\/li>\n<li data-start=\"756\" data-end=\"825\">\n<p data-start=\"758\" data-end=\"825\">Tamanho da embalagem: 26 \u00d7 21 \u00d7 9 cm &#8211; compacta e f\u00e1cil de guardar.<\/p>\n<\/li>\n<li data-start=\"826\" data-end=\"915\">\n<p data-start=\"828\" data-end=\"915\">Certifica\u00e7\u00e3o: Certificado CE, em conformidade com as normas de seguran\u00e7a da categoria F2.<\/p>\n<\/li>\n<li data-start=\"916\" data-end=\"994\">\n<p data-start=\"918\" data-end=\"994\">Seguran\u00e7a: para ser utilizado apenas por adultos, seguindo todas as instru\u00e7\u00f5es de seguran\u00e7a.<\/p>\n<\/li>\n<\/ul>\n","protected":false},"featured_media":63201,"comment_status":"closed","ping_status":"closed","template":"","meta":{"_acf_changed":false},"product_brand":[],"product_cat":[475],"product_tag":[],"class_list":{"0":"post-63199","1":"product","2":"type-product","3":"status-publish","4":"has-post-thumbnail","6":"product_cat-fontes","7":"pa_brandx-zom-bum","9":"first","10":"instock","11":"taxable","12":"shipping-taxable","13":"purchasable","14":"product-type-simple"},"acf":[],"_links":{"self":[{"href":"https:\/\/ultrasfactory.com\/pt-pt\/wp-json\/wp\/v2\/product\/63199","targetHints":{"allow":["GET"]}}],"collection":[{"href":"https:\/\/ultrasfactory.com\/pt-pt\/wp-json\/wp\/v2\/product"}],"about":[{"href":"https:\/\/ultrasfactory.com\/pt-pt\/wp-json\/wp\/v2\/types\/product"}],"replies":[{"embeddable":true,"href":"https:\/\/ultrasfactory.com\/pt-pt\/wp-json\/wp\/v2\/comments?post=63199"}],"wp:featuredmedia":[{"embeddable":true,"href":"https:\/\/ultrasfactory.com\/pt-pt\/wp-json\/wp\/v2\/media\/63201"}],"wp:attachment":[{"href":"https:\/\/ultrasfactory.com\/pt-pt\/wp-json\/wp\/v2\/media?parent=63199"}],"wp:term":[{"taxonomy":"product_brand","embeddable":true,"href":"https:\/\/ultrasfactory.com\/pt-pt\/wp-json\/wp\/v2\/product_brand?post=63199"},{"taxonomy":"product_cat","embeddable":true,"href":"https:\/\/ultrasfactory.com\/pt-pt\/wp-json\/wp\/v2\/product_cat?post=63199"},{"taxonomy":"product_tag","embeddable":true,"href":"https:\/\/ultrasfactory.com\/pt-pt\/wp-json\/wp\/v2\/product_tag?post=63199"}],"curies":[{"name":"wp","href":"https:\/\/api.w.org\/{rel}","templated":true}]}}