{"id":63203,"date":"2025-09-03T13:40:57","date_gmt":"2025-09-03T12:40:57","guid":{"rendered":"https:\/\/ultrasfactory.com\/product\/bazooka-2-5-cracker-5-tiros-zb363\/"},"modified":"2025-10-28T15:29:06","modified_gmt":"2025-10-28T14:29:06","slug":"bazooka-2-5-cracker-5-tiros-zb363","status":"publish","type":"product","link":"https:\/\/ultrasfactory.com\/pt-pt\/product\/bazooka-2-5-cracker-5-tiros-zb363\/","title":{"rendered":"Bazooka 2.5 Cracker 5 tiros ZB363"},"content":{"rendered":"<p><iframe loading=\"lazy\" title=\"Reprodutor de v\u00eddeo do YouTube\" src=\"https:\/\/www.youtube.com\/embed\/-dR80wDTtVc?si=jxJX2dn1fip682Ei\" width=\"560\" height=\"315\" frameborder=\"0\" allowfullscreen=\"allowfullscreen\"><\/iframe><\/p>\n","protected":false},"excerpt":{"rendered":"<ul data-start=\"185\" data-end=\"733\">\n<li data-start=\"185\" data-end=\"243\">\n<p data-start=\"187\" data-end=\"243\">Efeito: 5 tiros fortes e crepitantes com rajadas fortes.<\/p>\n<\/li>\n<li data-start=\"244\" data-end=\"286\">\n<p data-start=\"246\" data-end=\"286\">Calibre: 25 mm estilo vela romana.<\/p>\n<\/li>\n<li data-start=\"287\" data-end=\"313\">\n<p data-start=\"289\" data-end=\"313\">Toma: 5 por tubo.<\/p>\n<\/li>\n<li data-start=\"314\" data-end=\"367\">\n<p data-start=\"316\" data-end=\"367\">Dura\u00e7\u00e3o: Sequ\u00eancia r\u00e1pida de efeitos poderosos.<\/p>\n<\/li>\n<li data-start=\"368\" data-end=\"522\">\n<p data-start=\"370\" data-end=\"400\">Peso e teor de p\u00f3:<\/p>\n<ul data-start=\"403\" data-end=\"522\">\n<li data-start=\"403\" data-end=\"454\">\n<p data-start=\"405\" data-end=\"454\">Peso total: aprox. 650 g (por embalagem de 2) <\/p>\n<\/li>\n<li data-start=\"457\" data-end=\"522\">\n<p data-start=\"459\" data-end=\"522\">NEC (Conte\u00fado Explosivo L\u00edquido): ~40 g por pe\u00e7a (80 g no total)<\/p>\n<\/li>\n<\/ul>\n<\/li>\n<li data-start=\"523\" data-end=\"580\">\n<p data-start=\"525\" data-end=\"580\">Tamanho da embalagem: aprox. 68 \u00d7 4 \u00d7 4 cm por tubo. <\/p>\n<\/li>\n<li data-start=\"581\" data-end=\"659\">\n<p data-start=\"583\" data-end=\"659\">Certifica\u00e7\u00e3o: Certificado CE, categoria F2<\/p>\n<\/li>\n<li data-start=\"660\" data-end=\"733\">\n<p data-start=\"662\" data-end=\"733\">N\u00e3o te preocupes com a seguran\u00e7a: Para utiliza\u00e7\u00e3o exclusiva por adultos, segue todas as orienta\u00e7\u00f5es de seguran\u00e7a.<\/p>\n<\/li>\n<\/ul>\n","protected":false},"featured_media":63204,"comment_status":"closed","ping_status":"closed","template":"","meta":{"_acf_changed":false},"product_brand":[],"product_cat":[491],"product_tag":[],"class_list":{"0":"post-63203","1":"product","2":"type-product","3":"status-publish","4":"has-post-thumbnail","6":"product_cat-velas-romanas","7":"pa_brandx-zom-bum","9":"first","10":"instock","11":"taxable","12":"shipping-taxable","13":"purchasable","14":"product-type-simple"},"acf":[],"_links":{"self":[{"href":"https:\/\/ultrasfactory.com\/pt-pt\/wp-json\/wp\/v2\/product\/63203","targetHints":{"allow":["GET"]}}],"collection":[{"href":"https:\/\/ultrasfactory.com\/pt-pt\/wp-json\/wp\/v2\/product"}],"about":[{"href":"https:\/\/ultrasfactory.com\/pt-pt\/wp-json\/wp\/v2\/types\/product"}],"replies":[{"embeddable":true,"href":"https:\/\/ultrasfactory.com\/pt-pt\/wp-json\/wp\/v2\/comments?post=63203"}],"wp:featuredmedia":[{"embeddable":true,"href":"https:\/\/ultrasfactory.com\/pt-pt\/wp-json\/wp\/v2\/media\/63204"}],"wp:attachment":[{"href":"https:\/\/ultrasfactory.com\/pt-pt\/wp-json\/wp\/v2\/media?parent=63203"}],"wp:term":[{"taxonomy":"product_brand","embeddable":true,"href":"https:\/\/ultrasfactory.com\/pt-pt\/wp-json\/wp\/v2\/product_brand?post=63203"},{"taxonomy":"product_cat","embeddable":true,"href":"https:\/\/ultrasfactory.com\/pt-pt\/wp-json\/wp\/v2\/product_cat?post=63203"},{"taxonomy":"product_tag","embeddable":true,"href":"https:\/\/ultrasfactory.com\/pt-pt\/wp-json\/wp\/v2\/product_tag?post=63203"}],"curies":[{"name":"wp","href":"https:\/\/api.w.org\/{rel}","templated":true}]}}