{"id":63212,"date":"2025-09-03T16:00:51","date_gmt":"2025-09-03T15:00:51","guid":{"rendered":"https:\/\/ultrasfactory.com\/product\/nitrata-zom-bum-zb107\/"},"modified":"2026-04-04T13:53:44","modified_gmt":"2026-04-04T12:53:44","slug":"nitrata-zom-bum-zb107","status":"publish","type":"product","link":"https:\/\/ultrasfactory.com\/pt-pt\/product\/nitrata-zom-bum-zb107\/","title":{"rendered":"Nitrata Zom Bum ZB107"},"content":{"rendered":"","protected":false},"excerpt":{"rendered":"<table>\n<thead>\n<tr>\n<th>Carater\u00edstica<\/th>\n<th>Especifica\u00e7\u00e3o<\/th>\n<\/tr>\n<\/thead>\n<tbody>\n<tr>\n<td>Nome do produto<\/td>\n<td>Nitrata Zom Bum Expl. (ZB107)<\/td>\n<\/tr>\n<tr>\n<td>Tamanho da embalagem<\/td>\n<td>20 bombinhas de flash<\/td>\n<\/tr>\n<tr>\n<td>Efeito<\/td>\n<td>Explos\u00e3o de flash brilhante<\/td>\n<\/tr>\n<tr>\n<td>NEC<\/td>\n<td>20 g por embalagem<\/td>\n<\/tr>\n<tr>\n<td>Certifica\u00e7\u00e3o<\/td>\n<td>CE, Categoria F3<\/td>\n<\/tr>\n<tr>\n<td>Ano de lan\u00e7amento<\/td>\n<td>Novo para 2025<\/td>\n<\/tr>\n<tr>\n<td>Nota de utiliza\u00e7\u00e3o e seguran\u00e7a<\/td>\n<td>\n<table>\n<tbody>\n<tr>\n<td>Apenas adultos; respeita todas as regras de seguran\u00e7a<\/td>\n<\/tr>\n<\/tbody>\n<\/table>\n<\/td>\n<\/tr>\n<tr>\n<td><\/td>\n<td><\/td>\n<\/tr>\n<\/tbody>\n<\/table>\n","protected":false},"featured_media":60948,"comment_status":"closed","ping_status":"closed","template":"","meta":{"_acf_changed":false},"product_brand":[],"product_cat":[487,495],"product_tag":[],"class_list":{"0":"post-63212","1":"product","2":"type-product","3":"status-publish","4":"has-post-thumbnail","6":"product_cat-fogos-de-artificio","7":"product_cat-promocao","8":"pa_brandx-zom-bum","10":"first","11":"instock","12":"sale","13":"taxable","14":"shipping-taxable","15":"purchasable","16":"product-type-simple"},"acf":[],"_links":{"self":[{"href":"https:\/\/ultrasfactory.com\/pt-pt\/wp-json\/wp\/v2\/product\/63212","targetHints":{"allow":["GET"]}}],"collection":[{"href":"https:\/\/ultrasfactory.com\/pt-pt\/wp-json\/wp\/v2\/product"}],"about":[{"href":"https:\/\/ultrasfactory.com\/pt-pt\/wp-json\/wp\/v2\/types\/product"}],"replies":[{"embeddable":true,"href":"https:\/\/ultrasfactory.com\/pt-pt\/wp-json\/wp\/v2\/comments?post=63212"}],"wp:featuredmedia":[{"embeddable":true,"href":"https:\/\/ultrasfactory.com\/pt-pt\/wp-json\/wp\/v2\/media\/60948"}],"wp:attachment":[{"href":"https:\/\/ultrasfactory.com\/pt-pt\/wp-json\/wp\/v2\/media?parent=63212"}],"wp:term":[{"taxonomy":"product_brand","embeddable":true,"href":"https:\/\/ultrasfactory.com\/pt-pt\/wp-json\/wp\/v2\/product_brand?post=63212"},{"taxonomy":"product_cat","embeddable":true,"href":"https:\/\/ultrasfactory.com\/pt-pt\/wp-json\/wp\/v2\/product_cat?post=63212"},{"taxonomy":"product_tag","embeddable":true,"href":"https:\/\/ultrasfactory.com\/pt-pt\/wp-json\/wp\/v2\/product_tag?post=63212"}],"curies":[{"name":"wp","href":"https:\/\/api.w.org\/{rel}","templated":true}]}}