{"id":63214,"date":"2025-09-03T15:37:20","date_gmt":"2025-09-03T14:37:20","guid":{"rendered":"https:\/\/ultrasfactory.com\/product\/metralhadora-de-300-tiros-zbc164\/"},"modified":"2025-10-28T15:29:09","modified_gmt":"2025-10-28T14:29:09","slug":"metralhadora-de-300-tiros-zbc164","status":"publish","type":"product","link":"https:\/\/ultrasfactory.com\/pt-pt\/product\/metralhadora-de-300-tiros-zbc164\/","title":{"rendered":"Metralhadora de 300 tiros ZBC164"},"content":{"rendered":"<p><iframe loading=\"lazy\" title=\"Reprodutor de v\u00eddeo do YouTube\" src=\"https:\/\/www.youtube.com\/embed\/mcWDcBingmo?si=ZW0p9iKqe0zA9dd_\" width=\"560\" height=\"315\" frameborder=\"0\" allowfullscreen=\"allowfullscreen\"><\/iframe><\/p>\n","protected":false},"excerpt":{"rendered":"<table>\n<thead>\n<tr>\n<th>Carater\u00edstica<\/th>\n<th>Especifica\u00e7\u00e3o<\/th>\n<\/tr>\n<\/thead>\n<tbody>\n<tr>\n<td>Nome do produto<\/td>\n<td>Metralhadora 300 tiros (ZBC164)<\/td>\n<\/tr>\n<tr>\n<td>Disparos<\/td>\n<td>300 disparos consecutivos<\/td>\n<\/tr>\n<tr>\n<td>Calibre<\/td>\n<td>~7 mm<\/td>\n<\/tr>\n<tr>\n<td>Altura de lan\u00e7amento<\/td>\n<td>~15-20 metros<\/td>\n<\/tr>\n<tr>\n<td>Certifica\u00e7\u00e3o<\/td>\n<td>CE, Categoria F2 (utiliza\u00e7\u00e3o recreativa)<\/td>\n<\/tr>\n<tr>\n<td>Nota de seguran\u00e7a<\/td>\n<td>\n<table>\n<tbody>\n<tr>\n<td>Apenas adultos; segue as instru\u00e7\u00f5es de seguran\u00e7a<\/td>\n<\/tr>\n<\/tbody>\n<\/table>\n<\/td>\n<\/tr>\n<tr>\n<td><\/td>\n<td><\/td>\n<\/tr>\n<tr>\n<td><\/td>\n<td><\/td>\n<\/tr>\n<\/tbody>\n<\/table>\n","protected":false},"featured_media":63216,"comment_status":"closed","ping_status":"closed","template":"","meta":{"_acf_changed":false},"product_brand":[],"product_cat":[496],"product_tag":[],"class_list":{"0":"post-63214","1":"product","2":"type-product","3":"status-publish","4":"has-post-thumbnail","6":"product_cat-tiros-unicos","7":"pa_brandx-zom-bum","9":"first","10":"instock","11":"taxable","12":"shipping-taxable","13":"purchasable","14":"product-type-simple"},"acf":[],"_links":{"self":[{"href":"https:\/\/ultrasfactory.com\/pt-pt\/wp-json\/wp\/v2\/product\/63214","targetHints":{"allow":["GET"]}}],"collection":[{"href":"https:\/\/ultrasfactory.com\/pt-pt\/wp-json\/wp\/v2\/product"}],"about":[{"href":"https:\/\/ultrasfactory.com\/pt-pt\/wp-json\/wp\/v2\/types\/product"}],"replies":[{"embeddable":true,"href":"https:\/\/ultrasfactory.com\/pt-pt\/wp-json\/wp\/v2\/comments?post=63214"}],"wp:featuredmedia":[{"embeddable":true,"href":"https:\/\/ultrasfactory.com\/pt-pt\/wp-json\/wp\/v2\/media\/63216"}],"wp:attachment":[{"href":"https:\/\/ultrasfactory.com\/pt-pt\/wp-json\/wp\/v2\/media?parent=63214"}],"wp:term":[{"taxonomy":"product_brand","embeddable":true,"href":"https:\/\/ultrasfactory.com\/pt-pt\/wp-json\/wp\/v2\/product_brand?post=63214"},{"taxonomy":"product_cat","embeddable":true,"href":"https:\/\/ultrasfactory.com\/pt-pt\/wp-json\/wp\/v2\/product_cat?post=63214"},{"taxonomy":"product_tag","embeddable":true,"href":"https:\/\/ultrasfactory.com\/pt-pt\/wp-json\/wp\/v2\/product_tag?post=63214"}],"curies":[{"name":"wp","href":"https:\/\/api.w.org\/{rel}","templated":true}]}}