{"id":63336,"date":"2024-05-08T11:51:21","date_gmt":"2024-05-08T10:51:21","guid":{"rendered":"https:\/\/ultrasfactory.com\/product\/berserk-ic21-100-2\/"},"modified":"2025-10-28T15:29:50","modified_gmt":"2025-10-28T14:29:50","slug":"berserk-ic21-100-2","status":"publish","type":"product","link":"https:\/\/ultrasfactory.com\/pt-pt\/product\/berserk-ic21-100-2\/","title":{"rendered":"Berserk IC21-100-2"},"content":{"rendered":"<p><iframe loading=\"lazy\" title=\"Reprodutor de v\u00eddeo do YouTube\" src=\"https:\/\/www.youtube.com\/embed\/G3_xKuo5UUM?si=Zwjag5o-OLptJ_K_\" width=\"560\" height=\"315\" frameborder=\"0\" allowfullscreen=\"allowfullscreen\"><\/iframe><\/p>\n","protected":false},"excerpt":{"rendered":"<ul>\n<li><strong>100 tiros<\/strong><\/li>\n<li><strong>NEC: 993g<\/strong><\/li>\n<li><strong>21mm<\/strong><\/li>\n<li><strong>Linha Funke \/ Iskra<\/strong><\/li>\n<li><strong>F2<\/strong><\/li>\n<li><strong>Caudas de brocado para coroa de brocado com pe\u00f3nia azul e estrelas coloridas alternadas; com salvas de estranhas caudas girat\u00f3rias de prata assobiando e salva final de salvas de tit\u00e2nio.  <\/strong><\/li>\n<\/ul>\n","protected":false},"featured_media":63337,"comment_status":"open","ping_status":"closed","template":"","meta":{"_acf_changed":false},"product_brand":[],"product_cat":[477,495],"product_tag":[560,559,588,601,611,620,648],"class_list":{"0":"post-63336","1":"product","2":"type-product","3":"status-publish","4":"has-post-thumbnail","6":"product_cat-baterias","7":"product_cat-promocao","8":"product_tag-bateria","9":"product_tag-baterias-2","10":"product_tag-exclusivo","11":"product_tag-fogos-de-artificio-2","12":"product_tag-funk","13":"product_tag-iskralina","14":"product_tag-pyro","15":"pa_brandx-iskra-line","17":"first","18":"outofstock","19":"sale","20":"taxable","21":"shipping-taxable","22":"purchasable","23":"product-type-simple"},"acf":[],"_links":{"self":[{"href":"https:\/\/ultrasfactory.com\/pt-pt\/wp-json\/wp\/v2\/product\/63336","targetHints":{"allow":["GET"]}}],"collection":[{"href":"https:\/\/ultrasfactory.com\/pt-pt\/wp-json\/wp\/v2\/product"}],"about":[{"href":"https:\/\/ultrasfactory.com\/pt-pt\/wp-json\/wp\/v2\/types\/product"}],"replies":[{"embeddable":true,"href":"https:\/\/ultrasfactory.com\/pt-pt\/wp-json\/wp\/v2\/comments?post=63336"}],"wp:featuredmedia":[{"embeddable":true,"href":"https:\/\/ultrasfactory.com\/pt-pt\/wp-json\/wp\/v2\/media\/63337"}],"wp:attachment":[{"href":"https:\/\/ultrasfactory.com\/pt-pt\/wp-json\/wp\/v2\/media?parent=63336"}],"wp:term":[{"taxonomy":"product_brand","embeddable":true,"href":"https:\/\/ultrasfactory.com\/pt-pt\/wp-json\/wp\/v2\/product_brand?post=63336"},{"taxonomy":"product_cat","embeddable":true,"href":"https:\/\/ultrasfactory.com\/pt-pt\/wp-json\/wp\/v2\/product_cat?post=63336"},{"taxonomy":"product_tag","embeddable":true,"href":"https:\/\/ultrasfactory.com\/pt-pt\/wp-json\/wp\/v2\/product_tag?post=63336"}],"curies":[{"name":"wp","href":"https:\/\/api.w.org\/{rel}","templated":true}]}}