{"id":63346,"date":"2024-01-11T10:35:30","date_gmt":"2024-01-11T10:35:30","guid":{"rendered":"https:\/\/ultrasfactory.com\/product\/fiori-ac25-36-6\/"},"modified":"2025-10-28T15:31:01","modified_gmt":"2025-10-28T14:31:01","slug":"fiori-ac25-36-6","status":"publish","type":"product","link":"https:\/\/ultrasfactory.com\/pt-pt\/product\/fiori-ac25-36-6\/","title":{"rendered":"Fiori AC25-36-6"},"content":{"rendered":"<p><iframe loading=\"lazy\" title=\"Reprodutor de v\u00eddeo do YouTube\" src=\"https:\/\/www.youtube.com\/embed\/bhszTGup3mU?si=b5lXD0TJDGwmb3BR\" width=\"560\" height=\"315\" frameborder=\"0\" allowfullscreen=\"allowfullscreen\"><\/iframe><\/p>\n","protected":false},"excerpt":{"rendered":"<ul>\n<li><strong>36 tiros<\/strong><\/li>\n<li><strong>25mm<\/strong><\/li>\n<li><strong>NEC: 496,8g<\/strong><\/li>\n<li><strong>F2<\/strong><\/li>\n<li><strong>Efeitos:<\/strong><\/li>\n<li><strong>  1.) Mudan\u00e7a de cauda verde para coroa de brocado para pontas verdes<\/strong><\/li>\n<li><strong>2.) Mudan\u00e7a da cauda dourada de tit\u00e2nio para dourada de salgueiro de tit\u00e2nio para pontas estrobosc\u00f3picas verdes<\/strong><\/li>\n<li><strong>  3.) Mudan\u00e7a de cauda vermelha para coroa de brocado para pontas vermelhas<\/strong><\/li>\n<li><strong>  4.) Cauda de tit\u00e2nio dourado para salgueiro de tit\u00e2nio dourado com pontas estrobosc\u00f3picas vermelhas<\/strong><\/li>\n<li><strong>5.) Mudan\u00e7a de cauda azul para coroa de brocado para pontas azuis<\/strong><\/li>\n<li><strong>  6.) Muda de cauda dourada de tit\u00e2nio para salgueiro dourado de tit\u00e2nio para pontas estrobosc\u00f3picas brancas.<\/strong><\/li>\n<li><strong>Argento Feuerwerk<\/strong><\/li>\n<\/ul>\n","protected":false},"featured_media":63347,"comment_status":"open","ping_status":"closed","template":"","meta":{"_acf_changed":false},"product_brand":[],"product_cat":[477,495],"product_tag":[560,559,525,601,611,621,553,648],"class_list":{"0":"post-63346","1":"product","2":"type-product","3":"status-publish","4":"has-post-thumbnail","6":"product_cat-baterias","7":"product_cat-promocao","8":"product_tag-bateria","9":"product_tag-baterias-2","10":"product_tag-feuerwerk","11":"product_tag-fogos-de-artificio-2","12":"product_tag-funk","13":"product_tag-linha-iskra","14":"product_tag-prata","15":"product_tag-pyro","16":"pa_brandx-argento-feuerwerk","18":"first","19":"outofstock","20":"sale","21":"taxable","22":"shipping-taxable","23":"purchasable","24":"product-type-simple"},"acf":[],"_links":{"self":[{"href":"https:\/\/ultrasfactory.com\/pt-pt\/wp-json\/wp\/v2\/product\/63346","targetHints":{"allow":["GET"]}}],"collection":[{"href":"https:\/\/ultrasfactory.com\/pt-pt\/wp-json\/wp\/v2\/product"}],"about":[{"href":"https:\/\/ultrasfactory.com\/pt-pt\/wp-json\/wp\/v2\/types\/product"}],"replies":[{"embeddable":true,"href":"https:\/\/ultrasfactory.com\/pt-pt\/wp-json\/wp\/v2\/comments?post=63346"}],"wp:featuredmedia":[{"embeddable":true,"href":"https:\/\/ultrasfactory.com\/pt-pt\/wp-json\/wp\/v2\/media\/63347"}],"wp:attachment":[{"href":"https:\/\/ultrasfactory.com\/pt-pt\/wp-json\/wp\/v2\/media?parent=63346"}],"wp:term":[{"taxonomy":"product_brand","embeddable":true,"href":"https:\/\/ultrasfactory.com\/pt-pt\/wp-json\/wp\/v2\/product_brand?post=63346"},{"taxonomy":"product_cat","embeddable":true,"href":"https:\/\/ultrasfactory.com\/pt-pt\/wp-json\/wp\/v2\/product_cat?post=63346"},{"taxonomy":"product_tag","embeddable":true,"href":"https:\/\/ultrasfactory.com\/pt-pt\/wp-json\/wp\/v2\/product_tag?post=63346"}],"curies":[{"name":"wp","href":"https:\/\/api.w.org\/{rel}","templated":true}]}}