{"id":63478,"date":"2024-01-11T10:35:16","date_gmt":"2024-01-11T10:35:16","guid":{"rendered":"https:\/\/ultrasfactory.com\/product\/siemanko-fm19-b-s-tiros-simples\/"},"modified":"2025-10-28T15:33:46","modified_gmt":"2025-10-28T14:33:46","slug":"siemanko-fm19-b-s-tiros-simples","status":"publish","type":"product","link":"https:\/\/ultrasfactory.com\/pt-pt\/product\/siemanko-fm19-b-s-tiros-simples\/","title":{"rendered":"Siemanko &#8211; FM19-B-S Tiros simples"},"content":{"rendered":"<p><iframe loading=\"lazy\" title=\"Reprodutor de v\u00eddeo do YouTube\" src=\"https:\/\/www.youtube.com\/embed\/HyPX1sYvVLU?si=TuqrhCpOT7iNr7Wm\" width=\"560\" height=\"315\" frameborder=\"0\" allowfullscreen=\"allowfullscreen\"><\/iframe><\/p>\n","protected":false},"excerpt":{"rendered":"<ul>\n<li><strong>10 disparos simples<\/strong><\/li>\n<li><strong>19mm<\/strong><\/li>\n<li><strong>NEC: 45g<\/strong><\/li>\n<li><strong>Linha Funke \/ Iskra<\/strong><\/li>\n<li><strong>F2<\/strong><\/li>\n<li><strong>Exposi\u00e7\u00e3o de sauda\u00e7\u00e3o extremamente alta<\/strong><\/li>\n<\/ul>\n","protected":false},"featured_media":63481,"comment_status":"open","ping_status":"closed","template":"","meta":{"_acf_changed":false},"product_brand":[],"product_cat":[496],"product_tag":[588,601,611,621,648,665],"class_list":{"0":"post-63478","1":"product","2":"type-product","3":"status-publish","4":"has-post-thumbnail","6":"product_cat-tiros-unicos","7":"product_tag-exclusivo","8":"product_tag-fogos-de-artificio-2","9":"product_tag-funk","10":"product_tag-linha-iskra","11":"product_tag-pyro","12":"product_tag-tiros-unicos","14":"first","15":"outofstock","16":"taxable","17":"shipping-taxable","18":"purchasable","19":"product-type-simple"},"acf":[],"_links":{"self":[{"href":"https:\/\/ultrasfactory.com\/pt-pt\/wp-json\/wp\/v2\/product\/63478","targetHints":{"allow":["GET"]}}],"collection":[{"href":"https:\/\/ultrasfactory.com\/pt-pt\/wp-json\/wp\/v2\/product"}],"about":[{"href":"https:\/\/ultrasfactory.com\/pt-pt\/wp-json\/wp\/v2\/types\/product"}],"replies":[{"embeddable":true,"href":"https:\/\/ultrasfactory.com\/pt-pt\/wp-json\/wp\/v2\/comments?post=63478"}],"wp:featuredmedia":[{"embeddable":true,"href":"https:\/\/ultrasfactory.com\/pt-pt\/wp-json\/wp\/v2\/media\/63481"}],"wp:attachment":[{"href":"https:\/\/ultrasfactory.com\/pt-pt\/wp-json\/wp\/v2\/media?parent=63478"}],"wp:term":[{"taxonomy":"product_brand","embeddable":true,"href":"https:\/\/ultrasfactory.com\/pt-pt\/wp-json\/wp\/v2\/product_brand?post=63478"},{"taxonomy":"product_cat","embeddable":true,"href":"https:\/\/ultrasfactory.com\/pt-pt\/wp-json\/wp\/v2\/product_cat?post=63478"},{"taxonomy":"product_tag","embeddable":true,"href":"https:\/\/ultrasfactory.com\/pt-pt\/wp-json\/wp\/v2\/product_tag?post=63478"}],"curies":[{"name":"wp","href":"https:\/\/api.w.org\/{rel}","templated":true}]}}