{"id":63609,"date":"2024-05-08T11:49:07","date_gmt":"2024-05-08T10:49:07","guid":{"rendered":"https:\/\/ultrasfactory.com\/product\/wilk-ic20-99-1\/"},"modified":"2025-10-28T15:35:49","modified_gmt":"2025-10-28T14:35:49","slug":"wilk-ic20-99-1","status":"publish","type":"product","link":"https:\/\/ultrasfactory.com\/pt-pt\/product\/wilk-ic20-99-1\/","title":{"rendered":"Wilk IC20-99-1"},"content":{"rendered":"<p><iframe loading=\"lazy\" title=\"Reprodutor de v\u00eddeo do YouTube\" src=\"https:\/\/www.youtube.com\/embed\/l_NnsiFMBac?si=BsjAxAixWDx-e2d2\" width=\"560\" height=\"315\" frameborder=\"0\" allowfullscreen=\"allowfullscreen\"><\/iframe><\/p>\n","protected":false},"excerpt":{"rendered":"<ul>\n<li><strong>99 tiros<\/strong><\/li>\n<li><strong>NEC: 906,8g<\/strong><\/li>\n<li><strong>20mm<\/strong><\/li>\n<li><strong>Linha Funke \/ Iskra<\/strong><\/li>\n<li><strong>F2<\/strong><\/li>\n<li><strong>Uma caixa de espect\u00e1culos de formas mistas com efeitos azuis, dourados e estrobosc\u00f3picos, com salvas de spinners assobiantes e uma salva final de sauda\u00e7\u00f5es de tit\u00e2nio.  <\/strong><\/li>\n<\/ul>\n","protected":false},"featured_media":63611,"comment_status":"open","ping_status":"closed","template":"","meta":{"_acf_changed":false},"product_brand":[],"product_cat":[477,495],"product_tag":[560,559,588,601,611,620,648],"class_list":{"0":"post-63609","1":"product","2":"type-product","3":"status-publish","4":"has-post-thumbnail","6":"product_cat-baterias","7":"product_cat-promocao","8":"product_tag-bateria","9":"product_tag-baterias-2","10":"product_tag-exclusivo","11":"product_tag-fogos-de-artificio-2","12":"product_tag-funk","13":"product_tag-iskralina","14":"product_tag-pyro","15":"pa_brandx-iskra-line","17":"first","18":"outofstock","19":"sale","20":"taxable","21":"shipping-taxable","22":"purchasable","23":"product-type-simple"},"acf":[],"_links":{"self":[{"href":"https:\/\/ultrasfactory.com\/pt-pt\/wp-json\/wp\/v2\/product\/63609","targetHints":{"allow":["GET"]}}],"collection":[{"href":"https:\/\/ultrasfactory.com\/pt-pt\/wp-json\/wp\/v2\/product"}],"about":[{"href":"https:\/\/ultrasfactory.com\/pt-pt\/wp-json\/wp\/v2\/types\/product"}],"replies":[{"embeddable":true,"href":"https:\/\/ultrasfactory.com\/pt-pt\/wp-json\/wp\/v2\/comments?post=63609"}],"wp:featuredmedia":[{"embeddable":true,"href":"https:\/\/ultrasfactory.com\/pt-pt\/wp-json\/wp\/v2\/media\/63611"}],"wp:attachment":[{"href":"https:\/\/ultrasfactory.com\/pt-pt\/wp-json\/wp\/v2\/media?parent=63609"}],"wp:term":[{"taxonomy":"product_brand","embeddable":true,"href":"https:\/\/ultrasfactory.com\/pt-pt\/wp-json\/wp\/v2\/product_brand?post=63609"},{"taxonomy":"product_cat","embeddable":true,"href":"https:\/\/ultrasfactory.com\/pt-pt\/wp-json\/wp\/v2\/product_cat?post=63609"},{"taxonomy":"product_tag","embeddable":true,"href":"https:\/\/ultrasfactory.com\/pt-pt\/wp-json\/wp\/v2\/product_tag?post=63609"}],"curies":[{"name":"wp","href":"https:\/\/api.w.org\/{rel}","templated":true}]}}