{"id":63654,"date":"2025-08-07T11:58:03","date_gmt":"2025-08-07T10:58:03","guid":{"rendered":"https:\/\/ultrasfactory.com\/product\/tshirt-mascara-verde\/"},"modified":"2025-10-28T15:36:14","modified_gmt":"2025-10-28T14:36:14","slug":"tshirt-mascara-verde","status":"publish","type":"product","link":"https:\/\/ultrasfactory.com\/pt-pt\/product\/tshirt-mascara-verde\/","title":{"rendered":"Tshirt &#8220;M\u00e1scara verde&#8221;"},"content":{"rendered":"<p data-start=\"77\" data-end=\"108\"><strong data-start=\"77\" data-end=\"108\">Camisola SECTOR &#8220;M\u00e1scara Verde&#8221;<\/strong><\/p>\n<p data-start=\"110\" data-end=\"489\">Um s\u00edmbolo de lealdade, rebeli\u00e3o e esp\u00edrito de terra\u00e7o &#8211; a T-shirt SECTOR &#8220;Green Mask&#8221; capta a ess\u00eancia da cultura ultras em forma gr\u00e1fica. A parte da frente apresenta um log\u00f3tipo Setor minimalista, em estilo script, enquanto a parte de tr\u00e1s diz tudo: um ultra mascarado com um olhar penetrante, emoldurado por uma coroa de louros dourada e um bras\u00e3o SECTOR com uma caveira. Uma afirma\u00e7\u00e3o visual ousada de orgulho e resist\u00eancia.  <\/p>\n","protected":false},"excerpt":{"rendered":"<p>Camisola SECTOR &#8220;M\u00e1scara Verde&#8221; Um s\u00edmbolo de lealdade, rebeli\u00e3o e esp\u00edrito de terra\u00e7o &#8211; a T-shirt SECTOR &#8220;Green Mask&#8221; capta a ess\u00eancia da cultura ultras em forma gr\u00e1fica. A parte da frente apresenta um log\u00f3tipo Setor minimalista, em estilo script, enquanto a parte de tr\u00e1s diz tudo: um ultra mascarado com um olhar penetrante, emoldurado [&hellip;]<\/p>\n","protected":false},"featured_media":63656,"comment_status":"closed","ping_status":"closed","template":"","meta":{"_acf_changed":false},"product_brand":[],"product_cat":[483],"product_tag":[],"class_list":{"0":"post-63654","1":"product","2":"type-product","3":"status-publish","4":"has-post-thumbnail","6":"product_cat-camisetas","8":"first","9":"instock","10":"taxable","11":"shipping-taxable","12":"purchasable","13":"product-type-variable"},"acf":[],"_links":{"self":[{"href":"https:\/\/ultrasfactory.com\/pt-pt\/wp-json\/wp\/v2\/product\/63654","targetHints":{"allow":["GET"]}}],"collection":[{"href":"https:\/\/ultrasfactory.com\/pt-pt\/wp-json\/wp\/v2\/product"}],"about":[{"href":"https:\/\/ultrasfactory.com\/pt-pt\/wp-json\/wp\/v2\/types\/product"}],"replies":[{"embeddable":true,"href":"https:\/\/ultrasfactory.com\/pt-pt\/wp-json\/wp\/v2\/comments?post=63654"}],"wp:featuredmedia":[{"embeddable":true,"href":"https:\/\/ultrasfactory.com\/pt-pt\/wp-json\/wp\/v2\/media\/63656"}],"wp:attachment":[{"href":"https:\/\/ultrasfactory.com\/pt-pt\/wp-json\/wp\/v2\/media?parent=63654"}],"wp:term":[{"taxonomy":"product_brand","embeddable":true,"href":"https:\/\/ultrasfactory.com\/pt-pt\/wp-json\/wp\/v2\/product_brand?post=63654"},{"taxonomy":"product_cat","embeddable":true,"href":"https:\/\/ultrasfactory.com\/pt-pt\/wp-json\/wp\/v2\/product_cat?post=63654"},{"taxonomy":"product_tag","embeddable":true,"href":"https:\/\/ultrasfactory.com\/pt-pt\/wp-json\/wp\/v2\/product_tag?post=63654"}],"curies":[{"name":"wp","href":"https:\/\/api.w.org\/{rel}","templated":true}]}}