{"id":63670,"date":"2025-08-22T10:54:33","date_gmt":"2025-08-22T09:54:33","guid":{"rendered":"https:\/\/ultrasfactory.com\/product\/mefisto-cb103\/"},"modified":"2025-10-28T15:36:18","modified_gmt":"2025-10-28T14:36:18","slug":"mefisto-cb103","status":"publish","type":"product","link":"https:\/\/ultrasfactory.com\/pt-pt\/product\/mefisto-cb103\/","title":{"rendered":"Mefisto CB103"},"content":{"rendered":"<p data-start=\"537\" data-end=\"575\"><span class=\"relative -mx-px my-[-0.2rem] rounded px-px py-[0.2rem] transition-colors duration-100 ease-in-out\">Desencadeia um espet\u00e1culo a\u00e9reo sofisticado com o bolo composto <strong data-start=\"50\" data-end=\"69\">CB103 &#8211; Mefisto<\/strong>. Com <strong data-start=\"95\" data-end=\"116\">58 potentes disparos<\/strong> em <strong data-start=\"124\" data-end=\"149\">tubos de 25 mm e 30 mm<\/strong>, este fogo de artif\u00edcio proporciona aproximadamente <strong data-start=\"188\" data-end=\"202\">60 segundos<\/strong> de entretenimento envolvente. Os efeitos desdobram-se em <strong data-start=\"258\" data-end=\"286\">padr\u00f5es em forma de I e em leque<\/strong>, oferecendo uma ampla cobertura e varia\u00e7\u00e3o visual.  <\/span><\/p>\n<p data-start=\"577\" data-end=\"597\"><strong data-start=\"577\" data-end=\"597\">Os efeitos incluem:<\/strong><\/p>\n<ul data-start=\"598\" data-end=\"723\">\n<li data-start=\"598\" data-end=\"641\">\n<p data-start=\"600\" data-end=\"641\"><span class=\"relative -mx-px my-[-0.2rem] rounded px-px py-[0.2rem] transition-colors duration-100 ease-in-out\">Cauda de &#8220;coco&#8221; dourada com transi\u00e7\u00e3o para coroas com efeitos estrobosc\u00f3picos dourados, vermelhos, roxos, verdes e azuis, juntamente com explos\u00f5es de cris\u00e2ntemos dourados<\/span><\/p>\n<\/li>\n<li data-start=\"642\" data-end=\"723\">\n<p data-start=\"644\" data-end=\"723\"><span class=\"relative -mx-px my-[-0.2rem] rounded px-px py-[0.2rem] transition-colors duration-100 ease-in-out\">Salgueiro crepitante entrela\u00e7ado com d\u00e1lia roxa\/verde e flashes estrobosc\u00f3picos vermelhos<\/span><\/p>\n<\/li>\n<\/ul>\n<p data-start=\"725\" data-end=\"764\"><span class=\"relative -mx-px my-[-0.2rem] rounded px-px py-[0.2rem] transition-colors duration-100 ease-in-out\">Este bolo tem a classifica\u00e7\u00e3o <strong data-start=\"19\" data-end=\"39\">CE F2 \/ ADR 1.3G<\/strong> e excede os <strong data-start=\"52\" data-end=\"61\">90 dB<\/strong> de n\u00edvel sonoro, o que o torna uma escolha robusta e visualmente atractiva para espect\u00e1culos pirot\u00e9cnicos de m\u00e9dia dimens\u00e3o.<\/span><\/p>\n","protected":false},"excerpt":{"rendered":"<p data-start=\"185\" data-end=\"206\"><strong data-start=\"185\" data-end=\"204\">CB103 &#8211; Mefisto<\/strong><\/p>\n<ul data-start=\"207\" data-end=\"510\">\n<li data-start=\"207\" data-end=\"224\">\n<p data-start=\"209\" data-end=\"224\"><strong data-start=\"209\" data-end=\"218\">Chuta<\/strong>: 58<\/p>\n<\/li>\n<li data-start=\"225\" data-end=\"266\">\n<p data-start=\"227\" data-end=\"266\"><span class=\"relative -mx-px my-[-0.2rem] rounded px-px py-[0.2rem] transition-colors duration-100 ease-in-out\"><strong data-start=\"0\" data-end=\"11\" data-is-only-node=\"\">Calibre<\/strong>: 25 mm \/ 30 mm<\/span><\/p>\n<\/li>\n<li data-start=\"267\" data-end=\"308\">\n<p data-start=\"269\" data-end=\"308\"><span class=\"relative -mx-px my-[-0.2rem] rounded px-px py-[0.2rem] transition-colors duration-100 ease-in-out\"><strong data-start=\"0\" data-end=\"12\" data-is-only-node=\"\">Dura\u00e7\u00e3o<\/strong>: cerca de 60 segundos <\/span><\/p>\n<\/li>\n<li data-start=\"309\" data-end=\"350\">\n<p data-start=\"311\" data-end=\"350\"><span class=\"relative -mx-px my-[-0.2rem] rounded px-px py-[0.2rem] transition-colors duration-100 ease-in-out\"><strong data-start=\"0\" data-end=\"17\" data-is-only-node=\"\">Configura\u00e7\u00e3o<\/strong>: Em forma de I e em leque<\/span><\/p>\n<\/li>\n<li data-start=\"351\" data-end=\"392\">\n<p data-start=\"353\" data-end=\"392\"><span class=\"relative -mx-px my-[-0.2rem] rounded px-px py-[0.2rem] transition-colors duration-100 ease-in-out\"><strong data-start=\"0\" data-end=\"12\" data-is-only-node=\"\">Categoria<\/strong>: CE F2 (1.3G ADR)<\/span><\/p>\n<\/li>\n<li data-start=\"393\" data-end=\"510\">\n<p data-start=\"395\" data-end=\"510\"><span class=\"relative -mx-px my-[-0.2rem] rounded px-px py-[0.2rem] transition-colors duration-100 ease-in-out\"><strong data-start=\"0\" data-end=\"15\" data-is-only-node=\"\">N\u00edvel de \u00e1udio<\/strong>: &gt; 90 dB<\/span><br data-start=\"432\" data-end=\"435\"><span class=\"relative -mx-px my-[-0.2rem] rounded px-px py-[0.2rem] transition-colors duration-100 ease-in-out\">Um bolo composto de tamanho m\u00e9dio que oferece efeitos intensos numa disposi\u00e7\u00e3o equilibrada em linha reta e em leque &#8211; ideal para exibi\u00e7\u00f5es p\u00fablicas ou finais de quintal<\/span><\/p>\n<\/li>\n<\/ul>\n","protected":false},"featured_media":63671,"comment_status":"closed","ping_status":"closed","template":"","meta":{"_acf_changed":false},"product_brand":[],"product_cat":[477,495],"product_tag":[],"class_list":{"0":"post-63670","1":"product","2":"type-product","3":"status-publish","4":"has-post-thumbnail","6":"product_cat-baterias","7":"product_cat-promocao","8":"pa_brandx-jorge","10":"first","11":"instock","12":"sale","13":"taxable","14":"shipping-taxable","15":"purchasable","16":"product-type-simple"},"acf":[],"_links":{"self":[{"href":"https:\/\/ultrasfactory.com\/pt-pt\/wp-json\/wp\/v2\/product\/63670","targetHints":{"allow":["GET"]}}],"collection":[{"href":"https:\/\/ultrasfactory.com\/pt-pt\/wp-json\/wp\/v2\/product"}],"about":[{"href":"https:\/\/ultrasfactory.com\/pt-pt\/wp-json\/wp\/v2\/types\/product"}],"replies":[{"embeddable":true,"href":"https:\/\/ultrasfactory.com\/pt-pt\/wp-json\/wp\/v2\/comments?post=63670"}],"wp:featuredmedia":[{"embeddable":true,"href":"https:\/\/ultrasfactory.com\/pt-pt\/wp-json\/wp\/v2\/media\/63671"}],"wp:attachment":[{"href":"https:\/\/ultrasfactory.com\/pt-pt\/wp-json\/wp\/v2\/media?parent=63670"}],"wp:term":[{"taxonomy":"product_brand","embeddable":true,"href":"https:\/\/ultrasfactory.com\/pt-pt\/wp-json\/wp\/v2\/product_brand?post=63670"},{"taxonomy":"product_cat","embeddable":true,"href":"https:\/\/ultrasfactory.com\/pt-pt\/wp-json\/wp\/v2\/product_cat?post=63670"},{"taxonomy":"product_tag","embeddable":true,"href":"https:\/\/ultrasfactory.com\/pt-pt\/wp-json\/wp\/v2\/product_tag?post=63670"}],"curies":[{"name":"wp","href":"https:\/\/api.w.org\/{rel}","templated":true}]}}