{"id":63672,"date":"2025-08-22T11:03:12","date_gmt":"2025-08-22T10:03:12","guid":{"rendered":"https:\/\/ultrasfactory.com\/product\/nirvana-cb102\/"},"modified":"2025-10-28T15:36:21","modified_gmt":"2025-10-28T14:36:21","slug":"nirvana-cb102","status":"publish","type":"product","link":"https:\/\/ultrasfactory.com\/pt-pt\/product\/nirvana-cb102\/","title":{"rendered":"Nirvana CB102"},"content":{"rendered":"<p data-start=\"193\" data-end=\"584\">Entra num mundo de cor e intensidade com o <strong data-start=\"239\" data-end=\"264\">Jorge CB102 &#8220;Nirvana&#8221;,<\/strong> um poderoso <strong data-start=\"277\" data-end=\"303\">bolo composto de 100 disparos<\/strong> concebido para proporcionar uma experi\u00eancia pirot\u00e9cnica inesquec\u00edvel. Com um <strong data-start=\"372\" data-end=\"389\">calibre de 25 mm<\/strong> e um tempo de execu\u00e7\u00e3o de aproximadamente <strong data-start=\"421\" data-end=\"435\">55 segundos<\/strong>, este bolo oferece uma mistura din\u00e2mica de <strong data-start=\"473\" data-end=\"512\">padr\u00f5es rectos (em forma de I) e em leque<\/strong>, garantindo altura e largura no c\u00e9u para o m\u00e1ximo impacto visual. <\/p>\n<p data-start=\"586\" data-end=\"785\">Com quase <strong data-start=\"605\" data-end=\"620\">1 kg de NEC<\/strong>, <em data-start=\"622\" data-end=\"631\">o Nirvana<\/em> combina seguran\u00e7a (CE F2 \/ ADR 1.4G) com efeitos de alto desempenho, tornando-o ideal para celebra\u00e7\u00f5es de m\u00e9dia a grande dimens\u00e3o, espect\u00e1culos privados e finais de festa.<\/p>\n<h3 data-start=\"787\" data-end=\"809\">Sequ\u00eancia de efeitos:<\/h3>\n<ul data-start=\"810\" data-end=\"1323\">\n<li data-start=\"810\" data-end=\"960\">\n<p data-start=\"812\" data-end=\"960\">Pe\u00f3nias brilhantes em <strong data-start=\"830\" data-end=\"875\">azul profundo, verde vivo, lim\u00e3o e roxo<\/strong>, complementadas por <strong data-start=\"893\" data-end=\"916\">pe\u00f3nias multicoloridas<\/strong> em vermelho, verde e azul com centros de ameixa<\/p>\n<\/li>\n<li data-start=\"961\" data-end=\"1037\">\n<p data-start=\"963\" data-end=\"1037\">Brilhantes <strong data-start=\"973\" data-end=\"988\">estrobos vermelhos<\/strong> combinados com pe\u00f3nias em azul, verde e roxo<\/p>\n<\/li>\n<li data-start=\"1038\" data-end=\"1161\">\n<p data-start=\"1040\" data-end=\"1161\"><strong data-start=\"1040\" data-end=\"1057\">Coroas douradas<\/strong> que evoluem para estrelas vermelhas, verdes e azuis com estrobos dourados e <strong data-start=\"1134\" data-end=\"1159\">cris\u00e2ntemos dourados<\/strong> cintilantes<\/p>\n<\/li>\n<li data-start=\"1162\" data-end=\"1323\">\n<p data-start=\"1164\" data-end=\"1323\">Um grand finale com <strong data-start=\"1184\" data-end=\"1207\">d\u00e1lias multicoloridas<\/strong> (vermelho, verde, azul) acompanhadas de cris\u00e2ntemos dourados, enchendo o c\u00e9u com uma explos\u00e3o deslumbrante de luz e som<\/p>\n<\/li>\n<\/ul>\n<p data-start=\"1325\" data-end=\"1600\">Com um n\u00edvel de som superior a <strong data-start=\"1352\" data-end=\"1361\">90 dB<\/strong>, <strong data-start=\"1363\" data-end=\"1374\">o Nirvana<\/strong> n\u00e3o s\u00f3 \u00e9 visualmente impressionante, como tamb\u00e9m traz um poderoso drama \u00e1udio ao teu ecr\u00e3. A sua mistura equilibrada de cores, estrobosc\u00f3pios e efeitos dourados cria um espet\u00e1culo que parece profissional, mas que permanece acess\u00edvel para eventos privados. <\/p>\n<p data-start=\"1602\" data-end=\"1764\">Perfeito como <strong data-start=\"1615\" data-end=\"1639\">destaque isolado<\/strong> ou como <strong data-start=\"1650\" data-end=\"1666\">pe\u00e7a final<\/strong> num espet\u00e1culo de fogo de artif\u00edcio coordenado, <strong data-start=\"1703\" data-end=\"1720\">o CB102 Nirvana<\/strong> garante que deixar\u00e1 o teu p\u00fablico maravilhado.<\/p>\n","protected":false},"excerpt":{"rendered":"<ul data-start=\"156\" data-end=\"700\">\n<li data-start=\"156\" data-end=\"183\">\n<p data-start=\"158\" data-end=\"183\"><strong data-start=\"158\" data-end=\"172\">Nome comercial<\/strong>: Nirvana<\/p>\n<\/li>\n<li data-start=\"184\" data-end=\"211\">\n<p data-start=\"186\" data-end=\"211\"><strong data-start=\"186\" data-end=\"202\">C\u00f3digo do produto<\/strong>: CB102<\/p>\n<\/li>\n<li data-start=\"212\" data-end=\"249\">\n<p data-start=\"214\" data-end=\"249\"><strong data-start=\"214\" data-end=\"230\">Fabricante<\/strong>: Jorge Fogos de Artif\u00edcio<\/p>\n<\/li>\n<li data-start=\"250\" data-end=\"287\">\n<p data-start=\"252\" data-end=\"287\"><strong data-start=\"252\" data-end=\"260\">Tipo de<\/strong> bolo: Bolo composto (bateria)<\/p>\n<\/li>\n<li data-start=\"288\" data-end=\"316\">\n<p data-start=\"290\" data-end=\"316\"><strong data-start=\"290\" data-end=\"309\">N\u00famero de disparos<\/strong>: 100<\/p>\n<\/li>\n<li data-start=\"317\" data-end=\"339\">\n<p data-start=\"319\" data-end=\"339\"><strong data-start=\"319\" data-end=\"330\">Calibre<\/strong>: 25 mm<\/p>\n<\/li>\n<li data-start=\"340\" data-end=\"376\">\n<p data-start=\"342\" data-end=\"376\"><strong data-start=\"342\" data-end=\"354\">Dura\u00e7\u00e3o<\/strong>: cerca de 55 segundos <\/p>\n<\/li>\n<li data-start=\"377\" data-end=\"414\">\n<p data-start=\"379\" data-end=\"414\"><strong data-start=\"379\" data-end=\"389\">Disposi\u00e7\u00e3o<\/strong>: Forma de I + padr\u00e3o de leque<\/p>\n<\/li>\n<li data-start=\"415\" data-end=\"487\">\n<p data-start=\"417\" data-end=\"487\"><strong data-start=\"417\" data-end=\"448\">NEC (Conte\u00fado Explosivo L\u00edquido)<\/strong>: ~996 g (baseado no cat\u00e1logo do Jorge)<\/p>\n<\/li>\n<li data-start=\"488\" data-end=\"516\">\n<p data-start=\"490\" data-end=\"516\"><strong data-start=\"490\" data-end=\"505\">N\u00edvel sonoro<\/strong>: &gt; 90 dB<\/p>\n<\/li>\n<li data-start=\"517\" data-end=\"642\">\n<p data-start=\"519\" data-end=\"642\"><strong data-start=\"519\" data-end=\"530\">Efeitos<\/strong>: pe\u00f3nias coloridas (vermelho, verde, azul, lim\u00e3o, roxo), estrobosc\u00f3pios, salgueiros e cris\u00e2ntemos dourados, efeitos de ameixa<\/p>\n<\/li>\n<li data-start=\"643\" data-end=\"666\">\n<p data-start=\"645\" data-end=\"666\"><strong data-start=\"645\" data-end=\"660\">Categoria CE<\/strong>: F2<\/p>\n<\/li>\n<li data-start=\"667\" data-end=\"700\">\n<p data-start=\"669\" data-end=\"700\"><strong data-start=\"669\" data-end=\"692\">Classe de transporte ADR<\/strong>: 1.4G<\/p>\n<\/li>\n<\/ul>\n","protected":false},"featured_media":63673,"comment_status":"closed","ping_status":"closed","template":"","meta":{"_acf_changed":false},"product_brand":[],"product_cat":[477,495],"product_tag":[],"class_list":{"0":"post-63672","1":"product","2":"type-product","3":"status-publish","4":"has-post-thumbnail","6":"product_cat-baterias","7":"product_cat-promocao","9":"first","10":"instock","11":"sale","12":"taxable","13":"shipping-taxable","14":"purchasable","15":"product-type-simple"},"acf":[],"_links":{"self":[{"href":"https:\/\/ultrasfactory.com\/pt-pt\/wp-json\/wp\/v2\/product\/63672","targetHints":{"allow":["GET"]}}],"collection":[{"href":"https:\/\/ultrasfactory.com\/pt-pt\/wp-json\/wp\/v2\/product"}],"about":[{"href":"https:\/\/ultrasfactory.com\/pt-pt\/wp-json\/wp\/v2\/types\/product"}],"replies":[{"embeddable":true,"href":"https:\/\/ultrasfactory.com\/pt-pt\/wp-json\/wp\/v2\/comments?post=63672"}],"wp:featuredmedia":[{"embeddable":true,"href":"https:\/\/ultrasfactory.com\/pt-pt\/wp-json\/wp\/v2\/media\/63673"}],"wp:attachment":[{"href":"https:\/\/ultrasfactory.com\/pt-pt\/wp-json\/wp\/v2\/media?parent=63672"}],"wp:term":[{"taxonomy":"product_brand","embeddable":true,"href":"https:\/\/ultrasfactory.com\/pt-pt\/wp-json\/wp\/v2\/product_brand?post=63672"},{"taxonomy":"product_cat","embeddable":true,"href":"https:\/\/ultrasfactory.com\/pt-pt\/wp-json\/wp\/v2\/product_cat?post=63672"},{"taxonomy":"product_tag","embeddable":true,"href":"https:\/\/ultrasfactory.com\/pt-pt\/wp-json\/wp\/v2\/product_tag?post=63672"}],"curies":[{"name":"wp","href":"https:\/\/api.w.org\/{rel}","templated":true}]}}