{"id":63674,"date":"2025-08-22T11:05:05","date_gmt":"2025-08-22T10:05:05","guid":{"rendered":"https:\/\/ultrasfactory.com\/product\/riakeo-cyber-world-e-hf2392s\/"},"modified":"2025-10-28T15:36:22","modified_gmt":"2025-10-28T14:36:22","slug":"riakeo-cyber-world-e-hf2392s","status":"publish","type":"product","link":"https:\/\/ultrasfactory.com\/pt-pt\/product\/riakeo-cyber-world-e-hf2392s\/","title":{"rendered":"Riakeo Cyber World E HF2392S"},"content":{"rendered":"<h3 data-start=\"654\" data-end=\"716\"><strong data-start=\"658\" data-end=\"714\">Riakeo HF-2392S &#8220;Cyber World E&#8221; &#8211; Bolo de 30 mm com 20 disparos<\/strong><\/h3>\n<p data-start=\"718\" data-end=\"1017\">Entra no futuro dos fogos de artif\u00edcio com o <strong data-start=\"761\" data-end=\"796\">Riakeo HF-2392S &#8220;Cyber World E&#8221;,<\/strong> um <strong data-start=\"808\" data-end=\"824\">bolo<\/strong> din\u00e2mico <strong data-start=\"808\" data-end=\"824\">de 20 disparos<\/strong> que combina eleg\u00e2ncia e intensidade num design compacto. Com os seus <strong data-start=\"894\" data-end=\"917\">tubos de calibre 30 mm<\/strong>, este fogo de artif\u00edcio produz explos\u00f5es amplas que enchem o c\u00e9u durante um tempo de funcionamento de aproximadamente <strong data-start=\"1000\" data-end=\"1014\">40 segundos<\/strong>. <\/p>\n<p data-start=\"1019\" data-end=\"1294\">A sequ\u00eancia abre com <strong data-start=\"1043\" data-end=\"1077\">majestosas coroas de brocado dourado<\/strong>, evoluindo rapidamente para <strong data-start=\"1101\" data-end=\"1126\">salgueiros de ouro tit\u00e2nio<\/strong> acentuados por <strong data-start=\"1139\" data-end=\"1160\">estrobosc\u00f3pios vermelhos vivos<\/strong>. A combina\u00e7\u00e3o de ouro quente e vermelho marcante garante o contraste e o brilho, cativando o p\u00fablico do in\u00edcio ao fim. <\/p>\n<p data-start=\"1296\" data-end=\"1499\">Certificado pela <strong data-start=\"1312\" data-end=\"1321\">CE F2<\/strong> e classificado como <strong data-start=\"1340\" data-end=\"1352\">ADR 1.4G<\/strong>, <em data-start=\"1354\" data-end=\"1369\">o Cyber World E<\/em> alia fiabilidade e desempenho. Com mais de <strong data-start=\"1414\" data-end=\"1423\">90 dB<\/strong>, proporciona n\u00e3o s\u00f3 grandeza visual, mas tamb\u00e9m um poderoso impacto auditivo. <\/p>\n<h3 data-start=\"1501\" data-end=\"1520\">Principais benef\u00edcios:<\/h3>\n<ul data-start=\"1521\" data-end=\"1697\">\n<li data-start=\"1521\" data-end=\"1581\">\n<p data-start=\"1523\" data-end=\"1581\">Efeitos de estilo profissional num formato de f\u00e1cil utiliza\u00e7\u00e3o<\/p>\n<\/li>\n<li data-start=\"1582\" data-end=\"1627\">\n<p data-start=\"1584\" data-end=\"1627\">Explos\u00f5es largas e brilhantes que dominam o c\u00e9u<\/p>\n<\/li>\n<li data-start=\"1628\" data-end=\"1697\">\n<p data-start=\"1630\" data-end=\"1697\">Ideal para <strong data-start=\"1640\" data-end=\"1695\">eventos de destaque, finais ou celebra\u00e7\u00f5es no quintal<\/strong><\/p>\n<\/li>\n<\/ul>\n<p data-start=\"1699\" data-end=\"1822\">Compacto, mas imponente, <strong data-start=\"1723\" data-end=\"1749\">o HF-2392S Cyber World E<\/strong> \u00e9 imprescind\u00edvel para quem procura brilho dourado com um toque moderno.<\/p>\n","protected":false},"excerpt":{"rendered":"<ul>\n<li data-start=\"181\" data-end=\"211\">\n<p data-start=\"183\" data-end=\"211\"><strong data-start=\"183\" data-end=\"199\">C\u00f3digo do produto<\/strong>: HF-2392S<\/p>\n<\/li>\n<li data-start=\"212\" data-end=\"239\">\n<p data-start=\"214\" data-end=\"239\"><strong data-start=\"214\" data-end=\"222\">Nome<\/strong>: Cyber World E<\/p>\n<\/li>\n<li data-start=\"240\" data-end=\"268\">\n<p data-start=\"242\" data-end=\"268\"><strong data-start=\"242\" data-end=\"258\">Fabricante<\/strong>: Riakeo<\/p>\n<\/li>\n<li data-start=\"269\" data-end=\"296\">\n<p data-start=\"271\" data-end=\"296\"><strong data-start=\"271\" data-end=\"290\">N\u00famero de disparos<\/strong>: 20<\/p>\n<\/li>\n<li data-start=\"297\" data-end=\"319\">\n<p data-start=\"299\" data-end=\"319\"><strong data-start=\"299\" data-end=\"310\">Calibre<\/strong>: 30 mm<\/p>\n<\/li>\n<li data-start=\"320\" data-end=\"362\">\n<p data-start=\"322\" data-end=\"362\"><strong data-start=\"322\" data-end=\"334\">Dura\u00e7\u00e3o<\/strong>: aproximadamente 40 segundos<\/p>\n<\/li>\n<li data-start=\"363\" data-end=\"411\">\n<p data-start=\"365\" data-end=\"411\"><strong data-start=\"365\" data-end=\"383\">Padr\u00e3o de disparo<\/strong>: Em forma de I (tubos rectos)<\/p>\n<\/li>\n<li data-start=\"412\" data-end=\"498\">\n<p data-start=\"414\" data-end=\"498\"><strong data-start=\"414\" data-end=\"425\">Efeitos<\/strong>: Coroa de brocado dourado seguida de salgueiro de tit\u00e2nio dourado com estrobosc\u00f3pio vermelho<\/p>\n<\/li>\n<li data-start=\"499\" data-end=\"527\">\n<p data-start=\"501\" data-end=\"527\"><strong data-start=\"501\" data-end=\"516\">N\u00edvel sonoro<\/strong>: &gt; 90 dB<\/p>\n<\/li>\n<li data-start=\"528\" data-end=\"551\">\n<p data-start=\"530\" data-end=\"551\"><strong data-start=\"530\" data-end=\"545\">Categoria CE<\/strong>: F2<\/p>\n<\/li>\n<li data-start=\"552\" data-end=\"594\">\n<p data-start=\"554\" data-end=\"594\"><strong data-start=\"554\" data-end=\"586\">Classifica\u00e7\u00e3o de transporte ADR<\/strong>: 1.4G<\/p>\n<\/li>\n<li data-start=\"595\" data-end=\"632\">\n<p data-start=\"597\" data-end=\"632\"><strong data-start=\"597\" data-end=\"610\">Embalagem<\/strong>: 6 unidades por caixa<\/p>\n<\/li>\n<\/ul>\n","protected":false},"featured_media":63675,"comment_status":"closed","ping_status":"closed","template":"","meta":{"_acf_changed":false},"product_brand":[],"product_cat":[477,495],"product_tag":[],"class_list":{"0":"post-63674","1":"product","2":"type-product","3":"status-publish","4":"has-post-thumbnail","6":"product_cat-baterias","7":"product_cat-promocao","8":"pa_brandx-riakeo","10":"first","11":"instock","12":"sale","13":"taxable","14":"shipping-taxable","15":"purchasable","16":"product-type-simple"},"acf":[],"_links":{"self":[{"href":"https:\/\/ultrasfactory.com\/pt-pt\/wp-json\/wp\/v2\/product\/63674","targetHints":{"allow":["GET"]}}],"collection":[{"href":"https:\/\/ultrasfactory.com\/pt-pt\/wp-json\/wp\/v2\/product"}],"about":[{"href":"https:\/\/ultrasfactory.com\/pt-pt\/wp-json\/wp\/v2\/types\/product"}],"replies":[{"embeddable":true,"href":"https:\/\/ultrasfactory.com\/pt-pt\/wp-json\/wp\/v2\/comments?post=63674"}],"wp:featuredmedia":[{"embeddable":true,"href":"https:\/\/ultrasfactory.com\/pt-pt\/wp-json\/wp\/v2\/media\/63675"}],"wp:attachment":[{"href":"https:\/\/ultrasfactory.com\/pt-pt\/wp-json\/wp\/v2\/media?parent=63674"}],"wp:term":[{"taxonomy":"product_brand","embeddable":true,"href":"https:\/\/ultrasfactory.com\/pt-pt\/wp-json\/wp\/v2\/product_brand?post=63674"},{"taxonomy":"product_cat","embeddable":true,"href":"https:\/\/ultrasfactory.com\/pt-pt\/wp-json\/wp\/v2\/product_cat?post=63674"},{"taxonomy":"product_tag","embeddable":true,"href":"https:\/\/ultrasfactory.com\/pt-pt\/wp-json\/wp\/v2\/product_tag?post=63674"}],"curies":[{"name":"wp","href":"https:\/\/api.w.org\/{rel}","templated":true}]}}