{"id":63703,"date":"2025-08-01T09:32:12","date_gmt":"2025-08-01T08:32:12","guid":{"rendered":"https:\/\/ultrasfactory.com\/product\/big-bang-2g-azul\/"},"modified":"2025-11-15T10:46:42","modified_gmt":"2025-11-15T09:46:42","slug":"big-bang-2g-azul","status":"publish","type":"product","link":"https:\/\/ultrasfactory.com\/pt-pt\/product\/big-bang-2g-azul\/","title":{"rendered":"Big Bang 2G Azul"},"content":{"rendered":"<p><iframe loading=\"lazy\" title=\"Reprodutor de v\u00eddeo do YouTube\" src=\"https:\/\/www.youtube.com\/embed\/z83KEZzRlv8?si=xx8ivu_Z8qO1ZJcR\" width=\"560\" height=\"315\" frameborder=\"0\" allowfullscreen=\"allowfullscreen\"><\/iframe><\/p>\n<p data-start=\"467\" data-end=\"685\"><strong data-start=\"467\" data-end=\"492\">O BIG BANG 2G CLE0002BU<\/strong> \u00e9 um foguete de flash de qualidade profissional da conceituada marca <strong data-start=\"560\" data-end=\"571\">SR PYRO<\/strong>, classificado como <b>P1-<\/b><\/p>\n<p data-start=\"687\" data-end=\"942\">Cada foguete cont\u00e9m <strong data-start=\"713\" data-end=\"751\">2 gramas de composi\u00e7\u00e3o pirot\u00e9cnica<\/strong>, proporcionando um <strong data-start=\"766\" data-end=\"797\">efeito de estrondo poderoso e agudo<\/strong> que rivaliza com os produtos mais ruidosos da sua classe. A variante <strong data-start=\"849\" data-end=\"862\">CLE0002BU<\/strong> vem numa <strong data-start=\"894\" data-end=\"910\">embalagem azul<\/strong> distinta, tornando-a facilmente reconhec\u00edvel. <\/p>\n<p data-start=\"944\" data-end=\"1164\">Cada caixa cont\u00e9m <strong data-start=\"962\" data-end=\"981\">20 bombinhas<\/strong>, equipadas com um fus\u00edvel fi\u00e1vel para uma igni\u00e7\u00e3o segura. O produto cumpre todas as <strong data-start=\"1063\" data-end=\"1098\">normas de seguran\u00e7a<\/strong> relevantes <strong data-start=\"1063\" data-end=\"1098\">da UE (marca\u00e7\u00e3o CE)<\/strong> e est\u00e1 em conformidade com os regulamentos legais para pirotecnia da categoria P1. <\/p>\n<p data-start=\"1166\" data-end=\"1388\">Este fogo de artif\u00edcio \u00e9 ideal para utiliza\u00e7\u00e3o em <strong data-start=\"1200\" data-end=\"1287\">espect\u00e1culos de fogo de artif\u00edcio, testes de som ou como complemento de grande impacto em espect\u00e1culos pirot\u00e9cnicos<\/strong>. Devido \u00e0 sua resist\u00eancia, \u00e9 necess\u00e1rio um manuseamento respons\u00e1vel e o cumprimento rigoroso das instru\u00e7\u00f5es de seguran\u00e7a. <\/p>\n<p data-start=\"1166\" data-end=\"1388\">\u26a0\ufe0f <strong data-start=\"1395\" data-end=\"1407\">Aviso:<\/strong> S\u00f3 para pessoas com mais de 18 anos. Utiliza apenas em espa\u00e7os exteriores abertos. Nunca acendas dentro de casa ou perto de pessoas, animais ou bens. Respeita sempre as dist\u00e2ncias de seguran\u00e7a e as instru\u00e7\u00f5es de manuseamento.   <\/p>\n","protected":false},"excerpt":{"rendered":"<p data-pm-slice=\"0 0 []\"><strong>Valor do par\u00e2metro<\/strong><\/p>\n<p><strong>Nome de produto<\/strong>: BIG BANG 2G CLE0002BU<\/p>\n<p><strong>Fabricante: <\/strong>SR PYRO<\/p>\n<p><strong>C\u00f3digo do produto:<\/strong> CLE0002BU<\/p>\n<p><strong>Composi\u00e7\u00e3o pirot\u00e9cnica:<\/strong> 2 g por bombinha<\/p>\n<p><strong>Quantidade por embalagem:<\/strong> 20 unidades<\/p>\n<p><strong>Efeito:<\/strong> Batida \u00fanica e forte (sem efeitos visuais)<\/p>\n<p><strong>Categoria F1<\/strong><\/p>\n<p><strong>CE:<\/strong> Certifica\u00e7\u00e3o Sim<\/p>\n<p><strong>Pa\u00eds de origem:<\/strong> Alb\u00e2nia (Grupo ARPI)<\/p>\n<p><strong>Variante de cor:<\/strong> BU &#8211; Embalagem azul<\/p>\n<p><strong>M\u00e9todo de igni\u00e7\u00e3o:<\/strong> Fus\u00edvel standard<\/p>\n<p><strong>Idade m\u00ednima:<\/strong> 18 anos ou mais<\/p>\n<p><strong>Ambiente de utiliza\u00e7\u00e3o:<\/strong> Apenas no exterior<\/p>\n<p><strong>Dist\u00e2ncia de seguran\u00e7a:<\/strong> Conforme especificado na embalagem (normalmente \u226525 m)<\/p>\n","protected":false},"featured_media":63705,"comment_status":"closed","ping_status":"closed","template":"","meta":{"_acf_changed":false},"product_brand":[],"product_cat":[487,495],"product_tag":[],"class_list":{"0":"post-63703","1":"product","2":"type-product","3":"status-publish","4":"has-post-thumbnail","6":"product_cat-fogos-de-artificio","7":"product_cat-promocao","8":"pa_brandx-srpyro","10":"first","11":"instock","12":"sale","13":"taxable","14":"shipping-taxable","15":"purchasable","16":"product-type-variable"},"acf":[],"_links":{"self":[{"href":"https:\/\/ultrasfactory.com\/pt-pt\/wp-json\/wp\/v2\/product\/63703","targetHints":{"allow":["GET"]}}],"collection":[{"href":"https:\/\/ultrasfactory.com\/pt-pt\/wp-json\/wp\/v2\/product"}],"about":[{"href":"https:\/\/ultrasfactory.com\/pt-pt\/wp-json\/wp\/v2\/types\/product"}],"replies":[{"embeddable":true,"href":"https:\/\/ultrasfactory.com\/pt-pt\/wp-json\/wp\/v2\/comments?post=63703"}],"wp:featuredmedia":[{"embeddable":true,"href":"https:\/\/ultrasfactory.com\/pt-pt\/wp-json\/wp\/v2\/media\/63705"}],"wp:attachment":[{"href":"https:\/\/ultrasfactory.com\/pt-pt\/wp-json\/wp\/v2\/media?parent=63703"}],"wp:term":[{"taxonomy":"product_brand","embeddable":true,"href":"https:\/\/ultrasfactory.com\/pt-pt\/wp-json\/wp\/v2\/product_brand?post=63703"},{"taxonomy":"product_cat","embeddable":true,"href":"https:\/\/ultrasfactory.com\/pt-pt\/wp-json\/wp\/v2\/product_cat?post=63703"},{"taxonomy":"product_tag","embeddable":true,"href":"https:\/\/ultrasfactory.com\/pt-pt\/wp-json\/wp\/v2\/product_tag?post=63703"}],"curies":[{"name":"wp","href":"https:\/\/api.w.org\/{rel}","templated":true}]}}