{"id":64306,"date":"2025-10-29T13:25:42","date_gmt":"2025-10-29T12:25:42","guid":{"rendered":"https:\/\/ultrasfactory.com\/product\/gatling-zombum-380shots-zb160\/"},"modified":"2025-11-17T19:53:00","modified_gmt":"2025-11-17T18:53:00","slug":"gatling-zombum-380shots-zb160","status":"publish","type":"product","link":"https:\/\/ultrasfactory.com\/pt-pt\/product\/gatling-zombum-380shots-zb160\/","title":{"rendered":"Gatling ZomBum 380shots ZB160"},"content":{"rendered":"<p><iframe loading=\"lazy\" title=\"Reprodutor de v\u00eddeo do YouTube\" src=\"https:\/\/www.youtube.com\/embed\/6WG9f5MuFe4?si=Eoho34NOdn5TTEI6\" width=\"560\" height=\"315\" frameborder=\"0\" allowfullscreen=\"allowfullscreen\"><\/iframe><\/p>\n<p data-start=\"750\" data-end=\"1152\">A <strong data-start=\"754\" data-end=\"783\">Gatling 380 Shots (ZB160)<\/strong> da <strong data-start=\"789\" data-end=\"800\">Zom Bum<\/strong> \u00e9 uma <strong data-start=\"806\" data-end=\"848\">bateria a\u00e9rea multi-efeitos de disparo r\u00e1pido<\/strong>, concebida para utilizadores que pretendem uma sequ\u00eancia a\u00e9rea cont\u00ednua e de longa dura\u00e7\u00e3o numa unidade compacta.<br data-start=\"941\" data-end=\"944\">Com <strong data-start=\"954\" data-end=\"967\">380 disparos<\/strong> de efeitos mistos de cometa, crepita\u00e7\u00e3o e brilho, este bolo &#8220;estilo Gatling&#8221; cria uma impressionante barragem de varrimento &#8211; proporcionando um espet\u00e1culo visual de alto ritmo que rivaliza com os espect\u00e1culos profissionais.<\/p>\n<p data-start=\"1154\" data-end=\"1525\">A unidade cont\u00e9m aproximadamente <strong data-start=\"1186\" data-end=\"1199\">500 g de NEC<\/strong> e \u00e9 classificada pela CE como <strong data-start=\"1224\" data-end=\"1230\">F2<\/strong>, adequada para utiliza\u00e7\u00e3o pelo consumidor no exterior em mercados onde o fogo de artif\u00edcio da categoria F2 \u00e9 permitido.<br data-start=\"1319\" data-end=\"1322\">Cada disparo aumenta rapidamente em sucess\u00e3o r\u00e1pida, produzindo uma parede de som, luz e brilho com uma dura\u00e7\u00e3o aproximada de <strong data-start=\"1428\" data-end=\"1445\">55-65 segundos<\/strong> &#8211; ideal para finais de Ano Novo, casamentos ou espect\u00e1culos coordenados de pequena escala.<\/p>\n","protected":false},"excerpt":{"rendered":"<ul>\n<li><strong>380 tiros<\/strong><\/li>\n<li><strong>F2<\/strong><\/li>\n<li><strong>10 mm<\/strong><\/li>\n<li><strong>NEC: 98,8 g<\/strong><\/li>\n<\/ul>\n","protected":false},"featured_media":64305,"comment_status":"closed","ping_status":"closed","template":"","meta":{"_acf_changed":false},"product_brand":[],"product_cat":[491],"product_tag":[],"class_list":{"0":"post-64306","1":"product","2":"type-product","3":"status-publish","4":"has-post-thumbnail","6":"product_cat-velas-romanas","7":"pa_brandx-zom-bum","9":"first","10":"instock","11":"taxable","12":"shipping-taxable","13":"purchasable","14":"product-type-simple"},"acf":[],"_links":{"self":[{"href":"https:\/\/ultrasfactory.com\/pt-pt\/wp-json\/wp\/v2\/product\/64306","targetHints":{"allow":["GET"]}}],"collection":[{"href":"https:\/\/ultrasfactory.com\/pt-pt\/wp-json\/wp\/v2\/product"}],"about":[{"href":"https:\/\/ultrasfactory.com\/pt-pt\/wp-json\/wp\/v2\/types\/product"}],"replies":[{"embeddable":true,"href":"https:\/\/ultrasfactory.com\/pt-pt\/wp-json\/wp\/v2\/comments?post=64306"}],"wp:featuredmedia":[{"embeddable":true,"href":"https:\/\/ultrasfactory.com\/pt-pt\/wp-json\/wp\/v2\/media\/64305"}],"wp:attachment":[{"href":"https:\/\/ultrasfactory.com\/pt-pt\/wp-json\/wp\/v2\/media?parent=64306"}],"wp:term":[{"taxonomy":"product_brand","embeddable":true,"href":"https:\/\/ultrasfactory.com\/pt-pt\/wp-json\/wp\/v2\/product_brand?post=64306"},{"taxonomy":"product_cat","embeddable":true,"href":"https:\/\/ultrasfactory.com\/pt-pt\/wp-json\/wp\/v2\/product_cat?post=64306"},{"taxonomy":"product_tag","embeddable":true,"href":"https:\/\/ultrasfactory.com\/pt-pt\/wp-json\/wp\/v2\/product_tag?post=64306"}],"curies":[{"name":"wp","href":"https:\/\/api.w.org\/{rel}","templated":true}]}}