{"id":64853,"date":"2025-10-31T09:57:06","date_gmt":"2025-10-31T08:57:06","guid":{"rendered":"https:\/\/ultrasfactory.com\/product\/sem-limites-pxp315\/"},"modified":"2026-02-02T13:36:44","modified_gmt":"2026-02-02T12:36:44","slug":"sem-limites-pxp315","status":"publish","type":"product","link":"https:\/\/ultrasfactory.com\/pt-pt\/product\/sem-limites-pxp315\/","title":{"rendered":"Sem limites PXP315"},"content":{"rendered":"<p><iframe loading=\"lazy\" title=\"Petardy NO LIMITS 2025 PXP315 Piromax fajerwerki \" width=\"980\" height=\"551\" src=\"https:\/\/www.youtube.com\/embed\/FiFyBEUs8-w?feature=oembed\" frameborder=\"0\" allow=\"accelerometer; autoplay; clipboard-write; encrypted-media; gyroscope; picture-in-picture; web-share\" referrerpolicy=\"strict-origin-when-cross-origin\" allowfullscreen><\/iframe><\/p>\n<p>O <strong data-start=\"586\" data-end=\"606\">No Limits PXP315<\/strong> \u00e9 um pacote de <strong data-start=\"620\" data-end=\"636\">bombinhas<\/strong> concebido para o m\u00e1ximo impacto sonoro e de flash num ambiente exterior. Classificada como <g id=\"gid_2\">CE Categoria F3<\/g>, cada unidade do pacote tem cerca de <g id=\"gid_3\">20 g de Conte\u00fado Explosivo L\u00edquido (NEC)<\/g>, de acordo com os dados listados. <br data-start=\"872\" data-end=\"875\">Ideais para celebra\u00e7\u00f5es, eventos ou utiliza\u00e7\u00e3o em estilo de exposi\u00e7\u00e3o, estas bombinhas proporcionam um efeito auditivo arrojado e um forte apelo ao consumidor. O tamanho compacto da embalagem combinado com um conte\u00fado de alto impacto torna a PXP315 adequada para as prateleiras de retalho.  <br data-start=\"1145\" data-end=\"1148\">Certifica-te de que s\u00e3o respeitadas todas as dist\u00e2ncias de seguran\u00e7a, restri\u00e7\u00f5es de idade e requisitos legais locais.<\/p>\n","protected":false},"excerpt":{"rendered":"<ul>\n<li><b>20 unidades<\/b><\/li>\n<li><strong>NEC: 20g<\/strong><\/li>\n<li><strong>Piromax<\/strong><\/li>\n<\/ul>\n","protected":false},"featured_media":64855,"comment_status":"closed","ping_status":"closed","template":"","meta":{"_acf_changed":false},"product_brand":[],"product_cat":[487,495],"product_tag":[],"class_list":{"0":"post-64853","1":"product","2":"type-product","3":"status-publish","4":"has-post-thumbnail","6":"product_cat-fogos-de-artificio","7":"product_cat-promocao","8":"pa_brandx-piromax","10":"first","11":"instock","12":"sale","13":"taxable","14":"shipping-taxable","15":"purchasable","16":"product-type-simple"},"acf":[],"_links":{"self":[{"href":"https:\/\/ultrasfactory.com\/pt-pt\/wp-json\/wp\/v2\/product\/64853","targetHints":{"allow":["GET"]}}],"collection":[{"href":"https:\/\/ultrasfactory.com\/pt-pt\/wp-json\/wp\/v2\/product"}],"about":[{"href":"https:\/\/ultrasfactory.com\/pt-pt\/wp-json\/wp\/v2\/types\/product"}],"replies":[{"embeddable":true,"href":"https:\/\/ultrasfactory.com\/pt-pt\/wp-json\/wp\/v2\/comments?post=64853"}],"wp:featuredmedia":[{"embeddable":true,"href":"https:\/\/ultrasfactory.com\/pt-pt\/wp-json\/wp\/v2\/media\/64855"}],"wp:attachment":[{"href":"https:\/\/ultrasfactory.com\/pt-pt\/wp-json\/wp\/v2\/media?parent=64853"}],"wp:term":[{"taxonomy":"product_brand","embeddable":true,"href":"https:\/\/ultrasfactory.com\/pt-pt\/wp-json\/wp\/v2\/product_brand?post=64853"},{"taxonomy":"product_cat","embeddable":true,"href":"https:\/\/ultrasfactory.com\/pt-pt\/wp-json\/wp\/v2\/product_cat?post=64853"},{"taxonomy":"product_tag","embeddable":true,"href":"https:\/\/ultrasfactory.com\/pt-pt\/wp-json\/wp\/v2\/product_tag?post=64853"}],"curies":[{"name":"wp","href":"https:\/\/api.w.org\/{rel}","templated":true}]}}