{"id":64857,"date":"2025-10-31T09:27:40","date_gmt":"2025-10-31T08:27:40","guid":{"rendered":"https:\/\/ultrasfactory.com\/product\/cruzeta-amarela-ac20-16-cp\/"},"modified":"2025-10-31T12:36:38","modified_gmt":"2025-10-31T11:36:38","slug":"cruzeta-amarela-ac20-16-cp","status":"publish","type":"product","link":"https:\/\/ultrasfactory.com\/pt-pt\/product\/cruzeta-amarela-ac20-16-cp\/","title":{"rendered":"Cruzeta amarela AC20-16-CP"},"content":{"rendered":"<p><iframe loading=\"lazy\" title=\"Reprodutor de v\u00eddeo do YouTube\" src=\"https:\/\/www.youtube.com\/embed\/nXvD2U2G3q0?si=6zXM5ZUlJ90NTiIs\" width=\"560\" height=\"315\" frameborder=\"0\" allowfullscreen=\"allowfullscreen\"><\/iframe><\/p>\n<p>A <strong data-start=\"583\" data-end=\"614\">Yellow Crossette AC20-16-CP<\/strong> da Argento Fireworks \u00e9 uma vibrante <strong data-start=\"651\" data-end=\"692\">bateria a\u00e9rea de 16 disparos, calibre 20 mm<\/strong>, que produz intensas explos\u00f5es de estrelas &#8220;crossette&#8221; &#8211; cada cometa amarelo ascendente divide-se em quatro estrelas mais pequenas no z\u00e9nite para um efeito dram\u00e1tico de fragmenta\u00e7\u00e3o em pleno ar. <br data-start=\"886\" data-end=\"889\">Com uma massa explosiva l\u00edquida (NEM) de aproximadamente <strong data-start=\"938\" data-end=\"947\">208 g<\/strong>, um tempo de funcionamento de cerca de <strong data-start=\"968\" data-end=\"982\">20 segundos<\/strong> e certifica\u00e7\u00e3o CE <strong data-start=\"1005\" data-end=\"1011\">F2<\/strong> sob o n\u00famero de licen\u00e7a 2768-F2-0031\/2020, este bolo \u00e9 ideal para espect\u00e1culos ao ar livre de grande impacto para o consumidor, onde o tamanho compacto se alia a um forte efeito visual. <br data-start=\"1194\" data-end=\"1197\">Quer seja utilizado como destaque num evento no quintal ou como parte de uma sequ\u00eancia de fogo de artif\u00edcio maior, o Yellow Crossette AC20-16-CP proporciona um desempenho consistente, uma intensidade de cor rica e a cl\u00e1ssica engenharia Argento para fiabilidade.<\/p>\n","protected":false},"excerpt":{"rendered":"<ul>\n<li><strong>16 tiros<\/strong><\/li>\n<li><strong>20mm<\/strong><\/li>\n<li><strong>F2<\/strong><\/li>\n<\/ul>\n","protected":false},"featured_media":64859,"comment_status":"closed","ping_status":"closed","template":"","meta":{"_acf_changed":false},"product_brand":[],"product_cat":[477,495],"product_tag":[],"class_list":{"0":"post-64857","1":"product","2":"type-product","3":"status-publish","4":"has-post-thumbnail","6":"product_cat-baterias","7":"product_cat-promocao","8":"pa_brandx-argento-feuerwerk","10":"first","11":"outofstock","12":"sale","13":"taxable","14":"shipping-taxable","15":"purchasable","16":"product-type-simple"},"acf":[],"_links":{"self":[{"href":"https:\/\/ultrasfactory.com\/pt-pt\/wp-json\/wp\/v2\/product\/64857","targetHints":{"allow":["GET"]}}],"collection":[{"href":"https:\/\/ultrasfactory.com\/pt-pt\/wp-json\/wp\/v2\/product"}],"about":[{"href":"https:\/\/ultrasfactory.com\/pt-pt\/wp-json\/wp\/v2\/types\/product"}],"replies":[{"embeddable":true,"href":"https:\/\/ultrasfactory.com\/pt-pt\/wp-json\/wp\/v2\/comments?post=64857"}],"wp:featuredmedia":[{"embeddable":true,"href":"https:\/\/ultrasfactory.com\/pt-pt\/wp-json\/wp\/v2\/media\/64859"}],"wp:attachment":[{"href":"https:\/\/ultrasfactory.com\/pt-pt\/wp-json\/wp\/v2\/media?parent=64857"}],"wp:term":[{"taxonomy":"product_brand","embeddable":true,"href":"https:\/\/ultrasfactory.com\/pt-pt\/wp-json\/wp\/v2\/product_brand?post=64857"},{"taxonomy":"product_cat","embeddable":true,"href":"https:\/\/ultrasfactory.com\/pt-pt\/wp-json\/wp\/v2\/product_cat?post=64857"},{"taxonomy":"product_tag","embeddable":true,"href":"https:\/\/ultrasfactory.com\/pt-pt\/wp-json\/wp\/v2\/product_tag?post=64857"}],"curies":[{"name":"wp","href":"https:\/\/api.w.org\/{rel}","templated":true}]}}