{"id":64860,"date":"2025-10-31T09:08:12","date_gmt":"2025-10-31T08:08:12","guid":{"rendered":"https:\/\/ultrasfactory.com\/product\/nobile-ac20-10-4-2\/"},"modified":"2026-03-17T20:53:14","modified_gmt":"2026-03-17T19:53:14","slug":"nobile-ac20-10-4-2","status":"publish","type":"product","link":"https:\/\/ultrasfactory.com\/pt-pt\/product\/nobile-ac20-10-4-2\/","title":{"rendered":"Nobile AC20-10-4"},"content":{"rendered":"<p><iframe loading=\"lazy\" title=\"Reprodutor de v\u00eddeo do YouTube\" src=\"https:\/\/www.youtube.com\/embed\/YUhUynzm1f4?si=_EPqaNKs4R694PsJ\" width=\"560\" height=\"315\" frameborder=\"0\" allowfullscreen=\"allowfullscreen\"><\/iframe><\/p>\n<p data-start=\"722\" data-end=\"1076\">O <strong data-start=\"726\" data-end=\"746\">Nobile AC20-10-4<\/strong> da <strong data-start=\"752\" data-end=\"773\">Argento Fireworks<\/strong> \u00e9 um <strong data-start=\"800\" data-end=\"829\">bolo a\u00e9reo<\/strong> compacto mas potente <strong data-start=\"800\" data-end=\"829\">de 10 disparos de 20 mm<\/strong> que mostra o estilo refinado da s\u00e9rie F2 da Argento.<br data-start=\"886\" data-end=\"889\">Cada tubo lan\u00e7a uma explos\u00e3o v\u00edvida de <strong data-start=\"925\" data-end=\"955\">pe\u00f3nia azul com estrobosc\u00f3pio vermelho<\/strong>, seguida de <strong data-start=\"969\" data-end=\"1010\">explos\u00f5es de cauda de corola com estrobosc\u00f3pio verde<\/strong>, combinando tons quentes e frios num ritmo limpo e profissional.<\/p>\n<p data-start=\"1078\" data-end=\"1352\">Com aproximadamente <strong data-start=\"1097\" data-end=\"1111\">84,2 g de NEC<\/strong> e um tempo de funcionamento <strong data-start=\"1118\" data-end=\"1131\">de 15 segundos<\/strong>, o Nobile oferece uma precis\u00e3o e simetria elegantes, t\u00edpicas da engenharia europeia da Argento. Certificado na <strong data-start=\"1247\" data-end=\"1265\">categoria CE F2<\/strong>, destina-se a ser utilizado no exterior em regi\u00f5es onde \u00e9 permitido o uso de fogos de artif\u00edcio F2. <\/p>\n<p data-start=\"1354\" data-end=\"1535\">Este modelo \u00e9 ideal para <strong data-start=\"1378\" data-end=\"1398\">exposi\u00e7\u00f5es privadas<\/strong>, <strong data-start=\"1400\" data-end=\"1412\">casamentos<\/strong> ou <strong data-start=\"1417\" data-end=\"1449\">pequenas sequ\u00eancias profissionais<\/strong> em que se pretende um efeito multicolorido e polido sem ru\u00eddo ou recuo excessivos.<\/p>\n","protected":false},"excerpt":{"rendered":"<ul>\n<li><strong>10 disparos<\/strong><\/li>\n<li><strong>20mm<\/strong><\/li>\n<li><strong>F2<\/strong><\/li>\n<li><strong>NEC: 84,2g<\/strong><\/li>\n<li><strong>Argento<\/strong><\/li>\n<\/ul>\n","protected":false},"featured_media":64861,"comment_status":"closed","ping_status":"closed","template":"","meta":{"_acf_changed":false},"product_brand":[],"product_cat":[477,495],"product_tag":[],"class_list":{"0":"post-64860","1":"product","2":"type-product","3":"status-publish","4":"has-post-thumbnail","6":"product_cat-baterias","7":"product_cat-promocao","8":"pa_brandx-argento-feuerwerk","10":"first","11":"instock","12":"sale","13":"taxable","14":"shipping-taxable","15":"purchasable","16":"product-type-simple"},"acf":[],"_links":{"self":[{"href":"https:\/\/ultrasfactory.com\/pt-pt\/wp-json\/wp\/v2\/product\/64860","targetHints":{"allow":["GET"]}}],"collection":[{"href":"https:\/\/ultrasfactory.com\/pt-pt\/wp-json\/wp\/v2\/product"}],"about":[{"href":"https:\/\/ultrasfactory.com\/pt-pt\/wp-json\/wp\/v2\/types\/product"}],"replies":[{"embeddable":true,"href":"https:\/\/ultrasfactory.com\/pt-pt\/wp-json\/wp\/v2\/comments?post=64860"}],"wp:featuredmedia":[{"embeddable":true,"href":"https:\/\/ultrasfactory.com\/pt-pt\/wp-json\/wp\/v2\/media\/64861"}],"wp:attachment":[{"href":"https:\/\/ultrasfactory.com\/pt-pt\/wp-json\/wp\/v2\/media?parent=64860"}],"wp:term":[{"taxonomy":"product_brand","embeddable":true,"href":"https:\/\/ultrasfactory.com\/pt-pt\/wp-json\/wp\/v2\/product_brand?post=64860"},{"taxonomy":"product_cat","embeddable":true,"href":"https:\/\/ultrasfactory.com\/pt-pt\/wp-json\/wp\/v2\/product_cat?post=64860"},{"taxonomy":"product_tag","embeddable":true,"href":"https:\/\/ultrasfactory.com\/pt-pt\/wp-json\/wp\/v2\/product_tag?post=64860"}],"curies":[{"name":"wp","href":"https:\/\/api.w.org\/{rel}","templated":true}]}}