{"id":64863,"date":"2025-10-31T09:27:17","date_gmt":"2025-10-31T08:27:17","guid":{"rendered":"https:\/\/ultrasfactory.com\/product\/martix-ac20-16-5\/"},"modified":"2025-11-07T12:51:06","modified_gmt":"2025-11-07T11:51:06","slug":"martix-ac20-16-5","status":"publish","type":"product","link":"https:\/\/ultrasfactory.com\/pt-pt\/product\/martix-ac20-16-5\/","title":{"rendered":"Martix AC20-16-5"},"content":{"rendered":"<p><iframe loading=\"lazy\" title=\"Reprodutor de v\u00eddeo do YouTube\" src=\"https:\/\/www.youtube.com\/embed\/5fuvzLRruA4?si=ee4kLpH21yJSkQnE\" width=\"560\" height=\"315\" frameborder=\"0\" allowfullscreen=\"allowfullscreen\"><\/iframe><\/p>\n<p>A <strong data-start=\"610\" data-end=\"630\">Martix AC20-16-5<\/strong> da <strong data-start=\"634\" data-end=\"655\">Argento Fireworks<\/strong> \u00e9 uma bateria de fogo de artif\u00edcio a\u00e9reo de 16 disparos com um calibre de 20 mm, oferecendo cerca de <strong data-start=\"728\" data-end=\"744\">168,32 g de NEM<\/strong> (Massa Explosiva L\u00edquida) e um tempo de funcionamento aproximado de <strong data-start=\"796\" data-end=\"810\">23 segundos<\/strong>. <br data-start=\"849\" data-end=\"852\">Cada disparo sobe em caudas de ouro brocado e termina em ramos de ouro brocado com estrelas azuis ou vermelhas &#8211; proporcionando uma rica varia\u00e7\u00e3o visual num formato compacto. <br data-start=\"1077\" data-end=\"1080\">Classificada como <strong data-start=\"1094\" data-end=\"1112\">CE Categoria F2<\/strong>, esta bateria \u00e9 adequada para uso exterior em regi\u00f5es que permitem fogos de artif\u00edcio da categoria F2.<br data-start=\"1208\" data-end=\"1211\">Gra\u00e7as ao seu equil\u00edbrio de quantidade, calibre e varia\u00e7\u00e3o de cor, o Martix AC20-16-5 \u00e9 ideal para fam\u00edlias e organizadores de eventos que procuram uma pe\u00e7a de efeito a\u00e9reo de qualidade superior, mas manej\u00e1vel.<\/p>\n","protected":false},"excerpt":{"rendered":"<ul>\n<li><strong>16 tiros<\/strong><\/li>\n<li><strong>20mm<\/strong><\/li>\n<li><strong>F2<\/strong><\/li>\n<\/ul>\n","protected":false},"featured_media":64864,"comment_status":"closed","ping_status":"closed","template":"","meta":{"_acf_changed":false},"product_brand":[],"product_cat":[477,495],"product_tag":[],"class_list":{"0":"post-64863","1":"product","2":"type-product","3":"status-publish","4":"has-post-thumbnail","6":"product_cat-baterias","7":"product_cat-promocao","8":"pa_brandx-argento-feuerwerk","10":"first","11":"outofstock","12":"sale","13":"taxable","14":"shipping-taxable","15":"purchasable","16":"product-type-simple"},"acf":[],"_links":{"self":[{"href":"https:\/\/ultrasfactory.com\/pt-pt\/wp-json\/wp\/v2\/product\/64863","targetHints":{"allow":["GET"]}}],"collection":[{"href":"https:\/\/ultrasfactory.com\/pt-pt\/wp-json\/wp\/v2\/product"}],"about":[{"href":"https:\/\/ultrasfactory.com\/pt-pt\/wp-json\/wp\/v2\/types\/product"}],"replies":[{"embeddable":true,"href":"https:\/\/ultrasfactory.com\/pt-pt\/wp-json\/wp\/v2\/comments?post=64863"}],"wp:featuredmedia":[{"embeddable":true,"href":"https:\/\/ultrasfactory.com\/pt-pt\/wp-json\/wp\/v2\/media\/64864"}],"wp:attachment":[{"href":"https:\/\/ultrasfactory.com\/pt-pt\/wp-json\/wp\/v2\/media?parent=64863"}],"wp:term":[{"taxonomy":"product_brand","embeddable":true,"href":"https:\/\/ultrasfactory.com\/pt-pt\/wp-json\/wp\/v2\/product_brand?post=64863"},{"taxonomy":"product_cat","embeddable":true,"href":"https:\/\/ultrasfactory.com\/pt-pt\/wp-json\/wp\/v2\/product_cat?post=64863"},{"taxonomy":"product_tag","embeddable":true,"href":"https:\/\/ultrasfactory.com\/pt-pt\/wp-json\/wp\/v2\/product_tag?post=64863"}],"curies":[{"name":"wp","href":"https:\/\/api.w.org\/{rel}","templated":true}]}}