{"id":64865,"date":"2025-10-29T13:40:20","date_gmt":"2025-10-29T12:40:20","guid":{"rendered":"https:\/\/ultrasfactory.com\/product\/gama-de-assinatura-de-tiros-unicos-ss25sig14\/"},"modified":"2025-11-19T21:54:46","modified_gmt":"2025-11-19T20:54:46","slug":"gama-de-assinatura-de-tiros-unicos-ss25sig14","status":"publish","type":"product","link":"https:\/\/ultrasfactory.com\/pt-pt\/product\/gama-de-assinatura-de-tiros-unicos-ss25sig14\/","title":{"rendered":"Gama de assinatura de tiros \u00fanicos SS25SIG14"},"content":{"rendered":"<p><iframe loading=\"lazy\" title=\"Reprodutor de v\u00eddeo do YouTube\" src=\"https:\/\/www.youtube.com\/embed\/jN4n3dPmH04?si=xk4gjQ4Y0ROlZ_vj\" width=\"560\" height=\"315\" frameborder=\"0\" allowfullscreen=\"allowfullscreen\"><\/iframe><\/p>\n<p data-start=\"772\" data-end=\"1127\">A <strong data-start=\"776\" data-end=\"820\">Single Shots &#8211; Signature Range SS25SIG14<\/strong> da <strong data-start=\"826\" data-end=\"837\">Triplex<\/strong> \u00e9 uma <strong data-start=\"843\" data-end=\"901\">c\u00e1psula a\u00e9rea de disparo \u00fanico de 25 mm de alto desempenho<\/strong>, concebida especificamente para espect\u00e1culos de fogo de artif\u00edcio profissionais e sincronizados. Cada proj\u00e9til proporciona uma explos\u00e3o poderosa com cores vivas, caudas brilhantes ou efeitos de coroa em brocado, garantindo um destaque espetacular em qualquer sequ\u00eancia de exibi\u00e7\u00e3o. <\/p>\n<p data-start=\"1129\" data-end=\"1474\">Como parte da s\u00e9rie <em data-start=\"1329\" data-end=\"1346\">Signature Range<\/em>, garante uma qualidade de constru\u00e7\u00e3o de topo, uma temporiza\u00e7\u00e3o fi\u00e1vel e explos\u00f5es sim\u00e9tricas compar\u00e1veis \u00e0s dos cartuchos de exibi\u00e7\u00e3o profissionais.<\/p>\n<p data-start=\"1476\" data-end=\"1614\">O SS25SIG14 \u00e9 frequentemente utilizado em <strong data-start=\"1508\" data-end=\"1523\">pistas de finaliza\u00e7\u00e3o<\/strong>, <strong data-start=\"1525\" data-end=\"1545\">espect\u00e1culos teatrais<\/strong> e <strong data-start=\"1551\" data-end=\"1577\">sequ\u00eancias temporizadas personalizadas<\/strong> em sistemas de disparo coordenados.<\/p>\n","protected":false},"excerpt":{"rendered":"<ul>\n<li><strong>25mm<\/strong><\/li>\n<li><strong>F2<\/strong><\/li>\n<li><strong>Klasek<\/strong><\/li>\n<li><strong>4 pe\u00e7as<\/strong><\/li>\n<\/ul>\n","protected":false},"featured_media":64866,"comment_status":"closed","ping_status":"closed","template":"","meta":{"_acf_changed":false},"product_brand":[],"product_cat":[496],"product_tag":[],"class_list":{"0":"post-64865","1":"product","2":"type-product","3":"status-publish","4":"has-post-thumbnail","6":"product_cat-tiros-unicos","7":"pa_brandx-klasek","9":"first","10":"instock","11":"taxable","12":"shipping-taxable","13":"purchasable","14":"product-type-simple"},"acf":[],"_links":{"self":[{"href":"https:\/\/ultrasfactory.com\/pt-pt\/wp-json\/wp\/v2\/product\/64865","targetHints":{"allow":["GET"]}}],"collection":[{"href":"https:\/\/ultrasfactory.com\/pt-pt\/wp-json\/wp\/v2\/product"}],"about":[{"href":"https:\/\/ultrasfactory.com\/pt-pt\/wp-json\/wp\/v2\/types\/product"}],"replies":[{"embeddable":true,"href":"https:\/\/ultrasfactory.com\/pt-pt\/wp-json\/wp\/v2\/comments?post=64865"}],"wp:featuredmedia":[{"embeddable":true,"href":"https:\/\/ultrasfactory.com\/pt-pt\/wp-json\/wp\/v2\/media\/64866"}],"wp:attachment":[{"href":"https:\/\/ultrasfactory.com\/pt-pt\/wp-json\/wp\/v2\/media?parent=64865"}],"wp:term":[{"taxonomy":"product_brand","embeddable":true,"href":"https:\/\/ultrasfactory.com\/pt-pt\/wp-json\/wp\/v2\/product_brand?post=64865"},{"taxonomy":"product_cat","embeddable":true,"href":"https:\/\/ultrasfactory.com\/pt-pt\/wp-json\/wp\/v2\/product_cat?post=64865"},{"taxonomy":"product_tag","embeddable":true,"href":"https:\/\/ultrasfactory.com\/pt-pt\/wp-json\/wp\/v2\/product_tag?post=64865"}],"curies":[{"name":"wp","href":"https:\/\/api.w.org\/{rel}","templated":true}]}}