{"id":64883,"date":"2025-10-31T09:06:05","date_gmt":"2025-10-31T08:06:05","guid":{"rendered":"https:\/\/ultrasfactory.com\/product\/acido-ac20-10-1-2\/"},"modified":"2025-11-21T10:45:37","modified_gmt":"2025-11-21T09:45:37","slug":"acido-ac20-10-1-2","status":"publish","type":"product","link":"https:\/\/ultrasfactory.com\/pt-pt\/product\/acido-ac20-10-1-2\/","title":{"rendered":"Acido AC20-10-1"},"content":{"rendered":"<p><iframe loading=\"lazy\" title=\"Acido AC20-10-1 | ULTRASFACTORY.COM\" width=\"980\" height=\"551\" src=\"https:\/\/www.youtube.com\/embed\/NjGJYFpidvU?feature=oembed\" frameborder=\"0\" allow=\"accelerometer; autoplay; clipboard-write; encrypted-media; gyroscope; picture-in-picture; web-share\" referrerpolicy=\"strict-origin-when-cross-origin\" allowfullscreen><\/iframe><\/p>\n<p data-start=\"745\" data-end=\"1083\">O <strong data-start=\"639\" data-end=\"660\">Acido (AC20-10-1)<\/strong> da Argento Fireworks \u00e9 uma <strong data-start=\"709\" data-end=\"744\">bateria de fogo de artif\u00edcio a\u00e9reo de 10 disparos<\/strong> meticulosamente concebida com tubos de 20 mm. Emite cerca de <strong data-start=\"790\" data-end=\"828\">84,2 g de NEC (conte\u00fado explosivo l\u00edquido)<\/strong> e funciona durante cerca de <strong data-start=\"849\" data-end=\"863\">15 segundos<\/strong>. <br data-start=\"902\" data-end=\"905\">A sua sequ\u00eancia de efeitos inclui explos\u00f5es alternadas de caudas de tit\u00e2nio dourado em salgueiro com estrelas verdes intermitentes, seguidas de caudas de brocado em coroas de brocado de estrelas azuis &#8211; resultando numa exibi\u00e7\u00e3o visual rica e em camadas.<br data-start=\"1152\" data-end=\"1155\">Com a classifica\u00e7\u00e3o <strong data-start=\"1178\" data-end=\"1196\">CE de Categoria F2<\/strong>, esta bateria \u00e9 adequada para utiliza\u00e7\u00e3o no exterior pelo consumidor e est\u00e1 em conformidade com a classe de transporte ADR 1.4G. <br data-start=\"1365\" data-end=\"1368\">A Acido oferece um desempenho compacto, mas vigoroso, ideal para destaques a meio do programa em expositores privados ou como um artigo de retalho de qualidade superior. <\/p>\n","protected":false},"excerpt":{"rendered":"<ul>\n<li><strong>10 disparos<\/strong><\/li>\n<li><strong>20mm<\/strong><\/li>\n<li><strong>NEC: 84,2g<\/strong><\/li>\n<li><strong>Argento<\/strong><\/li>\n<\/ul>\n","protected":false},"featured_media":64885,"comment_status":"closed","ping_status":"closed","template":"","meta":{"_acf_changed":false},"product_brand":[],"product_cat":[477,495],"product_tag":[],"class_list":{"0":"post-64883","1":"product","2":"type-product","3":"status-publish","4":"has-post-thumbnail","6":"product_cat-baterias","7":"product_cat-promocao","8":"pa_brandx-argento-feuerwerk","10":"first","11":"outofstock","12":"sale","13":"taxable","14":"shipping-taxable","15":"purchasable","16":"product-type-simple"},"acf":[],"_links":{"self":[{"href":"https:\/\/ultrasfactory.com\/pt-pt\/wp-json\/wp\/v2\/product\/64883","targetHints":{"allow":["GET"]}}],"collection":[{"href":"https:\/\/ultrasfactory.com\/pt-pt\/wp-json\/wp\/v2\/product"}],"about":[{"href":"https:\/\/ultrasfactory.com\/pt-pt\/wp-json\/wp\/v2\/types\/product"}],"replies":[{"embeddable":true,"href":"https:\/\/ultrasfactory.com\/pt-pt\/wp-json\/wp\/v2\/comments?post=64883"}],"wp:featuredmedia":[{"embeddable":true,"href":"https:\/\/ultrasfactory.com\/pt-pt\/wp-json\/wp\/v2\/media\/64885"}],"wp:attachment":[{"href":"https:\/\/ultrasfactory.com\/pt-pt\/wp-json\/wp\/v2\/media?parent=64883"}],"wp:term":[{"taxonomy":"product_brand","embeddable":true,"href":"https:\/\/ultrasfactory.com\/pt-pt\/wp-json\/wp\/v2\/product_brand?post=64883"},{"taxonomy":"product_cat","embeddable":true,"href":"https:\/\/ultrasfactory.com\/pt-pt\/wp-json\/wp\/v2\/product_cat?post=64883"},{"taxonomy":"product_tag","embeddable":true,"href":"https:\/\/ultrasfactory.com\/pt-pt\/wp-json\/wp\/v2\/product_tag?post=64883"}],"curies":[{"name":"wp","href":"https:\/\/api.w.org\/{rel}","templated":true}]}}