{"id":65034,"date":"2024-01-11T10:29:42","date_gmt":"2024-01-11T10:29:42","guid":{"rendered":"https:\/\/ultrasfactory.com\/product\/grito-de-saudacao-de-titanio\/"},"modified":"2025-10-31T12:42:22","modified_gmt":"2025-10-31T11:42:22","slug":"grito-de-saudacao-de-titanio","status":"publish","type":"product","link":"https:\/\/ultrasfactory.com\/pt-pt\/product\/grito-de-saudacao-de-titanio\/","title":{"rendered":"Grito de sauda\u00e7\u00e3o de tit\u00e2nio"},"content":{"rendered":"","protected":false},"excerpt":{"rendered":"<ul>\n<li><strong>FOGUET\u00c3O: APITO + ESTRONDO<\/strong><\/li>\n<li><strong>  6pcs.<\/strong><\/li>\n<li><strong>NEC. 48g <\/strong><\/li>\n<li><strong>CAT. F2<\/strong><\/li>\n<\/ul>\n","protected":false},"featured_media":65050,"comment_status":"open","ping_status":"closed","template":"","meta":{"_acf_changed":false},"product_brand":[],"product_cat":[493],"product_tag":[],"class_list":{"0":"post-65034","1":"product","2":"type-product","3":"status-publish","4":"has-post-thumbnail","6":"product_cat-foguetes","8":"first","9":"outofstock","10":"taxable","11":"shipping-taxable","12":"purchasable","13":"product-type-simple"},"acf":[],"_links":{"self":[{"href":"https:\/\/ultrasfactory.com\/pt-pt\/wp-json\/wp\/v2\/product\/65034","targetHints":{"allow":["GET"]}}],"collection":[{"href":"https:\/\/ultrasfactory.com\/pt-pt\/wp-json\/wp\/v2\/product"}],"about":[{"href":"https:\/\/ultrasfactory.com\/pt-pt\/wp-json\/wp\/v2\/types\/product"}],"replies":[{"embeddable":true,"href":"https:\/\/ultrasfactory.com\/pt-pt\/wp-json\/wp\/v2\/comments?post=65034"}],"wp:featuredmedia":[{"embeddable":true,"href":"https:\/\/ultrasfactory.com\/pt-pt\/wp-json\/wp\/v2\/media\/65050"}],"wp:attachment":[{"href":"https:\/\/ultrasfactory.com\/pt-pt\/wp-json\/wp\/v2\/media?parent=65034"}],"wp:term":[{"taxonomy":"product_brand","embeddable":true,"href":"https:\/\/ultrasfactory.com\/pt-pt\/wp-json\/wp\/v2\/product_brand?post=65034"},{"taxonomy":"product_cat","embeddable":true,"href":"https:\/\/ultrasfactory.com\/pt-pt\/wp-json\/wp\/v2\/product_cat?post=65034"},{"taxonomy":"product_tag","embeddable":true,"href":"https:\/\/ultrasfactory.com\/pt-pt\/wp-json\/wp\/v2\/product_tag?post=65034"}],"curies":[{"name":"wp","href":"https:\/\/api.w.org\/{rel}","templated":true}]}}