{"id":65148,"date":"2024-01-11T10:31:44","date_gmt":"2024-01-11T10:31:44","guid":{"rendered":"https:\/\/ultrasfactory.com\/product\/feta-sfc15495\/"},"modified":"2025-10-31T12:42:57","modified_gmt":"2025-10-31T11:42:57","slug":"feta-sfc15495","status":"publish","type":"product","link":"https:\/\/ultrasfactory.com\/pt-pt\/product\/feta-sfc15495\/","title":{"rendered":"FETA SFC15495"},"content":{"rendered":"<p><iframe loading=\"lazy\" title=\"Reprodutor de v\u00eddeo do YouTube\" src=\"https:\/\/www.youtube.com\/embed\/YVdepr_35a4\" width=\"300\" height=\"215\" frameborder=\"0\" allowfullscreen=\"allowfullscreen\"><span data-mce-type=\"bookmark\" style=\"display: inline-block; width: 0px; overflow: hidden; line-height: 0;\" class=\"mce_SELRES_start\"><\/span><\/iframe><\/p>\n","protected":false},"excerpt":{"rendered":"<ul>\n<li><strong>NEC: 882g  <\/strong><\/li>\n<li><strong>49 tiros<\/strong><\/li>\n<li><strong>30 mm<\/strong><\/li>\n<li><strong>Efeito: Cauda azul para Seablue + Estrobosc\u00f3pio vermelho; Cauda verde para Coroa de Brocado + Estrelas verdes; Cauda azul para Seablue + Estrobosc\u00f3pio dourado; Cauda vermelha para Coroa de Brocado + Estrelas azuis; Cauda azul para Seablue + Estrobosc\u00f3pio branco; Cauda vermelha para Coroa de Brocado + Estrelas vermelhas; Cauda azul para Palma dourada + Azul + Chrys.<\/strong><\/li>\n<\/ul>\n","protected":false},"featured_media":65149,"comment_status":"open","ping_status":"closed","template":"","meta":{"_acf_changed":false},"product_brand":[],"product_cat":[477,495],"product_tag":[560,601,648],"class_list":{"0":"post-65148","1":"product","2":"type-product","3":"status-publish","4":"has-post-thumbnail","6":"product_cat-baterias","7":"product_cat-promocao","8":"product_tag-bateria","9":"product_tag-fogos-de-artificio-2","10":"product_tag-pyro","11":"pa_brandx-iskra-line","13":"first","14":"outofstock","15":"sale","16":"taxable","17":"shipping-taxable","18":"purchasable","19":"product-type-simple"},"acf":[],"_links":{"self":[{"href":"https:\/\/ultrasfactory.com\/pt-pt\/wp-json\/wp\/v2\/product\/65148","targetHints":{"allow":["GET"]}}],"collection":[{"href":"https:\/\/ultrasfactory.com\/pt-pt\/wp-json\/wp\/v2\/product"}],"about":[{"href":"https:\/\/ultrasfactory.com\/pt-pt\/wp-json\/wp\/v2\/types\/product"}],"replies":[{"embeddable":true,"href":"https:\/\/ultrasfactory.com\/pt-pt\/wp-json\/wp\/v2\/comments?post=65148"}],"wp:featuredmedia":[{"embeddable":true,"href":"https:\/\/ultrasfactory.com\/pt-pt\/wp-json\/wp\/v2\/media\/65149"}],"wp:attachment":[{"href":"https:\/\/ultrasfactory.com\/pt-pt\/wp-json\/wp\/v2\/media?parent=65148"}],"wp:term":[{"taxonomy":"product_brand","embeddable":true,"href":"https:\/\/ultrasfactory.com\/pt-pt\/wp-json\/wp\/v2\/product_brand?post=65148"},{"taxonomy":"product_cat","embeddable":true,"href":"https:\/\/ultrasfactory.com\/pt-pt\/wp-json\/wp\/v2\/product_cat?post=65148"},{"taxonomy":"product_tag","embeddable":true,"href":"https:\/\/ultrasfactory.com\/pt-pt\/wp-json\/wp\/v2\/product_tag?post=65148"}],"curies":[{"name":"wp","href":"https:\/\/api.w.org\/{rel}","templated":true}]}}