{"id":65154,"date":"2024-01-11T10:31:44","date_gmt":"2024-01-11T10:31:44","guid":{"rendered":"https:\/\/ultrasfactory.com\/product\/blitz-rums-ic18-50-1\/"},"modified":"2025-10-31T12:43:00","modified_gmt":"2025-10-31T11:43:00","slug":"blitz-rums-ic18-50-1","status":"publish","type":"product","link":"https:\/\/ultrasfactory.com\/pt-pt\/product\/blitz-rums-ic18-50-1\/","title":{"rendered":"Blitz Rums IC18-50-1"},"content":{"rendered":"<p><iframe loading=\"lazy\" title=\"Reprodutor de v\u00eddeo do YouTube\" src=\"https:\/\/www.youtube.com\/embed\/BdDav7-Lzj4\" width=\"300\" height=\"215\" frameborder=\"0\" allowfullscreen=\"allowfullscreen\"><span data-mce-type=\"bookmark\" style=\"display: inline-block; width: 0px; overflow: hidden; line-height: 0;\" class=\"mce_SELRES_start\"><\/span><\/iframe><\/p>\n","protected":false},"excerpt":{"rendered":"<ul>\n<li><strong>50 tiros<\/strong><\/li>\n<li><strong>18 mm<\/strong><\/li>\n<li><strong>F2<\/strong><\/li>\n<li><strong>50 tiros de vermelho, verde, amarelo, roxo e azul Caudas para sauda\u00e7\u00e3o de tit\u00e2nio<\/strong><\/li>\n<\/ul>\n","protected":false},"featured_media":0,"comment_status":"open","ping_status":"closed","template":"","meta":{"_acf_changed":false},"product_brand":[],"product_cat":[477,495],"product_tag":[560,601,648],"class_list":{"0":"post-65154","1":"product","2":"type-product","3":"status-publish","5":"product_cat-baterias","6":"product_cat-promocao","7":"product_tag-bateria","8":"product_tag-fogos-de-artificio-2","9":"product_tag-pyro","10":"pa_brandx-iskra-line","12":"first","13":"outofstock","14":"sale","15":"taxable","16":"shipping-taxable","17":"purchasable","18":"product-type-simple"},"acf":[],"_links":{"self":[{"href":"https:\/\/ultrasfactory.com\/pt-pt\/wp-json\/wp\/v2\/product\/65154","targetHints":{"allow":["GET"]}}],"collection":[{"href":"https:\/\/ultrasfactory.com\/pt-pt\/wp-json\/wp\/v2\/product"}],"about":[{"href":"https:\/\/ultrasfactory.com\/pt-pt\/wp-json\/wp\/v2\/types\/product"}],"replies":[{"embeddable":true,"href":"https:\/\/ultrasfactory.com\/pt-pt\/wp-json\/wp\/v2\/comments?post=65154"}],"wp:attachment":[{"href":"https:\/\/ultrasfactory.com\/pt-pt\/wp-json\/wp\/v2\/media?parent=65154"}],"wp:term":[{"taxonomy":"product_brand","embeddable":true,"href":"https:\/\/ultrasfactory.com\/pt-pt\/wp-json\/wp\/v2\/product_brand?post=65154"},{"taxonomy":"product_cat","embeddable":true,"href":"https:\/\/ultrasfactory.com\/pt-pt\/wp-json\/wp\/v2\/product_cat?post=65154"},{"taxonomy":"product_tag","embeddable":true,"href":"https:\/\/ultrasfactory.com\/pt-pt\/wp-json\/wp\/v2\/product_tag?post=65154"}],"curies":[{"name":"wp","href":"https:\/\/api.w.org\/{rel}","templated":true}]}}