{"id":65214,"date":"2024-01-11T10:28:56","date_gmt":"2024-01-11T10:28:56","guid":{"rendered":"https:\/\/ultrasfactory.com\/product\/rdg2\/"},"modified":"2025-10-31T12:43:16","modified_gmt":"2025-10-31T11:43:16","slug":"rdg2","status":"publish","type":"product","link":"https:\/\/ultrasfactory.com\/pt-pt\/product\/rdg2\/","title":{"rendered":"RDG2"},"content":{"rendered":"<ul>\n<li>\n<\/li>\n<\/ul>\n<p><iframe loading=\"lazy\" src=\"https:\/\/www.youtube.com\/embed\/WSu2NNDRk7U\" width=\"300\" height=\"215\" frameborder=\"0\" allowfullscreen=\"allowfullscreen\"><\/iframe><\/p>\n","protected":false},"excerpt":{"rendered":"<ul>\n<li><strong>Fumo de ambos os lados  <\/strong><\/li>\n<li><strong>Bomba de fumo potente perfeita para est\u00e1dios e sess\u00f5es fotogr\u00e1ficas<\/strong><\/li>\n<li><strong>pesa 0,160 kg<\/strong><\/li>\n<li><strong>NEC: 90g<\/strong><\/li>\n<li><strong>Categoria: P1  <\/strong><\/li>\n<\/ul>\n<p>&nbsp;<\/p>\n","protected":false},"featured_media":65221,"comment_status":"open","ping_status":"closed","template":"","meta":{"_acf_changed":false},"product_brand":[],"product_cat":[497],"product_tag":[517,668,536],"class_list":{"0":"post-65214","1":"product","2":"type-product","3":"status-publish","4":"has-post-thumbnail","6":"product_cat-bomba-de-fumo","7":"product_tag-ark-o","8":"product_tag-bomba-de-fumo","9":"product_tag-rdg2","11":"first","12":"instock","13":"taxable","14":"shipping-taxable","15":"purchasable","16":"product-type-variable"},"acf":[],"_links":{"self":[{"href":"https:\/\/ultrasfactory.com\/pt-pt\/wp-json\/wp\/v2\/product\/65214","targetHints":{"allow":["GET"]}}],"collection":[{"href":"https:\/\/ultrasfactory.com\/pt-pt\/wp-json\/wp\/v2\/product"}],"about":[{"href":"https:\/\/ultrasfactory.com\/pt-pt\/wp-json\/wp\/v2\/types\/product"}],"replies":[{"embeddable":true,"href":"https:\/\/ultrasfactory.com\/pt-pt\/wp-json\/wp\/v2\/comments?post=65214"}],"wp:featuredmedia":[{"embeddable":true,"href":"https:\/\/ultrasfactory.com\/pt-pt\/wp-json\/wp\/v2\/media\/65221"}],"wp:attachment":[{"href":"https:\/\/ultrasfactory.com\/pt-pt\/wp-json\/wp\/v2\/media?parent=65214"}],"wp:term":[{"taxonomy":"product_brand","embeddable":true,"href":"https:\/\/ultrasfactory.com\/pt-pt\/wp-json\/wp\/v2\/product_brand?post=65214"},{"taxonomy":"product_cat","embeddable":true,"href":"https:\/\/ultrasfactory.com\/pt-pt\/wp-json\/wp\/v2\/product_cat?post=65214"},{"taxonomy":"product_tag","embeddable":true,"href":"https:\/\/ultrasfactory.com\/pt-pt\/wp-json\/wp\/v2\/product_tag?post=65214"}],"curies":[{"name":"wp","href":"https:\/\/api.w.org\/{rel}","templated":true}]}}